{"id":477,"date":"2017-02-19T15:32:39","date_gmt":"2017-02-19T15:32:39","guid":{"rendered":"http:\/\/pood.desolbeauty.ee\/?post_type=product&#038;p=477"},"modified":"2025-12-18T16:33:19","modified_gmt":"2025-12-18T14:33:19","slug":"luxury-dadi-kreem","status":"publish","type":"product","link":"https:\/\/shop.bestudio.ee\/lv\/products\/luxury-dadi-kreem\/","title":{"rendered":"Luksusa DADI losjons, 916 ML"},"content":{"rendered":"<p>Izm\u0113rs:<\/p>\n<p>916 ml<\/p>\n<p>&nbsp;<\/p>","protected":false},"excerpt":{"rendered":"<p>UZMANIES NO PROFESION\u0100L\u0100M CEN\u0100M \u2013 L\u016aDZU, PIESAKIES!<\/p>\n<p>Kr\u0113ms, kas sast\u0101v no organisk\u0101m viel\u0101m, ir paredz\u0113ts visam \u0137ermenim.<\/p>\n<p>\u0100tri ies\u016bcas un neatst\u0101jot taukainas p\u0113das. Gala rezult\u0101ts padara \u0101du maigu, mitrin\u0101tu un sp\u012bd\u012bgu.<\/p>\n<p>Kr\u0113ms satur avokado un jojobas ekstraktu, ol\u012bve\u013c\u013cu un dabisko E vitam\u012bnu.<\/p>","protected":false},"featured_media":478,"template":"","meta":[],"product_brand":[],"product_cat":[52,56,234,236,244,246],"product_tag":[183,184,185,101],"class_list":{"0":"post-477","1":"product","2":"type-product","3":"status-publish","4":"has-post-thumbnail","6":"product_cat-famous-names","7":"product_cat-dadi-lotion","8":"product_cat-homecare-products","9":"product_cat-lotion-cream","10":"product_cat-pedicure","11":"product_cat-homecare-products-pedicure","12":"product_tag-cream","13":"product_tag-kreem","14":"product_tag-losjoon","15":"product_tag-lotion","17":"first","18":"instock","19":"taxable","20":"shipping-taxable","21":"purchasable","22":"product-type-simple"},"jetpack_sharing_enabled":true,"_links":{"self":[{"href":"https:\/\/shop.bestudio.ee\/lv\/wp-json\/wp\/v2\/product\/477","targetHints":{"allow":["GET"]}}],"collection":[{"href":"https:\/\/shop.bestudio.ee\/lv\/wp-json\/wp\/v2\/product"}],"about":[{"href":"https:\/\/shop.bestudio.ee\/lv\/wp-json\/wp\/v2\/types\/product"}],"wp:featuredmedia":[{"embeddable":true,"href":"https:\/\/shop.bestudio.ee\/lv\/wp-json\/wp\/v2\/media\/478"}],"wp:attachment":[{"href":"https:\/\/shop.bestudio.ee\/lv\/wp-json\/wp\/v2\/media?parent=477"}],"wp:term":[{"taxonomy":"product_brand","embeddable":true,"href":"https:\/\/shop.bestudio.ee\/lv\/wp-json\/wp\/v2\/product_brand?post=477"},{"taxonomy":"product_cat","embeddable":true,"href":"https:\/\/shop.bestudio.ee\/lv\/wp-json\/wp\/v2\/product_cat?post=477"},{"taxonomy":"product_tag","embeddable":true,"href":"https:\/\/shop.bestudio.ee\/lv\/wp-json\/wp\/v2\/product_tag?post=477"}],"curies":[{"name":"wp","href":"https:\/\/api.w.org\/{rel}","templated":true}]}}