{"id":4855,"date":"2019-11-08T13:49:41","date_gmt":"2019-11-08T13:49:41","guid":{"rendered":"https:\/\/pood.desolbeauty.ee\/?post_type=product&#038;p=4855"},"modified":"2025-12-01T00:32:10","modified_gmt":"2025-11-30T22:32:10","slug":"dadi-lip-balm-huulepalsam","status":"publish","type":"product","link":"https:\/\/shop.bestudio.ee\/lv\/products\/dadi-lip-balm-huulepalsam\/","title":{"rendered":"DADI l\u016bpu balzams"},"content":{"rendered":"<p>3,75 g<\/p>","protected":false},"excerpt":{"rendered":"<p>UZMAN\u012aGI NO PROFESION\u0100L\u0100S CENAS \u2013 L\u016aDZU, PIESAKIES!<\/p>\n<p>Dadi l\u016bpu balzams ir piln\u012bgi dabisks, ilgnotur\u012bgs l\u016bpu balz\u0101ms.<\/p>\n<p>Tas uzreiz nomierina un mitrina sausas, saspr\u0113g\u0101ju\u0161as l\u016bpas.<\/p>\n<p>Dadi l\u016bpu balzama sast\u0101vs: bi\u0161u vasks, kokosriekstu e\u013c\u013ca, kakao sviests un Dadi e\u013c\u013cas e\u013c\u013cas.<\/p>\n<p>Nesatur parab\u0113nus vai naftu.<\/p>","protected":false},"featured_media":4856,"template":"","meta":[],"product_brand":[],"product_cat":[52,85,234,240],"product_tag":[181,182],"class_list":{"0":"post-4855","1":"product","2":"type-product","3":"status-publish","4":"has-post-thumbnail","6":"product_cat-famous-names","7":"product_cat-dadi-lip-balm","8":"product_cat-homecare-products","9":"product_cat-lip-balm","10":"product_tag-huulepalsam","11":"product_tag-lip-balm","13":"first","14":"instock","15":"taxable","16":"shipping-taxable","17":"purchasable","18":"product-type-simple"},"jetpack_sharing_enabled":true,"_links":{"self":[{"href":"https:\/\/shop.bestudio.ee\/lv\/wp-json\/wp\/v2\/product\/4855","targetHints":{"allow":["GET"]}}],"collection":[{"href":"https:\/\/shop.bestudio.ee\/lv\/wp-json\/wp\/v2\/product"}],"about":[{"href":"https:\/\/shop.bestudio.ee\/lv\/wp-json\/wp\/v2\/types\/product"}],"wp:featuredmedia":[{"embeddable":true,"href":"https:\/\/shop.bestudio.ee\/lv\/wp-json\/wp\/v2\/media\/4856"}],"wp:attachment":[{"href":"https:\/\/shop.bestudio.ee\/lv\/wp-json\/wp\/v2\/media?parent=4855"}],"wp:term":[{"taxonomy":"product_brand","embeddable":true,"href":"https:\/\/shop.bestudio.ee\/lv\/wp-json\/wp\/v2\/product_brand?post=4855"},{"taxonomy":"product_cat","embeddable":true,"href":"https:\/\/shop.bestudio.ee\/lv\/wp-json\/wp\/v2\/product_cat?post=4855"},{"taxonomy":"product_tag","embeddable":true,"href":"https:\/\/shop.bestudio.ee\/lv\/wp-json\/wp\/v2\/product_tag?post=4855"}],"curies":[{"name":"wp","href":"https:\/\/api.w.org\/{rel}","templated":true}]}}