{"id":738,"date":"2018-09-11T00:40:29","date_gmt":"2018-09-10T21:40:29","guid":{"rendered":"http:\/\/pood.desolbeauty.ee\/?post_type=product&#038;p=738"},"modified":"2025-12-30T21:25:24","modified_gmt":"2025-12-30T19:25:24","slug":"dadi-koorija","status":"publish","type":"product","link":"https:\/\/shop.bestudio.ee\/lv\/products\/dadi-koorija\/","title":{"rendered":"DADI skrubis, 311g"},"content":{"rendered":"<p>K\u0101 izmantot:<\/p>\n<p>Uzkl\u0101jiet Dadi&#039;koor uz mitr\u0101m roku, p\u0113du vai \u0137erme\u0146a viet\u0101m.<br \/>\nIemas\u0113. P\u0113c p\u012blinga noskalo ar siltu \u016bdeni. Pabeidziet ar Dadi e\u013c\u013cu vai Dadi losjonu.<\/p>\n<p>Dadi&#039; Scrub nesatur sulf\u0101tus, parab\u0113nus vai m\u0101ksl\u012bg\u0101s kr\u0101svielas.<\/p>\n<p>Izm\u0113ri:<\/p>\n<p>311\u00a0g<\/p>","protected":false},"excerpt":{"rendered":"<p>UZMANIES NO PROFESION\u0100L\u0100M CEN\u0100M \u2013 L\u016aDZU, PIESAKIES!<\/p>\n<p>Pieejams un grezns p\u012blings un kondicion\u0113jo\u0161s roku, k\u0101ju un \u0137erme\u0146a mazg\u0101\u0161anas l\u012bdzeklis ar t\u0101du pa\u0161u arom\u0101tu k\u0101 godalgot\u0101 Dadi e\u013c\u013ca.<\/p>\n<p>Ko tas dara?<\/p>\n<p>Mitrina, noloba un kondicion\u0113, padarot rokas, k\u0101jas un \u0101du maigu, mitrin\u0101tu un atjaunotu.<\/p>\n<p>Lieto\u0161ana:<\/p>\n<p>Izmantot k\u0101 pirmsmanik\u012bru\/pedik\u012bru, salon\u0101 vai mas\u0101\u017eai. Tas ir piem\u0113rots ar\u012b apskatei m\u0101j\u0101s, lai uzlabotu st\u0101vokli.<\/p>\n<p>100% organiskais sast\u0101vs:<\/p>\n<p>S\u0101ls Cukurs<\/p>\n<p>Kokosriekstu e\u013c\u013ca<\/p>\n<p>Dadi e\u013c\u013cas e\u013c\u013cas<\/p>","protected":false},"featured_media":10497,"template":"","meta":[],"product_brand":[],"product_cat":[52,63,234,237,244,246,245],"product_tag":[208,209,207,206],"class_list":{"0":"post-738","1":"product","2":"type-product","3":"status-publish","4":"has-post-thumbnail","6":"product_cat-famous-names","7":"product_cat-dadi-scrub","8":"product_cat-homecare-products","9":"product_cat-scrub","10":"product_cat-pedicure","11":"product_cat-homecare-products-pedicure","12":"product_cat-professional-products","13":"product_tag-koorimine","14":"product_tag-orgaaniline","15":"product_tag-organic","16":"product_tag-scrub","18":"first","19":"outofstock","20":"sold-individually","21":"taxable","22":"shipping-taxable","23":"purchasable","24":"product-type-simple"},"jetpack_sharing_enabled":true,"_links":{"self":[{"href":"https:\/\/shop.bestudio.ee\/lv\/wp-json\/wp\/v2\/product\/738","targetHints":{"allow":["GET"]}}],"collection":[{"href":"https:\/\/shop.bestudio.ee\/lv\/wp-json\/wp\/v2\/product"}],"about":[{"href":"https:\/\/shop.bestudio.ee\/lv\/wp-json\/wp\/v2\/types\/product"}],"wp:featuredmedia":[{"embeddable":true,"href":"https:\/\/shop.bestudio.ee\/lv\/wp-json\/wp\/v2\/media\/10497"}],"wp:attachment":[{"href":"https:\/\/shop.bestudio.ee\/lv\/wp-json\/wp\/v2\/media?parent=738"}],"wp:term":[{"taxonomy":"product_brand","embeddable":true,"href":"https:\/\/shop.bestudio.ee\/lv\/wp-json\/wp\/v2\/product_brand?post=738"},{"taxonomy":"product_cat","embeddable":true,"href":"https:\/\/shop.bestudio.ee\/lv\/wp-json\/wp\/v2\/product_cat?post=738"},{"taxonomy":"product_tag","embeddable":true,"href":"https:\/\/shop.bestudio.ee\/lv\/wp-json\/wp\/v2\/product_tag?post=738"}],"curies":[{"name":"wp","href":"https:\/\/api.w.org\/{rel}","templated":true}]}}