{"id":8430,"date":"2021-09-23T14:58:13","date_gmt":"2021-09-23T11:58:13","guid":{"rendered":"https:\/\/pood.desolbeauty.ee\/?post_type=product&#038;p=8430"},"modified":"2025-01-06T11:19:44","modified_gmt":"2025-01-06T09:19:44","slug":"dadi-koorija-gold","status":"publish","type":"product","link":"https:\/\/shop.bestudio.ee\/lv\/products\/dadi-koorija-gold\/","title":{"rendered":"DADI skrubis Gold, 454g"},"content":{"rendered":"<p>454 g<\/p>","protected":false},"excerpt":{"rendered":"<p>UZMAN\u012aGI NO PROFESION\u0100L\u0100M CEN\u0100M \u2013 L\u016aDZU, PIESAKIES!<\/p>\n<p>M\u016bsu godalgotais Dadi Scrub ir pacelts uz n\u0101kamo l\u012bmeni ar AU Complex! Izbaudiet divus beze\u013c\u013cas p\u012blinga un mitrin\u0101\u0161anas vi\u013c\u0146us.<\/p>\n<p>Galven\u0101s sast\u0101vda\u013cas:<br \/>\n\u2022 AU komplekss: m\u016bsu sp\u0113ka sast\u0101vda\u013ca ide\u0101lam pedik\u012bram. Alanto\u012bna un ur\u012bnvielas kombin\u0101cija. Lai ieg\u016btu papildinform\u0101ciju, skatiet AU Drench<br \/>\n\u2022 S\u0101ls, cukurs un pumeks ir ide\u0101li piem\u0113roti maigam \u0101das p\u012blingam<br \/>\n\u2022 Pamatojoties uz m\u016bsu godalgoto Dadi &#039;Oil&#039; ar t\u0101du pa\u0161u br\u012bni\u0161\u0137\u012bgu arom\u0101tu<br \/>\n\u2022 M\u0101jas apr\u016bpes mazumtirdzniec\u012bbas iesp\u0113ja!<\/p>\n<p>\u2666 Caurule ir izgatavota no biolo\u0123iski no\u0101rd\u0101m\u0101m cukurniedr\u0113m<\/p>","protected":false},"featured_media":8431,"template":"","meta":[],"product_brand":[],"product_cat":[52,94,234,237,244,246,245],"product_tag":[208,209,207,206],"class_list":{"0":"post-8430","1":"product","2":"type-product","3":"status-publish","4":"has-post-thumbnail","6":"product_cat-famous-names","7":"product_cat-releaf","8":"product_cat-homecare-products","9":"product_cat-scrub","10":"product_cat-pedicure","11":"product_cat-homecare-products-pedicure","12":"product_cat-professional-products","13":"product_tag-koorimine","14":"product_tag-orgaaniline","15":"product_tag-organic","16":"product_tag-scrub","18":"first","19":"outofstock","20":"sale","21":"taxable","22":"shipping-taxable","23":"purchasable","24":"product-type-simple"},"jetpack_sharing_enabled":true,"_links":{"self":[{"href":"https:\/\/shop.bestudio.ee\/lv\/wp-json\/wp\/v2\/product\/8430","targetHints":{"allow":["GET"]}}],"collection":[{"href":"https:\/\/shop.bestudio.ee\/lv\/wp-json\/wp\/v2\/product"}],"about":[{"href":"https:\/\/shop.bestudio.ee\/lv\/wp-json\/wp\/v2\/types\/product"}],"wp:featuredmedia":[{"embeddable":true,"href":"https:\/\/shop.bestudio.ee\/lv\/wp-json\/wp\/v2\/media\/8431"}],"wp:attachment":[{"href":"https:\/\/shop.bestudio.ee\/lv\/wp-json\/wp\/v2\/media?parent=8430"}],"wp:term":[{"taxonomy":"product_brand","embeddable":true,"href":"https:\/\/shop.bestudio.ee\/lv\/wp-json\/wp\/v2\/product_brand?post=8430"},{"taxonomy":"product_cat","embeddable":true,"href":"https:\/\/shop.bestudio.ee\/lv\/wp-json\/wp\/v2\/product_cat?post=8430"},{"taxonomy":"product_tag","embeddable":true,"href":"https:\/\/shop.bestudio.ee\/lv\/wp-json\/wp\/v2\/product_tag?post=8430"}],"curies":[{"name":"wp","href":"https:\/\/api.w.org\/{rel}","templated":true}]}}