{"id":8457,"date":"2021-12-05T17:55:20","date_gmt":"2021-12-05T17:55:20","guid":{"rendered":"https:\/\/pood.desolbeauty.ee\/?post_type=product&#038;p=8457"},"modified":"2024-12-02T00:01:46","modified_gmt":"2024-12-01T22:01:46","slug":"au-drench-91g","status":"publish","type":"product","link":"https:\/\/shop.bestudio.ee\/lv\/products\/au-drench-91g\/","title":{"rendered":"AU Drench, 91g"},"content":{"rendered":"<p>91 g,<\/p>\n<p>Sast\u0101vda\u013cas: alanto\u012bns<\/p>\n<p>\u2022 \u0100das aizsardz\u012bba: izmantota kop\u0161 seniem laikiem, lai nomierin\u0101tu, mazin\u0101tu kairin\u0101jumu un uzlabotu dz\u012b\u0161anu<\/p>\n<p>\u2022 Veicina \u0161\u016bnu atjauno\u0161anos<\/p>\n<p>\u2022 Super mitrin\u0101t\u0101js \u0101dai<\/p>\n<p>\u2022 Nomierina \u0101du un pretiekaisuma Ur\u012bnviela<\/p>\n<p>\u2022 Mitruma magn\u0113ts \u0101dai<\/p>\n<p>\u2022 Ievelk \u016bdeni epiderm\u0101 un notur to tur<\/p>\n<p>\u2022 Pretmikrobu \u012bpa\u0161\u012bbas<\/p>\n<p>\u2022 Veicina \u0101das dz\u012b\u0161anu un piem\u012bt pretiekaisuma \u012bpa\u0161\u012bbas<\/p>","protected":false},"excerpt":{"rendered":"<p>UZMAN\u012aGI NO PROFESION\u0100L\u0100M CEN\u0100M \u2013 L\u016aDZU, PIESAKIES!<\/p>\n<p>M\u0113s nododam alanto\u012bna un ur\u012bnvielas sp\u0113ku J\u016aSU rok\u0101s. J\u016bs izlemjat savam klientam pareizo procentu\u0101lo da\u013cu. Apskatiet sast\u0101vda\u013cas\u2026 Alanto\u012bns un ur\u012bnviela. Dren\u010d\u0101 nav \u201cpildvielu\u201d! Izgatavots no 100% AU kompleksa\u2026 \u201cM\u016bsu jaud\u012bg\u0101 sast\u0101vda\u013ca t\u012bram \u0101das mitrumam\u201d<\/p>\n<p>Lai ieg\u016btu uzlabotu pieredzi, k\u0101ju vann\u0101 izmantojiet vienu t\u0113jkaroti AU Drench ar SOAK-A-LYPYUS\u2122.<\/p>","protected":false},"featured_media":8458,"template":"","meta":[],"product_brand":[],"product_cat":[52,94,244,245],"product_tag":[],"class_list":{"0":"post-8457","1":"product","2":"type-product","3":"status-publish","4":"has-post-thumbnail","6":"product_cat-famous-names","7":"product_cat-releaf","8":"product_cat-pedicure","9":"product_cat-professional-products","11":"first","12":"instock","13":"taxable","14":"shipping-taxable","15":"purchasable","16":"product-type-simple"},"jetpack_sharing_enabled":true,"_links":{"self":[{"href":"https:\/\/shop.bestudio.ee\/lv\/wp-json\/wp\/v2\/product\/8457","targetHints":{"allow":["GET"]}}],"collection":[{"href":"https:\/\/shop.bestudio.ee\/lv\/wp-json\/wp\/v2\/product"}],"about":[{"href":"https:\/\/shop.bestudio.ee\/lv\/wp-json\/wp\/v2\/types\/product"}],"wp:featuredmedia":[{"embeddable":true,"href":"https:\/\/shop.bestudio.ee\/lv\/wp-json\/wp\/v2\/media\/8458"}],"wp:attachment":[{"href":"https:\/\/shop.bestudio.ee\/lv\/wp-json\/wp\/v2\/media?parent=8457"}],"wp:term":[{"taxonomy":"product_brand","embeddable":true,"href":"https:\/\/shop.bestudio.ee\/lv\/wp-json\/wp\/v2\/product_brand?post=8457"},{"taxonomy":"product_cat","embeddable":true,"href":"https:\/\/shop.bestudio.ee\/lv\/wp-json\/wp\/v2\/product_cat?post=8457"},{"taxonomy":"product_tag","embeddable":true,"href":"https:\/\/shop.bestudio.ee\/lv\/wp-json\/wp\/v2\/product_tag?post=8457"}],"curies":[{"name":"wp","href":"https:\/\/api.w.org\/{rel}","templated":true}]}}