{"id":8459,"date":"2021-12-05T17:59:54","date_gmt":"2021-12-05T17:59:54","guid":{"rendered":"https:\/\/pood.desolbeauty.ee\/?post_type=product&#038;p=8459"},"modified":"2024-07-04T07:12:18","modified_gmt":"2024-07-04T07:12:18","slug":"dadi-kreem-gold-130g","status":"publish","type":"product","link":"https:\/\/shop.bestudio.ee\/lv\/products\/dadi-kreem-gold-130g\/","title":{"rendered":"DADI kr\u0113ms Gold, 145ml"},"content":{"rendered":"<p>130 g,<\/p>\n<p>Galven\u0101s sast\u0101vda\u013cas:<br \/>\n\u2022 AU Complex: m\u016bsu sp\u0113c\u012bg\u0101s sast\u0101vda\u013cas perfektam pedik\u012bram. Alanto\u012bna un ur\u012bnvielas kombin\u0101cija. Lai ieg\u016btu papildinform\u0101ciju, skatiet AU Drench<br \/>\n\u2022 Mitrino\u0161\u0101 formula paaugstina mitruma l\u012bmeni \u0101d\u0101<br \/>\n\u2022 Pamatojoties uz m\u016bsu godalgoto Dadi e\u013c\u013cu ar t\u0101du pa\u0161u br\u012bni\u0161\u0137\u012bgu arom\u0101tu<\/p>","protected":false},"excerpt":{"rendered":"<p>UZMAN\u012aGI NO PROFESION\u0100L\u0100M CEN\u0100M \u2013 L\u016aDZU, PIESAKIES!<\/p>\n<p>M\u016bsu godalgotais Luxury Dadi losjons ar AU kompleksu\u2026 \u0100tri ies\u016bcas, netaukojo\u0161s l\u012bdzeklis p\u0113d\u0101m, rok\u0101m un sejai!<\/p>\n<p>\u2666 Caurule ir izgatavota no biolo\u0123iski no\u0101rd\u0101m\u0101m cukurniedr\u0113m<\/p>","protected":false},"featured_media":8460,"template":"","meta":[],"product_brand":[],"product_cat":[52,94,234,236,244,246],"product_tag":[183,184,185,101],"class_list":{"0":"post-8459","1":"product","2":"type-product","3":"status-publish","4":"has-post-thumbnail","6":"product_cat-famous-names","7":"product_cat-releaf","8":"product_cat-homecare-products","9":"product_cat-lotion-cream","10":"product_cat-pedicure","11":"product_cat-homecare-products-pedicure","12":"product_tag-cream","13":"product_tag-kreem","14":"product_tag-losjoon","15":"product_tag-lotion","17":"first","18":"outofstock","19":"sale","20":"taxable","21":"shipping-taxable","22":"purchasable","23":"product-type-simple"},"jetpack_sharing_enabled":true,"_links":{"self":[{"href":"https:\/\/shop.bestudio.ee\/lv\/wp-json\/wp\/v2\/product\/8459","targetHints":{"allow":["GET"]}}],"collection":[{"href":"https:\/\/shop.bestudio.ee\/lv\/wp-json\/wp\/v2\/product"}],"about":[{"href":"https:\/\/shop.bestudio.ee\/lv\/wp-json\/wp\/v2\/types\/product"}],"wp:featuredmedia":[{"embeddable":true,"href":"https:\/\/shop.bestudio.ee\/lv\/wp-json\/wp\/v2\/media\/8460"}],"wp:attachment":[{"href":"https:\/\/shop.bestudio.ee\/lv\/wp-json\/wp\/v2\/media?parent=8459"}],"wp:term":[{"taxonomy":"product_brand","embeddable":true,"href":"https:\/\/shop.bestudio.ee\/lv\/wp-json\/wp\/v2\/product_brand?post=8459"},{"taxonomy":"product_cat","embeddable":true,"href":"https:\/\/shop.bestudio.ee\/lv\/wp-json\/wp\/v2\/product_cat?post=8459"},{"taxonomy":"product_tag","embeddable":true,"href":"https:\/\/shop.bestudio.ee\/lv\/wp-json\/wp\/v2\/product_tag?post=8459"}],"curies":[{"name":"wp","href":"https:\/\/api.w.org\/{rel}","templated":true}]}}