{"id":8461,"date":"2021-12-05T18:02:24","date_gmt":"2021-12-05T18:02:24","guid":{"rendered":"https:\/\/pood.desolbeauty.ee\/?post_type=product&#038;p=8461"},"modified":"2024-12-02T00:01:46","modified_gmt":"2024-12-01T22:01:46","slug":"cuti-cal-124ml","status":"publish","type":"product","link":"https:\/\/shop.bestudio.ee\/lv\/products\/cuti-cal-124ml\/","title":{"rendered":"Cuti-cal, 124ml"},"content":{"rendered":"<p>124 ml,<\/p>\n<p>Galven\u0101s sast\u0101vda\u013cas:<br \/>\n\u2022 AU Complex: m\u016bsu sp\u0113c\u012bg\u0101 sast\u0101vda\u013ca ide\u0101lam pedik\u012bram. Alanto\u012bna un ur\u012bnvielas kombin\u0101cija. Papildinform\u0101ciju skatiet AU kompleks\u0101<br \/>\n\u2022 \u0100du aizsarg\u0101jo\u0161as vielas, kas piesaista un saglab\u0101 mitrumu \u0101d\u0101<br \/>\n\u2022 Nodro\u0161ina aizsardz\u012bbu pret kairin\u0101t\u0101jiem un iekaisumiem<br \/>\n\u2022 Br\u012bni\u0161\u0137\u012bga spa l\u012bdz\u012bga smar\u017ea<\/p>","protected":false},"excerpt":{"rendered":"<p>UZMAN\u012aGI NO PROFESION\u0100L\u0100M CEN\u0100M \u2013 L\u016aDZU, PIESAKIES!<\/p>\n<p>Univers\u0101ls bezskalojo\u0161s kallus un kutikulas no\u0146em\u0161anas l\u012bdzeklis. Iedarbojas \u0101tri un efekt\u012bvi, lai nolob\u012btu atmiru\u0161\u0101s \u0101das \u0161\u016bnas. Ide\u0101li piem\u0113rots ar\u012b manik\u012bram!<\/p>","protected":false},"featured_media":8462,"template":"","meta":[],"product_brand":[],"product_cat":[52,94,227,244,245],"product_tag":[189,188],"class_list":{"0":"post-8461","1":"product","2":"type-product","3":"status-publish","4":"has-post-thumbnail","6":"product_cat-famous-names","7":"product_cat-releaf","8":"product_cat-liquids-and-prep","9":"product_cat-pedicure","10":"product_cat-professional-products","11":"product_tag-cuticle-remover","12":"product_tag-kuunenaha-eemaldaja","14":"first","15":"instock","16":"taxable","17":"shipping-taxable","18":"purchasable","19":"product-type-simple"},"jetpack_sharing_enabled":true,"_links":{"self":[{"href":"https:\/\/shop.bestudio.ee\/lv\/wp-json\/wp\/v2\/product\/8461","targetHints":{"allow":["GET"]}}],"collection":[{"href":"https:\/\/shop.bestudio.ee\/lv\/wp-json\/wp\/v2\/product"}],"about":[{"href":"https:\/\/shop.bestudio.ee\/lv\/wp-json\/wp\/v2\/types\/product"}],"wp:featuredmedia":[{"embeddable":true,"href":"https:\/\/shop.bestudio.ee\/lv\/wp-json\/wp\/v2\/media\/8462"}],"wp:attachment":[{"href":"https:\/\/shop.bestudio.ee\/lv\/wp-json\/wp\/v2\/media?parent=8461"}],"wp:term":[{"taxonomy":"product_brand","embeddable":true,"href":"https:\/\/shop.bestudio.ee\/lv\/wp-json\/wp\/v2\/product_brand?post=8461"},{"taxonomy":"product_cat","embeddable":true,"href":"https:\/\/shop.bestudio.ee\/lv\/wp-json\/wp\/v2\/product_cat?post=8461"},{"taxonomy":"product_tag","embeddable":true,"href":"https:\/\/shop.bestudio.ee\/lv\/wp-json\/wp\/v2\/product_tag?post=8461"}],"curies":[{"name":"wp","href":"https:\/\/api.w.org\/{rel}","templated":true}]}}