{"id":8463,"date":"2021-12-05T18:05:12","date_gmt":"2021-12-05T18:05:12","guid":{"rendered":"https:\/\/pood.desolbeauty.ee\/?post_type=product&#038;p=8463"},"modified":"2024-12-02T00:01:46","modified_gmt":"2024-12-01T22:01:46","slug":"finish-124ml","status":"publish","type":"product","link":"https:\/\/shop.bestudio.ee\/lv\/products\/finish-124ml\/","title":{"rendered":"Apdare, 124 ml"},"content":{"rendered":"<p>124 ml,<\/p>\n<p>Galven\u0101s sast\u0101vda\u013cas:<br \/>\n\u2022 AU Complex: m\u016bsu sp\u0113c\u012bg\u0101s sast\u0101vda\u013cas perfektam pedik\u012bram. Alanto\u012bna un ur\u012bnvielas kombin\u0101cija. Papildinform\u0101ciju skatiet AU kompleks\u0101<br \/>\n\u2022 \u0100du aizsarg\u0101jo\u0161as vielas, kas piesaista un saglab\u0101 mitrumu \u0101d\u0101<br \/>\n\u2022 Nodro\u0161ina aizsardz\u012bbu pret kairin\u0101t\u0101jiem un iekaisumiem<br \/>\n\u2022 Atv\u0113sina un atsvaidzina \u0101du\u2026 lieliski p\u0113c treni\u0146a!<\/p>","protected":false},"excerpt":{"rendered":"<p>UZMAN\u012aGI NO PROFESION\u0100L\u0100M CEN\u0100M \u2013 L\u016aDZU, PIESAKIES!<\/p>\n<p>Perfekts nosl\u0113dzo\u0161ais piesk\u0101riens perfektam pedik\u012bram\u2026 Stimul\u0113jo\u0161s un atsvaidzino\u0161s pa\u0161\u017e\u016bsto\u0161s aerosols p\u0113d\u0101m, rok\u0101m un sejai.<\/p>","protected":false},"featured_media":8464,"template":"","meta":[],"product_brand":[],"product_cat":[52,94,244,245],"product_tag":[],"class_list":{"0":"post-8463","1":"product","2":"type-product","3":"status-publish","4":"has-post-thumbnail","6":"product_cat-famous-names","7":"product_cat-releaf","8":"product_cat-pedicure","9":"product_cat-professional-products","11":"first","12":"instock","13":"taxable","14":"shipping-taxable","15":"purchasable","16":"product-type-simple"},"jetpack_sharing_enabled":true,"_links":{"self":[{"href":"https:\/\/shop.bestudio.ee\/lv\/wp-json\/wp\/v2\/product\/8463","targetHints":{"allow":["GET"]}}],"collection":[{"href":"https:\/\/shop.bestudio.ee\/lv\/wp-json\/wp\/v2\/product"}],"about":[{"href":"https:\/\/shop.bestudio.ee\/lv\/wp-json\/wp\/v2\/types\/product"}],"wp:featuredmedia":[{"embeddable":true,"href":"https:\/\/shop.bestudio.ee\/lv\/wp-json\/wp\/v2\/media\/8464"}],"wp:attachment":[{"href":"https:\/\/shop.bestudio.ee\/lv\/wp-json\/wp\/v2\/media?parent=8463"}],"wp:term":[{"taxonomy":"product_brand","embeddable":true,"href":"https:\/\/shop.bestudio.ee\/lv\/wp-json\/wp\/v2\/product_brand?post=8463"},{"taxonomy":"product_cat","embeddable":true,"href":"https:\/\/shop.bestudio.ee\/lv\/wp-json\/wp\/v2\/product_cat?post=8463"},{"taxonomy":"product_tag","embeddable":true,"href":"https:\/\/shop.bestudio.ee\/lv\/wp-json\/wp\/v2\/product_tag?post=8463"}],"curies":[{"name":"wp","href":"https:\/\/api.w.org\/{rel}","templated":true}]}}