{"id":8579,"date":"2022-06-01T01:30:47","date_gmt":"2022-06-01T01:30:47","guid":{"rendered":"https:\/\/pood.desolbeauty.ee\/?post_type=product&#038;p=8579"},"modified":"2025-12-01T00:32:10","modified_gmt":"2025-11-30T22:32:10","slug":"balancing-care-gel-tasakaalustav-hooldusgeel","status":"publish","type":"product","link":"https:\/\/shop.bestudio.ee\/lv\/products\/balancing-care-gel-tasakaalustav-hooldusgeel\/","title":{"rendered":"L\u012bdzsvarojo\u0161s kop\u0161anas g\u0113ls"},"content":{"rendered":"<p>50 ml,<\/p>\n<p>Hamamelis regul\u0113 sviedru dziedzerus, atsvaidzina, izn\u012bcina bakt\u0113rijas \u0101das por\u0101s, piem\u012bt izcila antiseptiska, pretiekaisuma un prets\u0113n\u012b\u0161u iedarb\u012bba. Tas nomierina un pal\u012bdz dzied\u0113t plaisas un skr\u0101p\u0113jumus, darbojas k\u0101 sp\u0113c\u012bgs antioksidants.<\/p>\n<p>Esc\u012bns ir akt\u012bv\u0101 sast\u0101vda\u013ca, kas ieg\u016bta no zirgkasta\u0146as s\u0113klu ekstrakta. Mazina piet\u016bkumu un nogurumu, piem\u012bt venotoniska un pretiekaisuma iedarb\u012bba, atjauno kapil\u0101ru caurlaid\u012bbu un mazina angiast\u0113niju.<\/p>\n<p>Melle\u0146u ekstrakts mitrina un nomierina \u0101du, pateicoties t\u0101 vieglajai prets\u0101pju iedarb\u012bbai. Stimul\u0113 \u0161\u016bnu reprodukciju un br\u016b\u010du dz\u012b\u0161anu, dzied\u0113 plaisas un no\u0146em raupjas, sausas \u0101das plankumus. Ruscus ekstrakts ir sp\u0113c\u012bgs prett\u016bsku un piet\u016bkumu mazino\u0161s dabas medikaments, kas stiprina asinsvadus, uzlabo mikrocirkul\u0101ciju, ir vazokonstrikcija un pretiekaisuma iedarb\u012bba, mazina k\u0101ju aps\u0101rtumu un nogurumu.<\/p>\n<p>Mentols pal\u012bdz mazin\u0101t iekaisumu, mazina s\u0101pes un niezi, k\u0101 ar\u012b nomierina \u0101du.<\/p>\n<p>Mentillakt\u0101tam piem\u012bt nomierino\u0161a pretiekaisuma iedarb\u012bba, stimul\u0113 mikrocirkul\u0101ciju, toniz\u0113 \u0101du.<\/p>\n<p>Uzkl\u0101jiet uz t\u012bras, sausas \u0101das, iemas\u0113jiet, l\u012bdz tas piln\u012bb\u0101 uzs\u016bcas.<\/p>","protected":false},"excerpt":{"rendered":"<p>UZMAN\u012aGI NO PROFESION\u0100L\u0100M CEN\u0100M \u2013 L\u016aDZU, PIESAKIES!<\/p>\n<p>L\u012bdzsvarojo\u0161s kop\u0161anas g\u0113ls mitr\u0101m k\u0101j\u0101m satur \u013coti koncentr\u0113tu ekstraktu un bioakt\u012bvo komponentu kompleksu. Nomierina un optimiz\u0113 sviedru dziedzeru darb\u012bbu, piem\u012bt antiseptiska un savelko\u0161a iedarb\u012bba. Pie\u0161\u0137ir p\u0113d\u0101m ilgsto\u0161u svaiguma saj\u016btu, ir atv\u0113sino\u0161s efekts. Tas toniz\u0113, uzlabo mikrocirkul\u0101ciju un vielmai\u0146as procesus, nov\u0113r\u0161ot smaguma saj\u016btu un nogurumu k\u0101j\u0101s, un ir prett\u016bskas efekts. Tas nesatur parab\u0113nus un silikonus.<\/p>","protected":false},"featured_media":8580,"template":"","meta":[],"product_brand":[],"product_cat":[99,97,98,234,236,244,246],"product_tag":[187,186],"class_list":{"0":"post-8579","1":"product","2":"type-product","3":"status-publish","4":"has-post-thumbnail","6":"product_cat-straderm","7":"product_cat-personal-use","8":"product_cat-professional-use","9":"product_cat-homecare-products","10":"product_cat-lotion-cream","11":"product_cat-pedicure","12":"product_cat-homecare-products-pedicure","13":"product_tag-care-gel","14":"product_tag-hooldusgeel","16":"first","17":"instock","18":"taxable","19":"shipping-taxable","20":"purchasable","21":"product-type-simple"},"jetpack_sharing_enabled":true,"_links":{"self":[{"href":"https:\/\/shop.bestudio.ee\/lv\/wp-json\/wp\/v2\/product\/8579","targetHints":{"allow":["GET"]}}],"collection":[{"href":"https:\/\/shop.bestudio.ee\/lv\/wp-json\/wp\/v2\/product"}],"about":[{"href":"https:\/\/shop.bestudio.ee\/lv\/wp-json\/wp\/v2\/types\/product"}],"wp:featuredmedia":[{"embeddable":true,"href":"https:\/\/shop.bestudio.ee\/lv\/wp-json\/wp\/v2\/media\/8580"}],"wp:attachment":[{"href":"https:\/\/shop.bestudio.ee\/lv\/wp-json\/wp\/v2\/media?parent=8579"}],"wp:term":[{"taxonomy":"product_brand","embeddable":true,"href":"https:\/\/shop.bestudio.ee\/lv\/wp-json\/wp\/v2\/product_brand?post=8579"},{"taxonomy":"product_cat","embeddable":true,"href":"https:\/\/shop.bestudio.ee\/lv\/wp-json\/wp\/v2\/product_cat?post=8579"},{"taxonomy":"product_tag","embeddable":true,"href":"https:\/\/shop.bestudio.ee\/lv\/wp-json\/wp\/v2\/product_tag?post=8579"}],"curies":[{"name":"wp","href":"https:\/\/api.w.org\/{rel}","templated":true}]}}