{"id":8584,"date":"2022-06-03T03:50:16","date_gmt":"2022-06-03T00:50:16","guid":{"rendered":"https:\/\/pood.desolbeauty.ee\/?post_type=product&#038;p=8584"},"modified":"2025-12-01T00:32:10","modified_gmt":"2025-11-30T22:32:10","slug":"revitalizing-cream-taaselastav-kreem","status":"publish","type":"product","link":"https:\/\/shop.bestudio.ee\/lv\/products\/revitalizing-cream-taaselastav-kreem\/","title":{"rendered":"Atjaunojo\u0161s kr\u0113ms"},"content":{"rendered":"<p>50 ml,<\/p>\n<p>Jojobas s\u0113klu e\u013c\u013ca mitrina, baro un palielina \u0101das tvirtumu, nov\u0113r\u0161ot pirm\u0101s noveco\u0161an\u0101s paz\u012bmes. Tas pa\u0101trina \u0101du<br \/>\natjauno, uzlabo t\u0101 elast\u012bbu un izgaismo vecuma plankumus.<\/p>\n<p>Niacinam\u012bds veicina kolag\u0113na ra\u017eo\u0161anu, paaugstina \u0101das tonusu, atjauno \u0101das elast\u012bbu, neitraliz\u0113 zv\u012b\u0146o\u0161anos, kairin\u0101jumu un dehidrat\u0101ciju un pal\u0113nina noveco\u0161anos.<\/p>\n<p>Saldo mande\u013cu e\u013c\u013ca m\u012bkstina un mitrina, izl\u012bdzina \u0101das toni un atvieglo \u0101du, mazina sausumu, kairin\u0101jumu un lob\u012b\u0161anos.<\/p>\n<p>Pantenols mitrina un dziedina, normaliz\u0113 \u0161\u016bnu vielmai\u0146u, pa\u0101trina kolag\u0113na ra\u017eo\u0161anu, atjauno vielmai\u0146as procesus, kas saglab\u0101 \u0101das tonusu un jaun\u012bbu.<\/p>\n<p>E vitam\u012bns, antioksidants, iek\u013c\u016bst \u0101das sl\u0101\u0146os un atjauno boj\u0101t\u0101s strukt\u016bras, nostiprinot \u0101das barjerfunkciju un samazinot transepiderm\u0101lo \u016bdens zudumu.<\/p>\n<p>UV filtri nov\u0113r\u0161 pigment\u0101ciju.<\/p>\n<p>&nbsp;<\/p>\n<p>Uzkl\u0101jiet uz t\u012bras, sausas \u0101das, iemas\u0113jiet, l\u012bdz tas piln\u012bb\u0101 uzs\u016bcas.<\/p>","protected":false},"excerpt":{"rendered":"<p>UZMAN\u012aGI NO PROFESION\u0100L\u0100M CEN\u0100M \u2013 L\u016aDZU, PIESAKIES!<\/p>\n<p>Efekt\u012bvi mitrina un baro, stimul\u0113 kolag\u0113na un elast\u012bna ra\u017eo\u0161anu, palielinot \u0101das iztur\u012bbu un elast\u012bbu. Unik\u0101lais antioksidantu, vitam\u012bnu un niacinam\u012bda komplekss nodro\u0161ina maksim\u0101lu uzturu un revitaliz\u0101ciju \u0161\u016bnu l\u012bmen\u012b, aizsarg\u0101 \u0101du no dehidrat\u0101cijas un elast\u012bbas zuduma, atst\u0101jot \u0101du br\u012bvu no lip\u012bguma un taukaina sp\u012bduma. UV filtru komplekss pal\u012bdz nov\u0113rst pigment\u0101ciju un \u0101das fotonoveco\u0161anos. Tas nesatur parab\u0113nus un silikonus.<\/p>","protected":false},"featured_media":8585,"template":"","meta":[],"product_brand":[],"product_cat":[99,97,98,234,236,244,246],"product_tag":[183,184,185,101],"class_list":{"0":"post-8584","1":"product","2":"type-product","3":"status-publish","4":"has-post-thumbnail","6":"product_cat-straderm","7":"product_cat-personal-use","8":"product_cat-professional-use","9":"product_cat-homecare-products","10":"product_cat-lotion-cream","11":"product_cat-pedicure","12":"product_cat-homecare-products-pedicure","13":"product_tag-cream","14":"product_tag-kreem","15":"product_tag-losjoon","16":"product_tag-lotion","18":"first","19":"instock","20":"taxable","21":"shipping-taxable","22":"purchasable","23":"product-type-simple"},"jetpack_sharing_enabled":true,"_links":{"self":[{"href":"https:\/\/shop.bestudio.ee\/lv\/wp-json\/wp\/v2\/product\/8584","targetHints":{"allow":["GET"]}}],"collection":[{"href":"https:\/\/shop.bestudio.ee\/lv\/wp-json\/wp\/v2\/product"}],"about":[{"href":"https:\/\/shop.bestudio.ee\/lv\/wp-json\/wp\/v2\/types\/product"}],"wp:featuredmedia":[{"embeddable":true,"href":"https:\/\/shop.bestudio.ee\/lv\/wp-json\/wp\/v2\/media\/8585"}],"wp:attachment":[{"href":"https:\/\/shop.bestudio.ee\/lv\/wp-json\/wp\/v2\/media?parent=8584"}],"wp:term":[{"taxonomy":"product_brand","embeddable":true,"href":"https:\/\/shop.bestudio.ee\/lv\/wp-json\/wp\/v2\/product_brand?post=8584"},{"taxonomy":"product_cat","embeddable":true,"href":"https:\/\/shop.bestudio.ee\/lv\/wp-json\/wp\/v2\/product_cat?post=8584"},{"taxonomy":"product_tag","embeddable":true,"href":"https:\/\/shop.bestudio.ee\/lv\/wp-json\/wp\/v2\/product_tag?post=8584"}],"curies":[{"name":"wp","href":"https:\/\/api.w.org\/{rel}","templated":true}]}}