{"id":8587,"date":"2022-06-03T01:06:30","date_gmt":"2022-06-03T01:06:30","guid":{"rendered":"https:\/\/pood.desolbeauty.ee\/?post_type=product&#038;p=8587"},"modified":"2026-03-03T12:40:32","modified_gmt":"2026-03-03T10:40:32","slug":"ultra-moisturizing-repair-cream-ultra-moisturizing-repair-kreem","status":"publish","type":"product","link":"https:\/\/shop.bestudio.ee\/lv\/products\/ultra-moisturizing-repair-cream-ultra-moisturizing-repair-kreem\/","title":{"rendered":"Ultra mitrino\u0161s remonts"},"content":{"rendered":"<p>50 ml,<\/p>\n<p>Keram\u012bdi (keram\u012bdi) papildina \u0101dai nepiecie\u0161amos lip\u012bdus, mazina sausumu un dehidrat\u0101ciju, stiprina viet\u0113jo imunit\u0101ti un stimul\u0113 dabisko kolag\u0113na un elast\u012bna ra\u017eo\u0161anu. Tie mazina iekaisumu un kairin\u0101jumu, aizsarg\u0101jot \u0101du no agres\u012bvas vides ietekmes.<\/p>\n<p>Piensk\u0101be mitrina un saglab\u0101 mitrumu, vienm\u0113r\u012bgi sadalot to epidermas dzi\u013cajos sl\u0101\u0146os. Tas stimul\u0113 fibroblastu veido\u0161anos, kas palielina to hialuronsk\u0101bes sint\u0113zi, kas ir sp\u0113c\u012bgs dab\u012bgs mitrin\u0101t\u0101js. Dab\u012bgais pildviela saglab\u0101 \u0101du gludu un elast\u012bgu.<\/p>\n<p>3D hialuronsk\u0101be nodro\u0161ina past\u0101v\u012bgu mitrin\u0101\u0161anu un palielina \u0101das elast\u012bbu. Stimul\u0113 pa\u0161u kolag\u0113na un elast\u012bna ra\u017eo\u0161anu, k\u0101 ar\u012b hialuronsk\u0101bes ra\u017eo\u0161anu.<\/p>\n<p>Ur\u012bnviela mitrina, mazina \u0101das sasprindzin\u0101jumu, kompens\u0113 \u016bdens zudumu, pa\u0101trina \u0161\u016bnu atjauno\u0161anos. 10% koncentr\u0101cijai ir pretiekaisuma iedarb\u012bba, t\u0101 nov\u0113r\u0161 kairin\u0101jumu un veicina \u0161\u016bnu atjauno\u0161anos.<\/p>\n<p>Niacinam\u012bds (B3) un biot\u012bns (B7) stiprina un baro \u0101du, stimul\u0113 kolag\u0113na ra\u017eo\u0161anu un paaugstina \u0101das tonusu, atjauno \u0101das elast\u012bbu, neitraliz\u0113 zv\u012b\u0146o\u0161anos, kairin\u0101jumu un dehidrat\u0101ciju, pal\u0113ninot \u0101das noveco\u0161anos.<\/p>\n<p>Pantenols mitrina un pal\u012bdz dzied\u0113t, normaliz\u0113 \u0161\u016bnu vielmai\u0146u, pa\u0101trina kolag\u0113na ra\u017eo\u0161anu, atjaunojot vielmai\u0146as procesus, kas veicina \u0101das tonusu un jaun\u012bbu.<\/p>\n<p>Saldo mande\u013cu e\u013c\u013ca baro, mitrina un mazina sausumu, kairin\u0101jumu un lob\u012b\u0161anos. Izl\u012bdzina \u0101das toni, nov\u0113r\u0161 un no\u0146em hiperpigment\u0101ciju.<\/p>\n<p>Vitam\u012bni E + C darbojas k\u0101 vitam\u012bnu siner\u0123ija, lai mitrin\u0101tu un nomierin\u0101tu, nov\u0113r\u0161ot priek\u0161laic\u012bgas \u0101das noveco\u0161an\u0101s paz\u012bmes.<\/p>\n<p>&nbsp;<\/p>\n<p>Uzkl\u0101jiet kr\u0113mu uz t\u012bras \u0101das un iemas\u0113jiet, l\u012bdz tas piln\u012bb\u0101 uzs\u016bcas. Izmantojiet vair\u0101kas reizes dien\u0101, lai dzi\u013ci mitrin\u0101tu, barotu un atjaunotu \u0101du.<\/p>","protected":false},"excerpt":{"rendered":"<p>UZMAN\u012aGI NO PROFESION\u0100L\u0100M CEN\u0100M \u2013 L\u016aDZU, PIESAKIES!<\/p>\n<p>Intens\u012bvi mitrino\u0161ais roku un k\u0101ju kr\u0113ms satur bioakt\u012bvo keram\u012bdu, vitam\u012bnu, hialuronsk\u0101bju un piensk\u0101bju kompleksu, acumirkl\u012b mitrina un mazina sausumu, zv\u012b\u0146o\u0161anos, atjauno saspr\u0113g\u0101ju\u0161u \u0101du. Tas efekt\u012bvi nomierina sakairin\u0101tu \u0101du, no\u0146em aps\u0101rtumu, iekaisumu un dermat\u012btu. Tas pasarg\u0101 no negat\u012bv\u0101<br \/>\nvides faktori visas dienas garum\u0101. Tas nesatur parab\u0113nus un silikonus.<\/p>","protected":false},"featured_media":8588,"template":"","meta":[],"product_brand":[],"product_cat":[99,97,98,234,236,244,246],"product_tag":[183,184,185,101],"class_list":{"0":"post-8587","1":"product","2":"type-product","3":"status-publish","4":"has-post-thumbnail","6":"product_cat-straderm","7":"product_cat-personal-use","8":"product_cat-professional-use","9":"product_cat-homecare-products","10":"product_cat-lotion-cream","11":"product_cat-pedicure","12":"product_cat-homecare-products-pedicure","13":"product_tag-cream","14":"product_tag-kreem","15":"product_tag-losjoon","16":"product_tag-lotion","18":"first","19":"instock","20":"taxable","21":"shipping-taxable","22":"purchasable","23":"product-type-simple"},"jetpack_sharing_enabled":true,"_links":{"self":[{"href":"https:\/\/shop.bestudio.ee\/lv\/wp-json\/wp\/v2\/product\/8587","targetHints":{"allow":["GET"]}}],"collection":[{"href":"https:\/\/shop.bestudio.ee\/lv\/wp-json\/wp\/v2\/product"}],"about":[{"href":"https:\/\/shop.bestudio.ee\/lv\/wp-json\/wp\/v2\/types\/product"}],"wp:featuredmedia":[{"embeddable":true,"href":"https:\/\/shop.bestudio.ee\/lv\/wp-json\/wp\/v2\/media\/8588"}],"wp:attachment":[{"href":"https:\/\/shop.bestudio.ee\/lv\/wp-json\/wp\/v2\/media?parent=8587"}],"wp:term":[{"taxonomy":"product_brand","embeddable":true,"href":"https:\/\/shop.bestudio.ee\/lv\/wp-json\/wp\/v2\/product_brand?post=8587"},{"taxonomy":"product_cat","embeddable":true,"href":"https:\/\/shop.bestudio.ee\/lv\/wp-json\/wp\/v2\/product_cat?post=8587"},{"taxonomy":"product_tag","embeddable":true,"href":"https:\/\/shop.bestudio.ee\/lv\/wp-json\/wp\/v2\/product_tag?post=8587"}],"curies":[{"name":"wp","href":"https:\/\/api.w.org\/{rel}","templated":true}]}}