{"id":8589,"date":"2022-06-03T17:56:08","date_gmt":"2022-06-03T17:56:08","guid":{"rendered":"https:\/\/pood.desolbeauty.ee\/?post_type=product&#038;p=8589"},"modified":"2026-01-16T20:00:29","modified_gmt":"2026-01-16T18:00:29","slug":"treatment-soap-hooldusseep","status":"publish","type":"product","link":"https:\/\/shop.bestudio.ee\/lv\/products\/treatment-soap-hooldusseep\/","title":{"rendered":"\u0100rstniecisk\u0101s ziepes"},"content":{"rendered":"<p>250 ml,<\/p>\n<p>Kokosriekstu e\u013c\u013ca un F vitam\u012bns \u2013 triglicer\u012bdi darbojas kop\u0101 ar a\u013c\u0123u ekstraktu, tie emul\u0123\u0113 un maigi att\u012bra \u0101du, atjaunojot \u0161\u016bnu elpo\u0161anu.<\/p>\n<p>A\u013c\u0123es \u2013 uzlabo \u0101das vielmai\u0146as procesus, pa\u0101trina t\u0101s atjauno\u0161anos, uzlabo t\u0101s elast\u012bbu un elast\u012bbu, intens\u012bvi mitrina.<\/p>\n<p>Piensk\u0101be \u2013 mitrina, aktiviz\u0113 hialuronsk\u0101bes ra\u017eo\u0161anu, uzlabo \u0101das strukt\u016bru, papildinot nepiecie\u0161amo mitruma daudzumu un atjaunojot \u0101du. Tas ar\u012b stimul\u0113 kolag\u0113na sint\u0113zi, uzlabojot \u0101das elast\u012bbu un elast\u012bbu.<\/p>\n<p>Hamamelis ekstrakts un fit\u012bnsk\u0101be ir pretiekaisuma komponenti, kas akt\u012bvi aizsarg\u0101 pret bakt\u0113rij\u0101m, aktiviz\u0113jot \u0101das atjauno\u0161anos un vielmai\u0146as procesus.<\/p>\n<p>Helichrysum ekstraktam un Climbazol piem\u012bt antiseptiska, prets\u0113n\u012b\u0161u un bakteric\u012bda iedarb\u012bba.<\/p>\n<p>Auzu p\u0101rslu prote\u012bni un pantenols nomierina, mazina kairin\u0101jumu un \u0101rst\u0113 plaisas. Tie baro, palielina \u0161\u016bnu keratiniz\u0101ciju, mazina niezi un pa\u0101trina \u0101das atjauno\u0161anos.<\/p>\n<p>&nbsp;<\/p>\n<p>Uzkl\u0101jiet nelielu daudzumu ziepju uz mitras \u0101das, labi iemas\u0113jiet un noskalojiet ar siltu \u016bdeni.<\/p>","protected":false},"excerpt":{"rendered":"<p>UZMAN\u012aGI NO PROFESION\u0100L\u0100M CEN\u0100M \u2013 L\u016aDZU, PIESAKIES!<\/p>\n<p>Dzi\u013ci att\u012bra un mitrina \u0101du, iedarbinot dabisko \u0161\u016bnu detoksik\u0101cijas procesu. Sabalans\u0113tais pH bag\u0101tin\u0101tais sast\u0101vs ar uzturviel\u0101m un pretmikrobu iedarb\u012bbu nodro\u0161ina nomierino\u0161u pretiekaisuma un prets\u0113n\u012b\u0161u iedarb\u012bbu, efekt\u012bvi neitraliz\u0113 smakas.<br \/>\nIde\u0101li piem\u0113rots profesion\u0101lai lieto\u0161anai un m\u0101jas lieto\u0161anai.<\/p>","protected":false},"featured_media":8590,"template":"","meta":[],"product_brand":[],"product_cat":[99,97,98,234,239,238,244,246],"product_tag":[193,192],"class_list":{"0":"post-8589","1":"product","2":"type-product","3":"status-publish","4":"has-post-thumbnail","6":"product_cat-straderm","7":"product_cat-personal-use","8":"product_cat-professional-use","9":"product_cat-homecare-products","10":"product_cat-nail-care-products","11":"product_cat-soap","12":"product_cat-pedicure","13":"product_cat-homecare-products-pedicure","14":"product_tag-seep","15":"product_tag-soap","17":"first","18":"instock","19":"taxable","20":"shipping-taxable","21":"purchasable","22":"product-type-simple"},"jetpack_sharing_enabled":true,"_links":{"self":[{"href":"https:\/\/shop.bestudio.ee\/lv\/wp-json\/wp\/v2\/product\/8589","targetHints":{"allow":["GET"]}}],"collection":[{"href":"https:\/\/shop.bestudio.ee\/lv\/wp-json\/wp\/v2\/product"}],"about":[{"href":"https:\/\/shop.bestudio.ee\/lv\/wp-json\/wp\/v2\/types\/product"}],"wp:featuredmedia":[{"embeddable":true,"href":"https:\/\/shop.bestudio.ee\/lv\/wp-json\/wp\/v2\/media\/8590"}],"wp:attachment":[{"href":"https:\/\/shop.bestudio.ee\/lv\/wp-json\/wp\/v2\/media?parent=8589"}],"wp:term":[{"taxonomy":"product_brand","embeddable":true,"href":"https:\/\/shop.bestudio.ee\/lv\/wp-json\/wp\/v2\/product_brand?post=8589"},{"taxonomy":"product_cat","embeddable":true,"href":"https:\/\/shop.bestudio.ee\/lv\/wp-json\/wp\/v2\/product_cat?post=8589"},{"taxonomy":"product_tag","embeddable":true,"href":"https:\/\/shop.bestudio.ee\/lv\/wp-json\/wp\/v2\/product_tag?post=8589"}],"curies":[{"name":"wp","href":"https:\/\/api.w.org\/{rel}","templated":true}]}}