{"id":8591,"date":"2022-06-03T21:04:28","date_gmt":"2022-06-03T18:04:28","guid":{"rendered":"https:\/\/pood.desolbeauty.ee\/?post_type=product&#038;p=8591"},"modified":"2025-12-01T00:32:09","modified_gmt":"2025-11-30T22:32:09","slug":"nail-and-cuticle-treatment-kuunte-ja-kuunnanaha-hooldus","status":"publish","type":"product","link":"https:\/\/shop.bestudio.ee\/lv\/products\/nail-and-cuticle-treatment-kuunte-ja-kuunnanaha-hooldus\/","title":{"rendered":"Nagu un kutikulas apstr\u0101de"},"content":{"rendered":"<p>10 ml,<\/p>\n<p>Kerat\u012bns atjauno un nocietina nagu pl\u0101ksni, samazina trauslumu. Intens\u012bvi mitrina un atjauno \u0101das l\u012bdzsvaru.<\/p>\n<p>Biot\u012bns (B7 vitam\u012bns) pal\u012bdz stiprin\u0101t nagu pl\u0101ksni un pa\u0101trina t\u0101s aug\u0161anu, atjauno \u0101du p\u0113c boj\u0101jumiem. Tas stimul\u0113 \u0161\u016bnas ra\u017eot vair\u0101k kerat\u012bna.<\/p>\n<p>Bi\u0161u vasks padara nagu pl\u0101ksni elast\u012bgu, nobl\u012bv\u0113 zv\u012b\u0146as, nov\u0113r\u0161ot atsl\u0101\u0146o\u0161anos.<\/p>\n<p>PP vitam\u012bns stiprina jut\u012bgas un\/vai iekaisu\u0161as \u0101das aizsargbarjeru un nov\u0113r\u0161 dehidrat\u0101ciju, piem\u012bt pretiekaisuma iedarb\u012bba.<\/p>\n<p>Niacinam\u012bds stimul\u0113 asinsriti, k\u0101 rezult\u0101t\u0101 tiek uzs\u0101kti atvese\u013co\u0161an\u0101s procesi. Tas mazina lob\u012b\u0161anos, kairin\u0101jumu un dehidrat\u0101ciju, mazina aps\u0101rtumu, nomierina iekaisumu un savelk poras.<\/p>\n<p>Makad\u0101mijas e\u013c\u013ca mitrina, nov\u0113r\u0161ot nagu trauslumu un nagu pl\u0101ksnes lob\u012b\u0161anos.<\/p>\n<p>R\u012bcine\u013c\u013ca apstr\u0101d\u0101 un nov\u0113r\u0161 nagu veido\u0161anos, pal\u0113nina kutikulas aug\u0161anu, baro un mitrina.<\/p>\n<p>\u0160\u012b sviests un saldo mande\u013cu e\u013c\u013ca mitrina un baro, pal\u0113nina kutikulas aug\u0161anu, mazina sausumu, nov\u0113r\u0161 trauslumu, pal\u012bdz atbr\u012bvoties no nagu lob\u012b\u0161an\u0101s.<\/p>\n<p>Kumel\u012b\u0161u ziedu ekstraktam piem\u012bt pretiekaisuma un nomierino\u0161a iedarb\u012bba, pal\u012bdz mazin\u0101t kairin\u0101jumu.<\/p>\n<p>E vitam\u012bns baro, stiprina un atjauno nagu pl\u0101ksni, nov\u0113r\u0161 trauslumu, kopj sausas un saplais\u0101ju\u0161as kutikulas.<\/p>\n<p>Lecit\u012bns atjauno \u0101das barjerfunkcijas, dzi\u013ci baro un aizsarg\u0101 \u0161\u016bnas no boj\u0101jumiem. Pateicoties lip\u012bdu izcelsmei, kas ir tuvu \u0101das izcelsmei, t\u0101 viegli iek\u013c\u016bst dzi\u013cos sl\u0101\u0146os, nodro\u0161inot akt\u012bv\u0101s sast\u0101vda\u013cas.<\/p>\n<p>&nbsp;<\/p>\n<p>Uzkl\u0101jiet divas reizes dien\u0101, iemas\u0113jiet un iemas\u0113jiet \u0101d\u0101. Nemazg\u0101jiet 2-3 stundas.<\/p>","protected":false},"excerpt":{"rendered":"<p>UZMAN\u012aGI NO PROFESION\u0100L\u0100S CENAS \u2013 L\u016aDZU, PIESAKIES!<\/p>\n<p>Akt\u012bv\u0101s sast\u0101vda\u013cas un vitam\u012bni atjauno nagu pl\u0101ksnes strukt\u016bru, palielina t\u0101s bl\u012bvumu, iztur\u012bbu un nov\u0113r\u0161 atsl\u0101\u0146o\u0161anos. G\u0113ls nodro\u0161ina nagu nostiprin\u0101\u0161anos un dabisku aug\u0161anu, k\u0101 ar\u012b atjauno lip\u012bdu kutikulas ka\u017eoku, baro, stiprina un \u0101rst\u0113 slimos nagus, piem\u012bt pretiekaisuma iedarb\u012bba.<\/p>","protected":false},"featured_media":8592,"template":"","meta":[],"product_brand":[],"product_cat":[99,97,98,234,239,244,246],"product_tag":[194,195],"class_list":{"0":"post-8591","1":"product","2":"type-product","3":"status-publish","4":"has-post-thumbnail","6":"product_cat-straderm","7":"product_cat-personal-use","8":"product_cat-professional-use","9":"product_cat-homecare-products","10":"product_cat-nail-care-products","11":"product_cat-pedicure","12":"product_cat-homecare-products-pedicure","13":"product_tag-kuunte-geel","14":"product_tag-nail-care-gel","16":"first","17":"instock","18":"taxable","19":"shipping-taxable","20":"purchasable","21":"product-type-simple"},"jetpack_sharing_enabled":true,"_links":{"self":[{"href":"https:\/\/shop.bestudio.ee\/lv\/wp-json\/wp\/v2\/product\/8591","targetHints":{"allow":["GET"]}}],"collection":[{"href":"https:\/\/shop.bestudio.ee\/lv\/wp-json\/wp\/v2\/product"}],"about":[{"href":"https:\/\/shop.bestudio.ee\/lv\/wp-json\/wp\/v2\/types\/product"}],"wp:featuredmedia":[{"embeddable":true,"href":"https:\/\/shop.bestudio.ee\/lv\/wp-json\/wp\/v2\/media\/8592"}],"wp:attachment":[{"href":"https:\/\/shop.bestudio.ee\/lv\/wp-json\/wp\/v2\/media?parent=8591"}],"wp:term":[{"taxonomy":"product_brand","embeddable":true,"href":"https:\/\/shop.bestudio.ee\/lv\/wp-json\/wp\/v2\/product_brand?post=8591"},{"taxonomy":"product_cat","embeddable":true,"href":"https:\/\/shop.bestudio.ee\/lv\/wp-json\/wp\/v2\/product_cat?post=8591"},{"taxonomy":"product_tag","embeddable":true,"href":"https:\/\/shop.bestudio.ee\/lv\/wp-json\/wp\/v2\/product_tag?post=8591"}],"curies":[{"name":"wp","href":"https:\/\/api.w.org\/{rel}","templated":true}]}}