{"id":8594,"date":"2022-06-03T21:22:08","date_gmt":"2022-06-03T18:22:08","guid":{"rendered":"https:\/\/pood.desolbeauty.ee\/?post_type=product&#038;p=8594"},"modified":"2026-01-16T20:00:40","modified_gmt":"2026-01-16T18:00:40","slug":"treatment-soap-hooldusseep-2","status":"publish","type":"product","link":"https:\/\/shop.bestudio.ee\/lv\/products\/treatment-soap-hooldusseep-2\/","title":{"rendered":"\u0100rstniecisk\u0101s ziepes"},"content":{"rendered":"<blockquote>\n<p style=\"text-align: center\">500 ml,<\/p>\n<\/blockquote>\n<p>Sast\u0101vda\u013cas:<\/p>\n<p>\u016adens, n\u0101trija laureta sulf\u0101ts, kokamidopropilbeta\u012bns, kokoglikoz\u012bds, glicer\u012bns, smar\u017eas, n\u0101trija hlor\u012bds, hidroliz\u0113ts auzu prote\u012bns, PEG-7 glicerilkoko\u0101ts, PEG-15 kopoliam\u012bns, pantenols, glicerilole\u0101ts, piensk\u0101be, hacc\u012bds, filicers Piensk\u0101be, etil-A-glicer\u012bna lapu ekstrakts, a\u013c\u0123u ekstrakts, nemirst\u012bgo ziedu ekstrakts, klimbazols, benzilspirts, dehidroeti\u0137sk\u0101be, CI 42051.<\/p>","protected":false},"excerpt":{"rendered":"<p>UZMAN\u012aBU! PRODUKTS TIEK P\u0100RDOTS TIKAI PROFESION\u0100LIEM! L\u016aDZU, PIESAKIES LAI SA\u0145EMT CENU!<\/p>\n<p>Antibakteri\u0101las ziepes. Dzi\u013ci att\u012bra un mitrina \u0101du, uzs\u0101k dabisko \u0161\u016bnu detoksik\u0101cijas procesu. Uzturviel\u0101m bag\u0101ta, sabalans\u0113ta pH formula ar pretmikrobu, pretiekaisuma, nomierino\u0161\u0101m un prets\u0113n\u012b\u0161u \u012bpa\u0161\u012bb\u0101m efekt\u012bvi neitraliz\u0113 smakas. Ide\u0101li piem\u0113rots profesion\u0101lai lieto\u0161anai un m\u0101jas lieto\u0161anai.<\/p>","protected":false},"featured_media":8595,"template":"","meta":[],"product_brand":[],"product_cat":[99,97,98,238,244,246,245],"product_tag":[193,192],"class_list":{"0":"post-8594","1":"product","2":"type-product","3":"status-publish","4":"has-post-thumbnail","6":"product_cat-straderm","7":"product_cat-personal-use","8":"product_cat-professional-use","9":"product_cat-soap","10":"product_cat-pedicure","11":"product_cat-homecare-products-pedicure","12":"product_cat-professional-products","13":"product_tag-seep","14":"product_tag-soap","16":"first","17":"instock","18":"taxable","19":"shipping-taxable","20":"purchasable","21":"product-type-simple"},"jetpack_sharing_enabled":true,"_links":{"self":[{"href":"https:\/\/shop.bestudio.ee\/lv\/wp-json\/wp\/v2\/product\/8594","targetHints":{"allow":["GET"]}}],"collection":[{"href":"https:\/\/shop.bestudio.ee\/lv\/wp-json\/wp\/v2\/product"}],"about":[{"href":"https:\/\/shop.bestudio.ee\/lv\/wp-json\/wp\/v2\/types\/product"}],"wp:featuredmedia":[{"embeddable":true,"href":"https:\/\/shop.bestudio.ee\/lv\/wp-json\/wp\/v2\/media\/8595"}],"wp:attachment":[{"href":"https:\/\/shop.bestudio.ee\/lv\/wp-json\/wp\/v2\/media?parent=8594"}],"wp:term":[{"taxonomy":"product_brand","embeddable":true,"href":"https:\/\/shop.bestudio.ee\/lv\/wp-json\/wp\/v2\/product_brand?post=8594"},{"taxonomy":"product_cat","embeddable":true,"href":"https:\/\/shop.bestudio.ee\/lv\/wp-json\/wp\/v2\/product_cat?post=8594"},{"taxonomy":"product_tag","embeddable":true,"href":"https:\/\/shop.bestudio.ee\/lv\/wp-json\/wp\/v2\/product_tag?post=8594"}],"curies":[{"name":"wp","href":"https:\/\/api.w.org\/{rel}","templated":true}]}}