{"id":8596,"date":"2022-06-03T18:27:15","date_gmt":"2022-06-03T18:27:15","guid":{"rendered":"https:\/\/pood.desolbeauty.ee\/?post_type=product&#038;p=8596"},"modified":"2023-10-29T16:35:39","modified_gmt":"2023-10-29T16:35:39","slug":"callus-softener-spray-rahjupehmenda-spray","status":"publish","type":"product","link":"https:\/\/shop.bestudio.ee\/lv\/products\/callus-softener-spray-rahjupehmenda-spray\/","title":{"rendered":"Callus m\u012bkstino\u0161s aerosols"},"content":{"rendered":"<p>200 ml,<\/p>\n<p>K\u0101 izmantot:<\/p>\n<p>Izsmidziniet l\u012bdzekli no 10 cm att\u0101luma uz keratiniz\u0113t\u0101s \u0101das, \u013caujiet produktam ies\u016bkties apm\u0113ram 2-5 min\u016btes. Laiks main\u0101s atkar\u012bb\u0101 no garozas veido\u0161an\u0101s pak\u0101pes. Turpiniet z\u0101\u0123\u0113\u0161anu\/apar\u0101tu, ja nepiecie\u0161ams, atk\u0101rtojiet. Keratol\u012btiskais l\u012bdzeklis nav j\u0101noskalo, jo tas mitrina \u0101du pat p\u0113c pedik\u012bra pabeig\u0161anas, radot kumulat\u012bvu ilgtermi\u0146a efektu.<\/p>\n<p>Uzman\u012bbu: Uzglab\u0101t b\u0113rniem nepieejam\u0101 viet\u0101. Tikai \u0101r\u012bgai lieto\u0161anai.<\/p>\n<p>Sast\u0101vs: Ur\u012bnviela, \u016bdens (\u016bdens), propil\u0113nglikols, n\u0101trija hidroks\u012bds, piensk\u0101be, etoksidiglikols.<\/p>","protected":false},"excerpt":{"rendered":"<p>UZMAN\u012aBU! PRECES P\u0100RDOD TIKAI PROFESION\u0100L\u0100M! L\u016aDZU, PIESAKIES LAI SA\u0145EMT CENU!<\/p>\n<p>Callus Softener Spray ir keratol\u012btisks aerosols profesion\u0101lai lieto\u0161anai. \u0100tri m\u012bkstina \u0101das klepus, sausu\/keratiniz\u0113tu \u0101du, hiperkeratozi, sagatavo plaisas dz\u012b\u0161anai. Formula ar dro\u0161u neitr\u0101lu Ph ir piem\u0113rota visiem \u0101das tipiem, mitrina, no\u0146em sausumu un tai piem\u012bt antibakteri\u0101la iedarb\u012bba. T\u0101pat k\u0101 visas pedik\u012bra tehnikas, tas samazina meistara darba laiku un padara proced\u016bru \u0113rtu klientam. Nesatur s\u0101rmus un sk\u0101bes.<\/p>","protected":false},"featured_media":8597,"template":"","meta":[],"product_brand":[],"product_cat":[99,98],"product_tag":[191,190],"class_list":{"0":"post-8596","1":"product","2":"type-product","3":"status-publish","4":"has-post-thumbnail","6":"product_cat-straderm","7":"product_cat-professional-use","8":"product_tag-callus-softener-spray","9":"product_tag-kalluse-pehmendaja-pihusti","11":"first","12":"instock","13":"taxable","14":"shipping-taxable","15":"product-type-simple"},"jetpack_sharing_enabled":true,"_links":{"self":[{"href":"https:\/\/shop.bestudio.ee\/lv\/wp-json\/wp\/v2\/product\/8596","targetHints":{"allow":["GET"]}}],"collection":[{"href":"https:\/\/shop.bestudio.ee\/lv\/wp-json\/wp\/v2\/product"}],"about":[{"href":"https:\/\/shop.bestudio.ee\/lv\/wp-json\/wp\/v2\/types\/product"}],"wp:featuredmedia":[{"embeddable":true,"href":"https:\/\/shop.bestudio.ee\/lv\/wp-json\/wp\/v2\/media\/8597"}],"wp:attachment":[{"href":"https:\/\/shop.bestudio.ee\/lv\/wp-json\/wp\/v2\/media?parent=8596"}],"wp:term":[{"taxonomy":"product_brand","embeddable":true,"href":"https:\/\/shop.bestudio.ee\/lv\/wp-json\/wp\/v2\/product_brand?post=8596"},{"taxonomy":"product_cat","embeddable":true,"href":"https:\/\/shop.bestudio.ee\/lv\/wp-json\/wp\/v2\/product_cat?post=8596"},{"taxonomy":"product_tag","embeddable":true,"href":"https:\/\/shop.bestudio.ee\/lv\/wp-json\/wp\/v2\/product_tag?post=8596"}],"curies":[{"name":"wp","href":"https:\/\/api.w.org\/{rel}","templated":true}]}}