{"id":8598,"date":"2022-06-03T18:34:40","date_gmt":"2022-06-03T18:34:40","guid":{"rendered":"https:\/\/pood.desolbeauty.ee\/?post_type=product&#038;p=8598"},"modified":"2024-05-29T08:38:19","modified_gmt":"2024-05-29T08:38:19","slug":"callus-softener-spray-rahjupehmenda-spray-2","status":"publish","type":"product","link":"https:\/\/shop.bestudio.ee\/lv\/products\/callus-softener-spray-rahjupehmenda-spray-2\/","title":{"rendered":"Callus m\u012bkstino\u0161s aerosols"},"content":{"rendered":"<p>500 ml,<\/p>\n<p>Lieto\u0161anas metode:<br \/>\nIzsmidziniet l\u012bdzekli no 10 cm att\u0101luma uz keratiniz\u0113t\u0101s \u0101das, \u013caujiet produktam ies\u016bkties apm\u0113ram 2-5 min\u016btes. Laiks main\u0101s atkar\u012bb\u0101 no garozas veido\u0161an\u0101s pak\u0101pes. Turpiniet z\u0101\u0123\u0113\u0161anu\/apar\u0101tu, ja nepiecie\u0161ams, atk\u0101rtojiet. Keratol\u012btiskais l\u012bdzeklis nav j\u0101noskalo, jo tas mitrina \u0101du pat p\u0113c pedik\u012bra pabeig\u0161anas, radot kumulat\u012bvu ilgtermi\u0146a efektu.<br \/>\nUzman\u012bbu: Uzglab\u0101t b\u0113rniem nepieejam\u0101 viet\u0101. Tikai \u0101r\u012bgai lieto\u0161anai.<\/p>\n<p>Sast\u0101vda\u013cas:<\/p>\n<p>Ur\u012bnviela, \u016bdens (\u016bdens), propil\u0113nglikols, n\u0101trija hidroks\u012bds, piensk\u0101be, etoksidiglikols.<\/p>","protected":false},"excerpt":{"rendered":"<p>100 ml,<\/p>\n<p>Lieto\u0161anas metode:<br \/>\nUzkl\u0101jiet \u017eeleju uz apstr\u0101d\u0101t\u0101s vietas, p\u0113c 30 sekund\u0113m apstr\u0101d\u0101jiet kutikulu ar piem\u0113rotu l\u012bdzekli un turpiniet ar sekojo\u0161\u0101m proced\u016br\u0101m. Beig\u0101s no\u0146emiet atliku\u0161o \u017eeleju ar \u016bdeni vai vates tamponu.<br \/>\nUzman\u012bbu: Uzglab\u0101t b\u0113rniem nepieejam\u0101 viet\u0101. Tikai \u0101r\u012bgai lieto\u0161anai.<\/p>\n<p>Sast\u0101vda\u013cas:<\/p>\n<p>\u016adens (\u016bdens), propil\u0113nglikols, etoksidiglikols, ksant\u0101na sve\u0137i, n\u0101trija hidroks\u012bds, pantenols, din\u0101trija EDTA, biot\u012bns, hidroliz\u0113ts kerat\u012bns, kli\u0146\u0123er\u012b\u0161u (kli\u0146\u0123er\u012b\u0161u) ziedu ekstrakts, niacinam\u012bds, bisabolols, achillea millefolium ziedu ekstrakts.<\/p>","protected":false},"featured_media":8599,"template":"","meta":[],"product_brand":[],"product_cat":[99,98,244,245],"product_tag":[191,190],"class_list":{"0":"post-8598","1":"product","2":"type-product","3":"status-publish","4":"has-post-thumbnail","6":"product_cat-straderm","7":"product_cat-professional-use","8":"product_cat-pedicure","9":"product_cat-professional-products","10":"product_tag-callus-softener-spray","11":"product_tag-kalluse-pehmendaja-pihusti","13":"first","14":"instock","15":"taxable","16":"shipping-taxable","17":"product-type-simple"},"jetpack_sharing_enabled":true,"_links":{"self":[{"href":"https:\/\/shop.bestudio.ee\/lv\/wp-json\/wp\/v2\/product\/8598","targetHints":{"allow":["GET"]}}],"collection":[{"href":"https:\/\/shop.bestudio.ee\/lv\/wp-json\/wp\/v2\/product"}],"about":[{"href":"https:\/\/shop.bestudio.ee\/lv\/wp-json\/wp\/v2\/types\/product"}],"wp:featuredmedia":[{"embeddable":true,"href":"https:\/\/shop.bestudio.ee\/lv\/wp-json\/wp\/v2\/media\/8599"}],"wp:attachment":[{"href":"https:\/\/shop.bestudio.ee\/lv\/wp-json\/wp\/v2\/media?parent=8598"}],"wp:term":[{"taxonomy":"product_brand","embeddable":true,"href":"https:\/\/shop.bestudio.ee\/lv\/wp-json\/wp\/v2\/product_brand?post=8598"},{"taxonomy":"product_cat","embeddable":true,"href":"https:\/\/shop.bestudio.ee\/lv\/wp-json\/wp\/v2\/product_cat?post=8598"},{"taxonomy":"product_tag","embeddable":true,"href":"https:\/\/shop.bestudio.ee\/lv\/wp-json\/wp\/v2\/product_tag?post=8598"}],"curies":[{"name":"wp","href":"https:\/\/api.w.org\/{rel}","templated":true}]}}