{"id":8600,"date":"2022-06-03T18:41:13","date_gmt":"2022-06-03T18:41:13","guid":{"rendered":"https:\/\/pood.desolbeauty.ee\/?post_type=product&#038;p=8600"},"modified":"2025-03-24T23:46:45","modified_gmt":"2025-03-24T21:46:45","slug":"cuticle-softener-kuunanahapehendus","status":"publish","type":"product","link":"https:\/\/shop.bestudio.ee\/lv\/products\/cuticle-softener-kuunanahapehendus\/","title":{"rendered":"Kutikulu m\u012bkstin\u0101t\u0101js"},"content":{"rendered":"<p>100 ml,<\/p>\n<p>Lieto\u0161anas metode:<br \/>\nUzkl\u0101jiet \u017eeleju uz apstr\u0101d\u0101t\u0101s vietas, p\u0113c 30 sekund\u0113m apstr\u0101d\u0101jiet kutikulu ar piem\u0113rotu l\u012bdzekli un turpiniet ar sekojo\u0161\u0101m proced\u016br\u0101m. Beig\u0101s no\u0146emiet atliku\u0161o \u017eeleju ar \u016bdeni vai vates tamponu.<br \/>\nUzman\u012bbu: Uzglab\u0101t b\u0113rniem nepieejam\u0101 viet\u0101. Tikai \u0101r\u012bgai lieto\u0161anai.<\/p>\n<p>Sast\u0101vda\u013cas:<\/p>\n<p>\u016adens (\u016bdens), propil\u0113nglikols, etoksidiglikols, ksant\u0101na sve\u0137i, n\u0101trija hidroks\u012bds, pantenols, din\u0101trija EDTA, biot\u012bns, hidroliz\u0113ts kerat\u012bns, kli\u0146\u0123er\u012b\u0161u (kli\u0146\u0123er\u012b\u0161u) ziedu ekstrakts, niacinam\u012bds, bisabolols, achillea millefolium ziedu ekstrakts.<\/p>","protected":false},"excerpt":{"rendered":"<p>UZMAN\u012aBU! PRECES P\u0100RDOD TIKAI PROFESION\u0100L\u0100M! L\u016aDZU, PIESAKIES LAI SA\u0145EMT CENU!<\/p>\n<p>Kutikulu m\u012bkstin\u0101t\u0101js ir profesion\u0101ls kutikulas no\u0146em\u0161anas l\u012bdzeklis. Pateicoties \u012bpa\u0161ajai formulai un g\u0113la tekst\u016brai, kutikulas m\u012bkstin\u0101t\u0101js efekt\u012bvi m\u012bkstina un no\u0146em kutikulu bez agres\u012bvas iedarb\u012bbas. Kompoz\u012bcijai, kuras pamat\u0101 ir augu ekstrakti un vitam\u012bni, piem\u012bt nomierino\u0161as un dezinfic\u0113jo\u0161as \u012bpa\u0161\u012bbas. Piem\u0113rots vis\u0101m manik\u012bra tehnik\u0101m.<\/p>","protected":false},"featured_media":8601,"template":"","meta":[],"product_brand":[],"product_cat":[99,98,227,244,245],"product_tag":[189,188],"class_list":{"0":"post-8600","1":"product","2":"type-product","3":"status-publish","4":"has-post-thumbnail","6":"product_cat-straderm","7":"product_cat-professional-use","8":"product_cat-liquids-and-prep","9":"product_cat-pedicure","10":"product_cat-professional-products","11":"product_tag-cuticle-remover","12":"product_tag-kuunenaha-eemaldaja","14":"first","15":"instock","16":"taxable","17":"shipping-taxable","18":"product-type-simple"},"jetpack_sharing_enabled":true,"_links":{"self":[{"href":"https:\/\/shop.bestudio.ee\/lv\/wp-json\/wp\/v2\/product\/8600","targetHints":{"allow":["GET"]}}],"collection":[{"href":"https:\/\/shop.bestudio.ee\/lv\/wp-json\/wp\/v2\/product"}],"about":[{"href":"https:\/\/shop.bestudio.ee\/lv\/wp-json\/wp\/v2\/types\/product"}],"wp:featuredmedia":[{"embeddable":true,"href":"https:\/\/shop.bestudio.ee\/lv\/wp-json\/wp\/v2\/media\/8601"}],"wp:attachment":[{"href":"https:\/\/shop.bestudio.ee\/lv\/wp-json\/wp\/v2\/media?parent=8600"}],"wp:term":[{"taxonomy":"product_brand","embeddable":true,"href":"https:\/\/shop.bestudio.ee\/lv\/wp-json\/wp\/v2\/product_brand?post=8600"},{"taxonomy":"product_cat","embeddable":true,"href":"https:\/\/shop.bestudio.ee\/lv\/wp-json\/wp\/v2\/product_cat?post=8600"},{"taxonomy":"product_tag","embeddable":true,"href":"https:\/\/shop.bestudio.ee\/lv\/wp-json\/wp\/v2\/product_tag?post=8600"}],"curies":[{"name":"wp","href":"https:\/\/api.w.org\/{rel}","templated":true}]}}