{"id":8602,"date":"2022-06-03T18:51:14","date_gmt":"2022-06-03T18:51:14","guid":{"rendered":"https:\/\/pood.desolbeauty.ee\/?post_type=product&#038;p=8602"},"modified":"2026-01-16T20:01:46","modified_gmt":"2026-01-16T18:01:46","slug":"ultra-moisturizing-repair-cream-ultra-moisturizing-repair-creem","status":"publish","type":"product","link":"https:\/\/shop.bestudio.ee\/lv\/products\/ultra-moisturizing-repair-cream-ultra-moisturizing-repair-creem\/","title":{"rendered":"\u012apa\u0161i mitrino\u0161s atjaunojo\u0161s kr\u0113ms"},"content":{"rendered":"<p>150 ml,<\/p>\n<p>Akt\u012bv\u0101s sast\u0101vda\u013cas<br \/>\nKeram\u012bdi atjauno \u0101dai nepiecie\u0161amos lip\u012bdus, nov\u0113r\u0161ot sausumu un dehidrat\u0101ciju, paaugstinot viet\u0113jo imunit\u0101ti un stimul\u0113jot dab\u012bg\u0101 kolag\u0113na un elast\u012bna ra\u017eo\u0161anu. Tie mazina kairin\u0101jumu un iekaisumu, aizsarg\u0101jot \u0101du no agres\u012bvas vides ietekmes.<\/p>\n<p>Piensk\u0101be mitrina un saglab\u0101 mitrumu un vienm\u0113r\u012bgi sadala to pa dzi\u013c\u0101kiem epidermas sl\u0101\u0146iem. Stimul\u0113 fibroblastu veido\u0161anos, kas palielina to pa\u0161u hialuronsk\u0101bes sint\u0113zi, kas ir sp\u0113c\u012bgs dab\u012bgs mitrin\u0101t\u0101js. Dab\u012bgais pildviela saglab\u0101 \u0101du gludu un elast\u012bgu.<\/p>\n<p>3D hialuronsk\u0101be nodro\u0161ina ilgsto\u0161u mitrin\u0101\u0161anu un palielina \u0101das elast\u012bbu. Stimul\u0113 j\u016bsu pa\u0161u kolag\u0113na un elast\u012bna ra\u017eo\u0161anu, k\u0101 ar\u012b j\u016bsu pa\u0161u hialuronsk\u0101bes ra\u017eo\u0161anu.<\/p>\n<p>Urea (Urea) \u2013 mitrina, mazina savilk\u0161anas saj\u016btu, kompens\u0113 \u0101das mitruma zudumu, pa\u0101trina \u0161\u016bnu atjauno\u0161anos. 10% koncentr\u0101cij\u0101 tam piem\u012bt pretiekaisuma iedarb\u012bba un tas aptur kairin\u0101jumu un veicina \u0161\u016bnu atjauno\u0161anos.<\/p>\n<p>Niatzam\u012bds + Biot\u012bns stiprina un baro \u0101du, veicina kolag\u0113na ra\u017eo\u0161anu un paaugstina \u0101das tonusu, atjauno \u0101das elast\u012bbu, izl\u012bdzina lob\u012b\u0161anos, kairin\u0101jumu un dehidrat\u0101ciju, pal\u0113nina noveco\u0161an\u0101s procesus.<\/p>\n<p>Pantenols mitrina un dziedina, normaliz\u0113 vielmai\u0146as procesus \u0161\u016bn\u0101s, pa\u0101trina kolag\u0113na ra\u017eo\u0161anu, atjaunojot vielmai\u0146as procesus, kas pal\u012bdz saglab\u0101t \u0101das tonusu un jaun\u012bbu.<\/p>\n<p>Saldo mande\u013cu e\u013c\u013ca baro, mitrina un nov\u0113r\u0161 sausumu, kairin\u0101jumu un lob\u012b\u0161anos. Izl\u012bdzina tonusu, nov\u0113r\u0161 un nov\u0113r\u0161 hiperpigment\u0101ciju.<\/p>\n<p>Vitam\u012bni E + C \u2013 vitam\u012bnu siner\u0123ija, mitrina un m\u012bkstina, nov\u0113r\u0161 priek\u0161laic\u012bgas \u0101das noveco\u0161an\u0101s paz\u012bmes.<\/p>\n<p>Nesatur parab\u0113nus un silikonus.<\/p>","protected":false},"excerpt":{"rendered":"<p>UZMAN\u012aBU! PRECES P\u0100RDOD TIKAI PROFESION\u0100L\u0100M! L\u016aDZU, PIESAKIES LAI SA\u0145EMT CENU!<\/p>\n<p>\u012apa\u0161i mitrino\u0161s kr\u0113ms ar atjaunojo\u0161u un aizsarg\u0101jo\u0161u efektu.<\/p>\n<p>Intens\u012bvi mitrino\u0161s kr\u0113ms rok\u0101m un k\u0101j\u0101m satur bioakt\u012bvo keram\u012bdu, vitam\u012bnu, hialuronsk\u0101bes un piensk\u0101bes kompleksu, acumirkl\u012b mitrina un nov\u0113r\u0161 sausumu, zv\u012b\u0146o\u0161anos un atjauno saspr\u0113g\u0101ju\u0161u \u0101du.<\/p>\n<p>Efekt\u012bvi nomierina sakairin\u0101tu \u0101du un mazina aps\u0101rtumu, iekaisumu un dermat\u012btu. Aizsarg\u0101 pret negat\u012bviem vides faktoriem visas dienas garum\u0101.<\/p>","protected":false},"featured_media":8603,"template":"","meta":[],"product_brand":[],"product_cat":[99,97,98,236,244,246,245],"product_tag":[183,184,185,101],"class_list":{"0":"post-8602","1":"product","2":"type-product","3":"status-publish","4":"has-post-thumbnail","6":"product_cat-straderm","7":"product_cat-personal-use","8":"product_cat-professional-use","9":"product_cat-lotion-cream","10":"product_cat-pedicure","11":"product_cat-homecare-products-pedicure","12":"product_cat-professional-products","13":"product_tag-cream","14":"product_tag-kreem","15":"product_tag-losjoon","16":"product_tag-lotion","18":"first","19":"instock","20":"taxable","21":"shipping-taxable","22":"purchasable","23":"product-type-simple"},"jetpack_sharing_enabled":true,"_links":{"self":[{"href":"https:\/\/shop.bestudio.ee\/lv\/wp-json\/wp\/v2\/product\/8602","targetHints":{"allow":["GET"]}}],"collection":[{"href":"https:\/\/shop.bestudio.ee\/lv\/wp-json\/wp\/v2\/product"}],"about":[{"href":"https:\/\/shop.bestudio.ee\/lv\/wp-json\/wp\/v2\/types\/product"}],"wp:featuredmedia":[{"embeddable":true,"href":"https:\/\/shop.bestudio.ee\/lv\/wp-json\/wp\/v2\/media\/8603"}],"wp:attachment":[{"href":"https:\/\/shop.bestudio.ee\/lv\/wp-json\/wp\/v2\/media?parent=8602"}],"wp:term":[{"taxonomy":"product_brand","embeddable":true,"href":"https:\/\/shop.bestudio.ee\/lv\/wp-json\/wp\/v2\/product_brand?post=8602"},{"taxonomy":"product_cat","embeddable":true,"href":"https:\/\/shop.bestudio.ee\/lv\/wp-json\/wp\/v2\/product_cat?post=8602"},{"taxonomy":"product_tag","embeddable":true,"href":"https:\/\/shop.bestudio.ee\/lv\/wp-json\/wp\/v2\/product_tag?post=8602"}],"curies":[{"name":"wp","href":"https:\/\/api.w.org\/{rel}","templated":true}]}}