{"id":8607,"date":"2022-06-05T18:20:27","date_gmt":"2022-06-05T18:20:27","guid":{"rendered":"https:\/\/pood.desolbeauty.ee\/?post_type=product&#038;p=8607"},"modified":"2025-12-01T00:32:09","modified_gmt":"2025-11-30T22:32:09","slug":"balancing-care-gel-tasakaalustav-hooldusgeel-2","status":"publish","type":"product","link":"https:\/\/shop.bestudio.ee\/lv\/products\/balancing-care-gel-tasakaalustav-hooldusgeel-2\/","title":{"rendered":"L\u012bdzsvarojo\u0161s kop\u0161anas g\u0113ls"},"content":{"rendered":"<p>140 ml,<\/p>\n<p>Akt\u012bv\u0101s sast\u0101vda\u013cas:<br \/>\nBurvju lazda regul\u0113 sviedru dziedzeru darb\u012bbu, atsvaidzina, izn\u012bcina bakt\u0113rijas \u0101das por\u0101s, tai piem\u012bt izcila antiseptiska, antibakteri\u0101la un prets\u0113n\u012b\u0161u iedarb\u012bba. Nomierina un pa\u0101trina \u0101das plaisu un skr\u0101p\u0113jumu sadz\u012b\u0161anu, sp\u0113c\u012bgs antioksidants.<\/p>\n<p>Esc\u012bns ir akt\u012bv\u0101 sast\u0101vda\u013ca, kas ieg\u016bta no zirgkasta\u0146a ekstrakta. No\u0146em piet\u016bkumu un smagumu. Tam ir pretiekaisuma un venotoniska iedarb\u012bba, tas atjauno caurlaid\u012bbu un samazina kapil\u0101ru trauslumu.<\/p>\n<p>Melle\u0146u ekstrakts mitrina un nomierina \u0101du, nodro\u0161inot vieglu prets\u0101pju efektu. Stimul\u0113 \u0161\u016bnu dal\u012b\u0161anos un br\u016b\u010du dz\u012b\u0161anu, nov\u0113r\u0161 plaisas un raupjus, p\u0101rkaltu\u0161us \u0101das laukumus.<\/p>\n<p>Ruscus Spiral Root Extract ir sp\u0113c\u012bgs dabisks l\u012bdzeklis pret t\u016bsku, stiprina asinsvadus, uzlabo mikrocirkul\u0101ciju, ir vazokonstrikcijas un pretiekaisuma iedarb\u012bba, mazina aps\u0101rtumu un smaguma saj\u016btu k\u0101j\u0101s.<\/p>\n<p>Mentols pal\u012bdz nov\u0113rst iekaisumu, mazina s\u0101pes un niezi, un tam ir nomierino\u0161a iedarb\u012bba uz \u0101du.<\/p>\n<p>Mentillakt\u0101tam piem\u012bt nomierino\u0161a, pretiekaisuma iedarb\u012bba, stimul\u0113 mikrocirkul\u0101ciju, toniz\u0113 \u0101du.<\/p>","protected":false},"excerpt":{"rendered":"<p>UZMAN\u012aBU! PRECES P\u0100RDOD TIKAI PROFESION\u0100L\u0100M! L\u016aDZU, PIESAKIES LAI SA\u0145EMT CENU!Sabalans\u0113ta kop\u0161ana mitrai p\u0113du \u0101dai satur augstu ekstraktu un bioakt\u012bvo komponentu kompleksa koncentr\u0101ciju. Nomierina un optimiz\u0113 sviedru dziedzeru darb\u012bbu, piem\u012bt antiseptiskas un savelko\u0161as \u012bpa\u0161\u012bbas. Pie\u0161\u0137ir p\u0113d\u0101m ilgsto\u0161u svaiguma saj\u016btu, ir atv\u0113sino\u0161s efekts. Toniz\u0113, uzlabo mikrocirkul\u0101ciju un vielmai\u0146as procesus, nov\u0113r\u0161 smaguma saj\u016btu un nogurumu k\u0101j\u0101s, nodro\u0161inot prett\u016bskas efektu. Nesatur parab\u0113nus un silikonus.<\/p>","protected":false},"featured_media":8916,"template":"","meta":[],"product_brand":[],"product_cat":[99,97,98,236,244,246,245],"product_tag":[187,186],"class_list":{"0":"post-8607","1":"product","2":"type-product","3":"status-publish","4":"has-post-thumbnail","6":"product_cat-straderm","7":"product_cat-personal-use","8":"product_cat-professional-use","9":"product_cat-lotion-cream","10":"product_cat-pedicure","11":"product_cat-homecare-products-pedicure","12":"product_cat-professional-products","13":"product_tag-care-gel","14":"product_tag-hooldusgeel","16":"first","17":"instock","18":"taxable","19":"shipping-taxable","20":"purchasable","21":"product-type-simple"},"jetpack_sharing_enabled":true,"_links":{"self":[{"href":"https:\/\/shop.bestudio.ee\/lv\/wp-json\/wp\/v2\/product\/8607","targetHints":{"allow":["GET"]}}],"collection":[{"href":"https:\/\/shop.bestudio.ee\/lv\/wp-json\/wp\/v2\/product"}],"about":[{"href":"https:\/\/shop.bestudio.ee\/lv\/wp-json\/wp\/v2\/types\/product"}],"wp:featuredmedia":[{"embeddable":true,"href":"https:\/\/shop.bestudio.ee\/lv\/wp-json\/wp\/v2\/media\/8916"}],"wp:attachment":[{"href":"https:\/\/shop.bestudio.ee\/lv\/wp-json\/wp\/v2\/media?parent=8607"}],"wp:term":[{"taxonomy":"product_brand","embeddable":true,"href":"https:\/\/shop.bestudio.ee\/lv\/wp-json\/wp\/v2\/product_brand?post=8607"},{"taxonomy":"product_cat","embeddable":true,"href":"https:\/\/shop.bestudio.ee\/lv\/wp-json\/wp\/v2\/product_cat?post=8607"},{"taxonomy":"product_tag","embeddable":true,"href":"https:\/\/shop.bestudio.ee\/lv\/wp-json\/wp\/v2\/product_tag?post=8607"}],"curies":[{"name":"wp","href":"https:\/\/api.w.org\/{rel}","templated":true}]}}