{"id":9233,"date":"2023-02-01T23:03:02","date_gmt":"2023-02-01T23:03:02","guid":{"rendered":"https:\/\/shop.bestudio.ee\/?post_type=product&#038;p=9233"},"modified":"2023-11-27T18:23:24","modified_gmt":"2023-11-27T18:23:24","slug":"9233","status":"publish","type":"product","link":"https:\/\/shop.bestudio.ee\/lv\/products\/9233\/","title":{"rendered":"Dadi l\u016bpu balzams"},"content":{"rendered":"<p>Kaste ar 12 vien\u012bb\u0101m. 1 vien\u012bba \u2013 3,75g.<\/p>\n<p><strong>Sast\u0101vda\u013cas<\/strong><\/p>\n<p>Bi\u0161u vasks kondicion\u0113\u0161anai<\/p>\n<p>Dadi e\u013c\u013cas e\u013c\u013cas<br \/>\nDab\u012bgais E vitam\u012bns<\/p>\n<p><strong>Iev\u0113rojamas sast\u0101vda\u013cas<span class=\"Apple-converted-space\">\u00a0<\/span><\/strong><b><span class=\"Apple-converted-space\"><br \/>\n<\/span><\/b>Bi\u0161u vasks<br \/>\nKokosriekstu e\u013c\u013ca<span class=\"Apple-converted-space\"><br \/>\n<\/span>Alveja<br \/>\nJojobas e\u013c\u013ca<\/p>\n<p><strong>N\u0113<\/strong><b><br \/>\n<\/b>Parab\u0113ni<br \/>\nNafta<\/p>","protected":false},"excerpt":{"rendered":"<p>100% dab\u012bgs ilgnotur\u012bgs kondicion\u0113jo\u0161s balzams<span class=\"Apple-converted-space\">\u00a0<\/span>l\u016bp\u0101m. T\u016bl\u012bt\u0113ji nomierina un mitrina sausas l\u016bpas.<\/p>","protected":false},"featured_media":9234,"template":"","meta":[],"product_brand":[],"product_cat":[52,85,240],"product_tag":[181,182],"class_list":{"0":"post-9233","1":"product","2":"type-product","3":"status-publish","4":"has-post-thumbnail","6":"product_cat-famous-names","7":"product_cat-dadi-lip-balm","8":"product_cat-lip-balm","9":"product_tag-huulepalsam","10":"product_tag-lip-balm","12":"first","13":"instock","14":"taxable","15":"shipping-taxable","16":"purchasable","17":"product-type-simple"},"jetpack_sharing_enabled":true,"_links":{"self":[{"href":"https:\/\/shop.bestudio.ee\/lv\/wp-json\/wp\/v2\/product\/9233","targetHints":{"allow":["GET"]}}],"collection":[{"href":"https:\/\/shop.bestudio.ee\/lv\/wp-json\/wp\/v2\/product"}],"about":[{"href":"https:\/\/shop.bestudio.ee\/lv\/wp-json\/wp\/v2\/types\/product"}],"wp:featuredmedia":[{"embeddable":true,"href":"https:\/\/shop.bestudio.ee\/lv\/wp-json\/wp\/v2\/media\/9234"}],"wp:attachment":[{"href":"https:\/\/shop.bestudio.ee\/lv\/wp-json\/wp\/v2\/media?parent=9233"}],"wp:term":[{"taxonomy":"product_brand","embeddable":true,"href":"https:\/\/shop.bestudio.ee\/lv\/wp-json\/wp\/v2\/product_brand?post=9233"},{"taxonomy":"product_cat","embeddable":true,"href":"https:\/\/shop.bestudio.ee\/lv\/wp-json\/wp\/v2\/product_cat?post=9233"},{"taxonomy":"product_tag","embeddable":true,"href":"https:\/\/shop.bestudio.ee\/lv\/wp-json\/wp\/v2\/product_tag?post=9233"}],"curies":[{"name":"wp","href":"https:\/\/api.w.org\/{rel}","templated":true}]}}