{"id":9263,"date":"2023-03-28T15:39:18","date_gmt":"2023-03-28T12:39:18","guid":{"rendered":"https:\/\/shop.bestudio.ee\/?post_type=product&#038;p=9263"},"modified":"2026-01-19T20:50:25","modified_gmt":"2026-01-19T18:50:25","slug":"perfect-blush-15ml-geltix-thixotropic-gel-gto1","status":"publish","type":"product","link":"https:\/\/shop.bestudio.ee\/lv\/products\/perfect-blush-15ml-geltix-thixotropic-gel-gto1\/","title":{"rendered":"Perfect Blush 15ml, GELTIX tiksotrops g\u0113ls GTO1"},"content":{"rendered":"<p lang=\"en-GB\"><strong>Geltix<\/strong><\/p>\n<p lang=\"en-GB\">Ieg\u016bstiet piln\u012bgu kontroli p\u0101r \u017eeleju, izmantojot Makear ra\u017eoto Geltix<\/p>\n<p>Tiksotropija ir viena no m\u016bsu celtniec\u012bbas g\u0113la \u012bpa\u0161\u012bb\u0101m. \u0160\u012b funkcija ir t\u0101 saukt\u0101 &quot;\u0161\u0137idruma atmi\u0146a&quot;, un t\u0101 \u013cauj izstr\u0101d\u0101jumam ide\u0101li sadarboties ar otu. Turkl\u0101t tas tiek izplat\u012bts ar m\u016bsu piesk\u0101rienu \u2013 tikai tur, kur m\u0113s v\u0113lamies. Kustinot otu, g\u0113ls main\u0101s no bieza uz vid\u0113ji biezu. Rezult\u0101t\u0101 to ir viegli uzkl\u0101t uz nagu. Ta\u010du, p\u0101rtraucot darbu ar otu, g\u0113la strukt\u016bra main\u0101s un t\u0101 paliek tur, kur to liekam. Visi \u0161ie faktori izraisa to, ka mums nav Geltix uz kutikul\u0101m. Turkl\u0101t, ja tas ir pareizi novietots, tas bez jebk\u0101diem trauc\u0113jumiem rada ide\u0101lu &quot;nagu gaismas l\u012bniju&quot;.<\/p>\n<p lang=\"en-GB\">Tas ir ide\u0101ls produkts cilv\u0113kiem, kuri str\u0101d\u0101 ar nev\u012bl\u0113\u0161anas tehniku un fant\u0101zijas fran\u010du metodi.<\/p>\n<p lang=\"en-GB\">Sal\u012bdzinot ar citiem tiksotropiem g\u0113liem, Geltix ir \u013coti bieza \u017eelejas konsistence bez \u0161iem produktiem rakstur\u012bgiem gabali\u0146iem.<\/p>\n<p lang=\"en-GB\"><strong>Iesp\u0113jas:<\/strong><\/p>\n<ul>\n<li>3 f\u0101\u017eu produkts<\/li>\n<li>bieza ar main\u0101mu konsistenci<\/li>\n<li>kas satur tiksotropijas tehnolo\u0123iju<\/li>\n<li>vid\u0113ji elast\u012bgs<\/li>\n<li>piln\u012bb\u0101 nosedzot<\/li>\n<\/ul>\n<p lang=\"en-GB\"><strong>Lieto\u0161ana:<\/strong><\/p>\n<ul>\n<li>neiesnieg\u0161anas tehnika<\/li>\n<li>nagu pieaudz\u0113\u0161ana, izmantojot formu<\/li>\n<li>dabisk\u0101s nagu pl\u0101ksnes nostiprin\u0101\u0161ana<\/li>\n<li>uzkr\u0101\u0161an\u0101s<\/li>\n<\/ul>\n<p lang=\"en-GB\"><strong>Priek\u0161roc\u012bbas:<\/strong><\/p>\n<ul>\n<li>Piln\u012bga kontrole p\u0101r produktu, pateicoties tiksotropijas tehnolo\u0123ijai<\/li>\n<li>Ide\u0101li piem\u0113rots nev\u012bl\u0113\u0161anas tehnikai<\/li>\n<li>Ide\u0101li piem\u0113rots fran\u010du fant\u0101zijas metodei<\/li>\n<li>&quot;Nagu gaismas l\u012bnijas&quot; izveide<\/li>\n<li>Neizplat\u0101s pa kutikul\u0101m<\/li>\n<\/ul>\n<ul>\n<li><strong>Produkts ir savietojams ar visiem manik\u012bra produktiem. LED lampas min. 48\u00a0W \u2013 1 min. 36W UV lampa \u2013 2min.<\/strong><\/li>\n<li><strong>MAKEAR\u2122\u00a0<\/strong>ir z\u012bmols, kas past\u0101v\u012bgi p\u0101rsteidz savus klientus, padarot to par l\u012bderi inov\u0101ciju jom\u0101.<\/li>\n<li><strong>MAKEAR\u2122\u00a0<\/strong>hibr\u012bda nagu lakas ir izgatavotas no augst\u0101k\u0101s kvalit\u0101tes komponentiem, lai apmierin\u0101tu vispras\u012bg\u0101ko klientu cer\u012bbas.<\/li>\n<li>Dzi\u013c\u0161 kr\u0101su pies\u0101tin\u0101jums, pla\u0161as un daudzveid\u012bgas kr\u0101sas un iztur\u012bba padar\u012bja Makear par l\u012bderi starp eso\u0161ajiem z\u012bmoliem.<\/li>\n<\/ul>\n<p>________________________________________________________________________<\/p>\n<p><strong>Geltix by Makear ir paredz\u0113ts profesion\u0101lai lieto\u0161anai.<\/strong><\/p>","protected":false},"excerpt":{"rendered":"<p>15 ml<\/p>","protected":false},"featured_media":9264,"template":"","meta":[],"product_brand":[],"product_cat":[116,119,120,222,225],"product_tag":[164,149,151,150],"class_list":{"0":"post-9263","1":"product","2":"type-product","3":"status-publish","4":"has-post-thumbnail","6":"product_cat-makear","7":"product_cat-gel","8":"product_cat-geltix-thixotropic-gel","9":"product_cat-sculpting-gel-acrygel","10":"product_cat-geltix-thixotropic-gel-sculpting-gel-acrygel","11":"product_tag-ehitugeel","12":"product_tag-gel","13":"product_tag-gel-nails","14":"product_tag-kuuntegeel","16":"first","17":"instock","18":"sale","19":"taxable","20":"shipping-taxable","21":"purchasable","22":"product-type-simple"},"jetpack_sharing_enabled":true,"_links":{"self":[{"href":"https:\/\/shop.bestudio.ee\/lv\/wp-json\/wp\/v2\/product\/9263","targetHints":{"allow":["GET"]}}],"collection":[{"href":"https:\/\/shop.bestudio.ee\/lv\/wp-json\/wp\/v2\/product"}],"about":[{"href":"https:\/\/shop.bestudio.ee\/lv\/wp-json\/wp\/v2\/types\/product"}],"wp:featuredmedia":[{"embeddable":true,"href":"https:\/\/shop.bestudio.ee\/lv\/wp-json\/wp\/v2\/media\/9264"}],"wp:attachment":[{"href":"https:\/\/shop.bestudio.ee\/lv\/wp-json\/wp\/v2\/media?parent=9263"}],"wp:term":[{"taxonomy":"product_brand","embeddable":true,"href":"https:\/\/shop.bestudio.ee\/lv\/wp-json\/wp\/v2\/product_brand?post=9263"},{"taxonomy":"product_cat","embeddable":true,"href":"https:\/\/shop.bestudio.ee\/lv\/wp-json\/wp\/v2\/product_cat?post=9263"},{"taxonomy":"product_tag","embeddable":true,"href":"https:\/\/shop.bestudio.ee\/lv\/wp-json\/wp\/v2\/product_tag?post=9263"}],"curies":[{"name":"wp","href":"https:\/\/api.w.org\/{rel}","templated":true}]}}