{"id":9360,"date":"2023-03-29T14:00:15","date_gmt":"2023-03-29T11:00:15","guid":{"rendered":"https:\/\/shop.bestudio.ee\/?post_type=product&#038;p=9360"},"modified":"2025-03-14T18:41:32","modified_gmt":"2025-03-14T16:41:32","slug":"top-no-wipe-8ml","status":"publish","type":"product","link":"https:\/\/shop.bestudio.ee\/lv\/products\/top-no-wipe-8ml\/","title":{"rendered":"Top No Wipe, 8ml"},"content":{"rendered":"<section id=\"projector_longdescription\" class=\"longdescription cm\" data-dictionary=\"true\"><strong>Aug\u0161pus\u0113 nav noslauc\u012bt<\/strong>Vai v\u0113laties uz saviem nagiem visiztur\u012bg\u0101ko un skaist\u0101ko mirdzumu? M\u0113s pied\u0101v\u0101jam Top No Wipe\u00a0\u2014 m\u016bsu bestselleru, kas sasniedza \u201cTop\u201d topus.<\/p>\n<ul>\n<li>Flexible Top, ko izmanto k\u0101 virsk\u0101rtu, bez dispersijas sl\u0101\u0146a, nodro\u0161ina perfektu sp\u012bdumu un iztur\u012bbu,<\/li>\n<li>Tas pasarg\u0101 kr\u0101sas no dzelt\u0113\u0161anas un neizmaina kr\u0101sas \u2013 meln\u0101 kr\u0101sa p\u0113c p\u0101rkl\u0101juma nemain\u0101s uz tum\u0161i zilu,<\/li>\n<li>Tas ir produkts, kas paredz\u0113ts, lai ier\u012bv\u0113tu jebkuru hroma putek\u0161\u0146u vai spogu\u013ca efektu,<\/li>\n<li>Konsistence - \u0161\u0137idra \/ pa\u0161izl\u012bdzino\u0161a,<\/li>\n<li><strong>Lieto\u0161anas metode:<\/strong> Uzkl\u0101jiet vid\u0113jo produkta daudzumu ar maig\u0101m kust\u012bb\u0101m gandr\u012bz gais\u0101 uz nagu pl\u0101ksnes, saciet\u0113jiet min. 60\u00a0sek. w lampie led \/ dualed. M\u0113s iesak\u0101m nogaid\u012bt apm\u0113ram 15-20 sekundes p\u0113c iz\u0146em\u0161anas no lampas, l\u012bdz Tops atdziest, p\u0113c \u0161\u012b laika varat uzkl\u0101t ol\u012bvu un baud\u012bt maksim\u0101li notur\u012bgu manik\u012bra efektu,<\/li>\n<li>Tilpums: 8ml,<\/li>\n<li>Mar\u0137\u0113jums: TNW.<\/li>\n<\/ul>\n<p>LED lampa min. 48\u00a0W \u2013 1 min. UV 36W lampa \u2013 2min.<\/p>\n<ul>\n<li><strong>MAKEAR\u2122 <\/strong>ir z\u012bmols, kas past\u0101v\u012bgi p\u0101rsteidz savus klientus, padarot to par l\u012bderi inov\u0101ciju jom\u0101.<\/li>\n<li><strong>MAKEAR\u2122 <\/strong>hibr\u012bda nagu lakas ir izgatavotas no augst\u0101k\u0101s kvalit\u0101tes komponentiem, lai apmierin\u0101tu vispras\u012bg\u0101ko klientu cer\u012bbas.<\/li>\n<li>Dzi\u013c\u0161 kr\u0101su pies\u0101tin\u0101jums, pla\u0161as un daudzveid\u012bgas kr\u0101sas un iztur\u012bba padar\u012bja Makear par l\u012bderi starp eso\u0161ajiem z\u012bmoliem.<\/li>\n<\/ul>\n<p>________________________________________________________________________<\/p>\n<p><strong>Makear hibr\u012bda nagu lakas ir paredz\u0113tas profesion\u0101lai lieto\u0161anai.<\/strong><\/p>\n<\/section>","protected":false},"excerpt":{"rendered":"<p>8 ml<\/p>","protected":false},"featured_media":9361,"template":"","meta":[],"product_brand":[],"product_cat":[116,219,228,118],"product_tag":[163,162],"class_list":{"0":"post-9360","1":"product","2":"type-product","3":"status-publish","4":"has-post-thumbnail","6":"product_cat-makear","7":"product_cat-base-and-top-coat","8":"product_cat-clear-base-and-top-coat","9":"product_cat-top-cover","10":"product_tag-pealislakk","11":"product_tag-top-coat","13":"first","14":"instock","15":"taxable","16":"shipping-taxable","17":"purchasable","18":"product-type-simple"},"jetpack_sharing_enabled":true,"_links":{"self":[{"href":"https:\/\/shop.bestudio.ee\/lv\/wp-json\/wp\/v2\/product\/9360","targetHints":{"allow":["GET"]}}],"collection":[{"href":"https:\/\/shop.bestudio.ee\/lv\/wp-json\/wp\/v2\/product"}],"about":[{"href":"https:\/\/shop.bestudio.ee\/lv\/wp-json\/wp\/v2\/types\/product"}],"wp:featuredmedia":[{"embeddable":true,"href":"https:\/\/shop.bestudio.ee\/lv\/wp-json\/wp\/v2\/media\/9361"}],"wp:attachment":[{"href":"https:\/\/shop.bestudio.ee\/lv\/wp-json\/wp\/v2\/media?parent=9360"}],"wp:term":[{"taxonomy":"product_brand","embeddable":true,"href":"https:\/\/shop.bestudio.ee\/lv\/wp-json\/wp\/v2\/product_brand?post=9360"},{"taxonomy":"product_cat","embeddable":true,"href":"https:\/\/shop.bestudio.ee\/lv\/wp-json\/wp\/v2\/product_cat?post=9360"},{"taxonomy":"product_tag","embeddable":true,"href":"https:\/\/shop.bestudio.ee\/lv\/wp-json\/wp\/v2\/product_tag?post=9360"}],"curies":[{"name":"wp","href":"https:\/\/api.w.org\/{rel}","templated":true}]}}