{"id":9362,"date":"2023-03-29T14:14:44","date_gmt":"2023-03-29T11:14:44","guid":{"rendered":"https:\/\/shop.bestudio.ee\/?post_type=product&#038;p=9362"},"modified":"2025-02-13T23:43:51","modified_gmt":"2025-02-13T21:43:51","slug":"base-coat-8ml","status":"publish","type":"product","link":"https:\/\/shop.bestudio.ee\/lv\/products\/base-coat-8ml\/","title":{"rendered":"Base Coat, 8ml"},"content":{"rendered":"<section id=\"projector_longdescription\" class=\"longdescription cm\" data-dictionary=\"true\"><strong>B\u0101zes p\u0101rkl\u0101jums <\/strong>Klasisk\u0101 hibr\u012bda b\u0101ze, ko var izmantot k\u0101 l\u012bdzekli Building Bases vai Gel adh\u0113zijas palielin\u0101\u0161anai. Neaizst\u0101jams elements hibr\u012bda manik\u012bram.<\/p>\n<ul>\n<li>\u012apa\u0161\u012bbas: k\u0101 b\u0101zes k\u0101rta. M\u0113s iesak\u0101m to lietot zem hibr\u012bda kr\u0101sas, Builder Base, k\u0101 ar\u012b zem g\u0113la masas. Uzkl\u0101ts uz pareizi sagatavota naga, nodro\u0161ina perfektu sa\u0137eri un notur\u012bgu veidojumu.<\/li>\n<li>Nav nepiecie\u0161ams grunt\u0113jums,<\/li>\n<li>Konsistence: pl\u0101ns \/ pa\u0161izl\u012bdzino\u0161s,<\/li>\n<li><strong>K\u0101 izmantot: <\/strong>kr\u0101sojiet pl\u0101nu k\u0101rtu zem hibr\u012bda, ier\u012bv\u0113jiet pl\u0101ksn\u0113 ar otu zem g\u0113la masas un 60 sekundes nocietiniet LED \/ dubult\u0101 LED lamp\u0101,<\/li>\n<li>Pirms cita produkta uzkl\u0101\u0161anas nav nepiecie\u0161ama mazg\u0101\u0161ana,<\/li>\n<li>Tilpums: 8 ml,<\/li>\n<li>Mar\u0137\u0113jums: B<\/li>\n<\/ul>\n<p>LED lampa min. 48\u00a0W \u2013 1 min. 36W UV lampa \u2013 2min.<\/p>\n<ul>\n<li><strong>MAKEAR\u2122 <\/strong>ir z\u012bmols, kas past\u0101v\u012bgi p\u0101rsteidz savus klientus, padarot to par l\u012bderi inov\u0101ciju jom\u0101.<\/li>\n<li><strong>MAKEAR\u2122 <\/strong>hibr\u012bda nagu lakas ir izgatavotas no augst\u0101k\u0101s kvalit\u0101tes komponentiem, lai apmierin\u0101tu vispras\u012bg\u0101ko klientu cer\u012bbas.<\/li>\n<li>Dzi\u013c\u0161 kr\u0101su pies\u0101tin\u0101jums, pla\u0161as un daudzveid\u012bgas kr\u0101sas un iztur\u012bba padar\u012bja Makear par l\u012bderi starp eso\u0161ajiem z\u012bmoliem.<\/li>\n<\/ul>\n<p>________________________________________________________________________<\/p>\n<p><strong>Makear Base Coat ir paredz\u0113ts profesion\u0101lai lieto\u0161anai.<\/strong><\/p>\n<p>&nbsp;<\/p>\n<p>SAST\u0100VDA\u013bAS: POLIURET\u0100NA AKRILSVE\u0136I, HEMA, TRIMETILBENZOILDIFENILFOSF\u012aNA OKS\u012aDS, HIDROKSIKLOHEKSILA FENILKETONS, BIS(METAKRILOKSIETIL)FOSF\u0100TS.<\/p>\n<\/section>","protected":false},"excerpt":{"rendered":"<p>8 ml<\/p>","protected":false},"featured_media":9363,"template":"","meta":[],"product_brand":[],"product_cat":[116,219,228,117,136],"product_tag":[179,180],"class_list":{"0":"post-9362","1":"product","2":"type-product","3":"status-publish","4":"has-post-thumbnail","6":"product_cat-makear","7":"product_cat-base-and-top-coat","8":"product_cat-clear-base-and-top-coat","9":"product_cat-base","10":"product_cat-base-clear","11":"product_tag-kuunte-aluslakk","12":"product_tag-nail-base-coat","14":"first","15":"instock","16":"taxable","17":"shipping-taxable","18":"purchasable","19":"product-type-simple"},"jetpack_sharing_enabled":true,"_links":{"self":[{"href":"https:\/\/shop.bestudio.ee\/lv\/wp-json\/wp\/v2\/product\/9362","targetHints":{"allow":["GET"]}}],"collection":[{"href":"https:\/\/shop.bestudio.ee\/lv\/wp-json\/wp\/v2\/product"}],"about":[{"href":"https:\/\/shop.bestudio.ee\/lv\/wp-json\/wp\/v2\/types\/product"}],"wp:featuredmedia":[{"embeddable":true,"href":"https:\/\/shop.bestudio.ee\/lv\/wp-json\/wp\/v2\/media\/9363"}],"wp:attachment":[{"href":"https:\/\/shop.bestudio.ee\/lv\/wp-json\/wp\/v2\/media?parent=9362"}],"wp:term":[{"taxonomy":"product_brand","embeddable":true,"href":"https:\/\/shop.bestudio.ee\/lv\/wp-json\/wp\/v2\/product_brand?post=9362"},{"taxonomy":"product_cat","embeddable":true,"href":"https:\/\/shop.bestudio.ee\/lv\/wp-json\/wp\/v2\/product_cat?post=9362"},{"taxonomy":"product_tag","embeddable":true,"href":"https:\/\/shop.bestudio.ee\/lv\/wp-json\/wp\/v2\/product_tag?post=9362"}],"curies":[{"name":"wp","href":"https:\/\/api.w.org\/{rel}","templated":true}]}}