{"id":9383,"date":"2023-04-05T18:19:08","date_gmt":"2023-04-05T18:19:08","guid":{"rendered":"https:\/\/shop.bestudio.ee\/?post_type=product&#038;p=9383"},"modified":"2025-12-01T00:42:00","modified_gmt":"2025-11-30T22:42:00","slug":"builder-base-cover","status":"publish","type":"product","link":"https:\/\/shop.bestudio.ee\/lv\/products\/builder-base-cover\/","title":{"rendered":"Builder Base Cover, 8ml"},"content":{"rendered":"<p>8 ml,<\/p>\n<p>SAST\u0100VDA\u013bAS: AKRIL\u0100TU KOPOLIMERS, HEMA, IZOBORNILA METARIL\u0100TS, HIDROKSIKLOHEKSILA FENILKETONS, TRIMETILBENZOLDIFENILFOSF\u012aNA OKS\u012aDS, +\/-: CI 45410, CI 15819774,5819774,5819074 10, CI\u00a077499, CI\u00a077891, CI\u00a077288.<\/p>","protected":false},"excerpt":{"rendered":"<p><strong>Builder b\u0101zes p\u0101rsegs <\/strong><\/p>\n<p>Pamatne ar univers\u0101lu siltu smil\u0161kr\u0101sas nokr\u0101su ar 100% p\u0101rkl\u0101jumu. Izmantojiet to k\u0101 kr\u0101su pamatu vai atst\u0101jiet dabisku izskatu. Produkts ir lieliski piem\u0113rots fran\u010du vai Baby Boomer. T\u0101 pat\u012bkam\u0101 tekst\u016bra neb\u016bs probl\u0113ma pat ies\u0101c\u0113ju stilistiem.<\/p>\n<ul>\n<li>Kr\u0101sa: silts Nude tonis,<\/li>\n<li>Necaurredzam\u012bba: 100%,<\/li>\n<li>Lieliski piem\u0113rots, lai mask\u0113tu nepiln\u012bbas,<\/li>\n<li>Lieliski piem\u0113rots k\u0101 fran\u010du stila pamats,<\/li>\n<li>Ar \u0161o produktu j\u016bs varat viegli papildin\u0101t \u017eelejas atjauno\u0161anos,<\/li>\n<li>B\u0101zi var viegli pagarin\u0101t pl\u0101ksni. Maksim\u0101li l\u012bdz 1 fl\u012bzei,<\/li>\n<li>\u012apa\u0161\u012bbas: cieta \u0113kas pamatne,<\/li>\n<li>Ide\u0101li piem\u0113rots dab\u012bgu fl\u012b\u017eu saciet\u0113\u0161anai un loka veido\u0161anai, kas aizsarg\u0101 pret meh\u0101niskiem boj\u0101jumiem,<\/li>\n<li>Konsistence: vid\u0113ji bl\u012bva \/ pa\u0161izl\u012bdzino\u0161a,<\/li>\n<li>Tilpums: 8 ml,<\/li>\n<li>Mar\u0137\u0113jums: BB v\u0101ks,<\/li>\n<\/ul>\n<p>LED lampa min. 48\u00a0W \u2013 1 min. 36W UV lampa \u2013 2min.<\/p>\n<ul>\n<li><strong>K\u0101 izmantot: <\/strong>rekomend\u0113jam lietot uz iepriek\u0161 r\u016bd\u012btas klasisk\u0101s b\u0101zes \u201cBase\u201d. M\u0113s ciet\u0113jam vismaz 60 sekundes led\/dubult\u0101 lamp\u0101. Pirms kr\u0101sas uzkl\u0101\u0161anas nav nepiecie\u0161ams noslauc\u012bt,<\/li>\n<\/ul>\n<p>________________________________________________________________________<\/p>\n<ul>\n<li><strong>MAKEAR\u2122 <\/strong>ir z\u012bmols, kas past\u0101v\u012bgi p\u0101rsteidz savus klientus, pateicoties kam tas ir k\u013cuvis par inov\u0101ciju l\u012bderi.<\/li>\n<li><strong>MAKEAR\u2122 <\/strong>hibr\u012bda nagu lakas ir izgatavotas no augst\u0101k\u0101s kvalit\u0101tes komponentiem, lai apmierin\u0101tu vispras\u012bg\u0101ko klientu cer\u012bbas.<\/li>\n<li>Dzi\u013c\u0161 kr\u0101su pies\u0101tin\u0101jums, pla\u0161as un daudzveid\u012bgas kr\u0101sas un iztur\u012bba padar\u012bja Makear par l\u012bderi starp eso\u0161ajiem z\u012bmoliem.<\/li>\n<\/ul>\n<p>________________________________________________________________________<\/p>\n<p><strong>Builder Base Cover Makear ir paredz\u0113ts profesion\u0101lai lieto\u0161anai.<\/strong><\/p>","protected":false},"featured_media":9384,"template":"","meta":[],"product_brand":[],"product_cat":[116,219,117,130,232,220],"product_tag":[157,156],"class_list":{"0":"post-9383","1":"product","2":"type-product","3":"status-publish","4":"has-post-thumbnail","6":"product_cat-makear","7":"product_cat-base-and-top-coat","8":"product_cat-base","9":"product_cat-builder-base-nude","10":"product_cat-builder-base-coat","11":"product_cat-colourful-base-coat","12":"product_tag-bulder-base","13":"product_tag-ehitusbaas","15":"first","16":"instock","17":"taxable","18":"shipping-taxable","19":"purchasable","20":"product-type-simple"},"jetpack_sharing_enabled":true,"_links":{"self":[{"href":"https:\/\/shop.bestudio.ee\/lv\/wp-json\/wp\/v2\/product\/9383","targetHints":{"allow":["GET"]}}],"collection":[{"href":"https:\/\/shop.bestudio.ee\/lv\/wp-json\/wp\/v2\/product"}],"about":[{"href":"https:\/\/shop.bestudio.ee\/lv\/wp-json\/wp\/v2\/types\/product"}],"wp:featuredmedia":[{"embeddable":true,"href":"https:\/\/shop.bestudio.ee\/lv\/wp-json\/wp\/v2\/media\/9384"}],"wp:attachment":[{"href":"https:\/\/shop.bestudio.ee\/lv\/wp-json\/wp\/v2\/media?parent=9383"}],"wp:term":[{"taxonomy":"product_brand","embeddable":true,"href":"https:\/\/shop.bestudio.ee\/lv\/wp-json\/wp\/v2\/product_brand?post=9383"},{"taxonomy":"product_cat","embeddable":true,"href":"https:\/\/shop.bestudio.ee\/lv\/wp-json\/wp\/v2\/product_cat?post=9383"},{"taxonomy":"product_tag","embeddable":true,"href":"https:\/\/shop.bestudio.ee\/lv\/wp-json\/wp\/v2\/product_tag?post=9383"}],"curies":[{"name":"wp","href":"https:\/\/api.w.org\/{rel}","templated":true}]}}