{"id":9387,"date":"2023-04-05T18:41:52","date_gmt":"2023-04-05T18:41:52","guid":{"rendered":"https:\/\/shop.bestudio.ee\/?post_type=product&#038;p=9387"},"modified":"2026-01-19T20:20:21","modified_gmt":"2026-01-19T18:20:21","slug":"builder-base-princess-8ml","status":"publish","type":"product","link":"https:\/\/shop.bestudio.ee\/lv\/products\/builder-base-princess-8ml\/","title":{"rendered":"Builder Base Princess, 8ml"},"content":{"rendered":"<p>8 ml,<\/p>\n<p>SAST\u0100VDA\u013bAS: AKRIL\u0100TU KOPOLIMERS, HEMA, IZOBORNILA METARIL\u0100TS, HIDROKSIKLOHEKSILA FENILKETONS, TRIMETILBENZOILA DIFENILFOSF\u012aNA OKS\u012aDS, +\/-: CI 45410, CI 45410, CI 15410, CI 1581,774,74CI0 510, CI\u00a077499, CI\u00a077891, CI\u00a077288.<\/p>","protected":false},"excerpt":{"rendered":"<p><strong>Builder Base Princess <\/strong><\/p>\n<p>Pamatne, kas apvieno m\u016bsu divus popul\u0101r\u0101kos \u0113ku pamat\u0146u to\u0146us \u2013 Cover un Milky. Izmantojiet to k\u0101 kr\u0101su pamatu vai atst\u0101jiet dabisku izskatu. Produkts ir lieliski piem\u0113rots fran\u010du vai Baby Boomer vecumam. T\u0101 pat\u012bkam\u0101 konsistence neb\u016bs probl\u0113ma pat ies\u0101c\u0113ju stilistiem.<\/p>\n<ul>\n<li>Kr\u0101sa: Pliks tonis,<\/li>\n<li>Necaurredzam\u012bba: 80%,<\/li>\n<li>Lieliski piem\u0113rots nepiln\u012bbu mask\u0113\u0161anai,<\/li>\n<li>Lieliski piem\u0113rots k\u0101 fran\u010du stila pamats,<\/li>\n<li>Ar \u0161o produktu j\u016bs varat viegli pabeigt \u017eelejas atjauno\u0161anos,<\/li>\n<li>Izmantojot pamatni, varat viegli pagarin\u0101t pl\u0101ksni. L\u012bdz 1 fl\u012bzei,<\/li>\n<li>\u012apa\u0161\u012bbas: cieta \u0113kas pamatne,<\/li>\n<li>Ide\u0101li piem\u0113rots dab\u012bgu fl\u012b\u017eu saciet\u0113\u0161anai un loka veido\u0161anai, kas aizsarg\u0101 pret meh\u0101niskiem boj\u0101jumiem,<\/li>\n<li>Konsistence: vid\u0113ji bieza \/ pa\u0161izl\u012bdzino\u0161a,<\/li>\n<li>Tilpums: 8 ml,<\/li>\n<li>Mar\u0137\u0113jums: BB Princess,<\/li>\n<\/ul>\n<p>LED lampa min. 48\u00a0W \u2013 1 min. 36W UV lampa \u2013 2min.<\/p>\n<ul>\n<li><strong>K\u0101 izmantot: <\/strong>m\u0113s iesak\u0101m to izmantot uz iepriek\u0161 r\u016bd\u012btas klasisk\u0101s &quot;B\u0101zes&quot;. M\u0113s ciet\u0113jam vismaz 60 sekundes led\/dubult\u0101 lamp\u0101. Pirms kr\u0101sas uzkl\u0101\u0161anas nav nepiecie\u0161ams noslauc\u012bt,<\/li>\n<\/ul>\n<p>________________________________________________________________________<\/p>\n<ul>\n<li><strong>MAKEAR\u2122 <\/strong>ir z\u012bmols, kas past\u0101v\u012bgi p\u0101rsteidz savus klientus, padarot to par l\u012bderi inov\u0101ciju jom\u0101.<\/li>\n<li><strong>MAKEAR\u2122 <\/strong>hibr\u012bda nagu lakas ir izgatavotas no augst\u0101k\u0101s kvalit\u0101tes komponentiem, lai apmierin\u0101tu vispras\u012bg\u0101ko klientu cer\u012bbas.<\/li>\n<li>Dzi\u013c\u0161 kr\u0101su pies\u0101tin\u0101jums, pla\u0161as un daudzveid\u012bgas kr\u0101sas un iztur\u012bba padar\u012bja Makear par l\u012bderi starp eso\u0161ajiem z\u012bmoliem.<\/li>\n<\/ul>\n<p>______________________________________________________________________<\/p>\n<p><strong>Builder Base Princess Makear ir paredz\u0113ts profesion\u0101lai lieto\u0161anai.<\/strong><\/p>","protected":false},"featured_media":9388,"template":"","meta":[],"product_brand":[],"product_cat":[116,219,117,130,232,220],"product_tag":[157,156],"class_list":{"0":"post-9387","1":"product","2":"type-product","3":"status-publish","4":"has-post-thumbnail","6":"product_cat-makear","7":"product_cat-base-and-top-coat","8":"product_cat-base","9":"product_cat-builder-base-nude","10":"product_cat-builder-base-coat","11":"product_cat-colourful-base-coat","12":"product_tag-bulder-base","13":"product_tag-ehitusbaas","15":"first","16":"instock","17":"taxable","18":"shipping-taxable","19":"purchasable","20":"product-type-simple"},"jetpack_sharing_enabled":true,"_links":{"self":[{"href":"https:\/\/shop.bestudio.ee\/lv\/wp-json\/wp\/v2\/product\/9387","targetHints":{"allow":["GET"]}}],"collection":[{"href":"https:\/\/shop.bestudio.ee\/lv\/wp-json\/wp\/v2\/product"}],"about":[{"href":"https:\/\/shop.bestudio.ee\/lv\/wp-json\/wp\/v2\/types\/product"}],"wp:featuredmedia":[{"embeddable":true,"href":"https:\/\/shop.bestudio.ee\/lv\/wp-json\/wp\/v2\/media\/9388"}],"wp:attachment":[{"href":"https:\/\/shop.bestudio.ee\/lv\/wp-json\/wp\/v2\/media?parent=9387"}],"wp:term":[{"taxonomy":"product_brand","embeddable":true,"href":"https:\/\/shop.bestudio.ee\/lv\/wp-json\/wp\/v2\/product_brand?post=9387"},{"taxonomy":"product_cat","embeddable":true,"href":"https:\/\/shop.bestudio.ee\/lv\/wp-json\/wp\/v2\/product_cat?post=9387"},{"taxonomy":"product_tag","embeddable":true,"href":"https:\/\/shop.bestudio.ee\/lv\/wp-json\/wp\/v2\/product_tag?post=9387"}],"curies":[{"name":"wp","href":"https:\/\/api.w.org\/{rel}","templated":true}]}}