{"id":9568,"date":"2023-05-25T21:50:34","date_gmt":"2023-05-25T21:50:34","guid":{"rendered":"https:\/\/shop.bestudio.ee\/?post_type=product&#038;p=9568"},"modified":"2026-01-19T20:53:34","modified_gmt":"2026-01-19T18:53:34","slug":"404-uv-gel-polish-glossy-8ml","status":"publish","type":"product","link":"https:\/\/shop.bestudio.ee\/lv\/products\/404-uv-gel-polish-glossy-8ml\/","title":{"rendered":"404 UV g\u0113la laka \u2013 sp\u012bd\u012bga, 8ml"},"content":{"rendered":"<p>8 ml,<\/p>\n<p>Atgriezieties 90. gados un par\u0101diet to uz saviem nagiem! Izveido pats savu \u201cGLOSSY\u201d Nails \u2013 modernu retro noska\u0146u manik\u012bru.<\/p>\n<p>Stila tendences atgrie\u017eas, un t\u0101s sme\u013cas iedvesmu no vecajiem laikiem. MAKEAR vienm\u0113r ir atjaunin\u0101ta. Rezult\u0101t\u0101 m\u0113s ievie\u0161am jaunu g\u0113la laku, kas iedvesmota no ikonisk\u0101 l\u016bpu sp\u012bduma, kura iek\u0161pus\u0113 ir smalki mirdzumi. Tas mirgo ar daudzkr\u0101sainiem 90.\u00a0gadu plankumiem!<\/p>\n<p>GLOSSY kolekcija \u2013 4 da\u017e\u0101das g\u0113la lakas ar zaigojuma efektu \u2013 kr\u0101sas tiek main\u012btas atbilsto\u0161i gaismas veidam. G\u0113la laka ir nedaudz caursp\u012bd\u012bga. J\u016bs varat izveidot daudzas nagu stiliz\u0101cijas atkar\u012bb\u0101 no j\u016bsu noska\u0146ojuma, un nav noz\u012bmes tam, k\u0101da veida b\u0101ze vai \u017eelejas tiek izmantotas stiliz\u0101ciju veido\u0161anai.<\/p>\n<p>G\u0113la laka ar <strong>MAKEAR<\/strong> ir iztur\u012bbas un uzticam\u012bbas garantija. Kr\u0113mveida konsistence, augsta pigment\u0101cija, k\u0101 ar\u012b perfektas formas ota atvieglo un pa\u0101trina darbu. T\u0101 k\u0101 m\u016bsu pied\u0101v\u0101jum\u0101 ir vair\u0101k nek\u0101 300 kr\u0101su, m\u0113s esam p\u0101rliecin\u0101ti, ka varam apmierin\u0101t daudzus klientus.<\/p>\n<ul>\n<li>Pa\u0161l\u012bme\u0146o\u0161an\u0101s<\/li>\n<li>\u013boti pigment\u0113ts \u2013 100% p\u0101rkl\u0101jums<\/li>\n<li>Kr\u0113m\u012bga un vid\u0113ji bieza konsistence<\/li>\n<li>Kr\u0101sas neatst\u0101j sv\u012btras<\/li>\n<li>Perfektas formas ota<\/li>\n<li>Uz v\u0101ci\u0146a redzama \u012bsta kr\u0101sa<\/li>\n<li>G\u0113la laka ir iepakota neliel\u0101 kartona kast\u012bt\u0113, kas nodro\u0161ina dro\u0161u g\u0113la lakas transport\u0113\u0161anu<\/li>\n<li>Tilpums: 8ml<\/li>\n<li>\u00a0LED lampa min 48W \u2013 1min ; UV lampa 36W \u2013 2min<\/li>\n<\/ul>\n<p>*Kr\u0101su test\u0113t\u0101j\u0101 redzam\u0101s kr\u0101sas var nedaudz at\u0161\u0137irties no paties\u012bb\u0101 redzam\u0101s kr\u0101sas.<\/p>","protected":false},"excerpt":{"rendered":"<p>Atgriezieties 90. gados un par\u0101diet to uz saviem nagiem! Izveido pats savu \u201cGLOSSY\u201d Nails \u2013 modernu retro noska\u0146u manik\u012bru.<\/p>","protected":false},"featured_media":9569,"template":"","meta":[],"product_brand":[],"product_cat":[116,131,133,218,247],"product_tag":[152,153],"class_list":{"0":"post-9568","1":"product","2":"type-product","3":"status-publish","4":"has-post-thumbnail","6":"product_cat-makear","7":"product_cat-gel-polishes-makear","8":"product_cat-glossy","9":"product_cat-nail-gel-polishes","10":"product_cat-glossy-nail-gel-polishes","11":"product_tag-geellakk","12":"product_tag-gel-polish","14":"first","15":"instock","16":"taxable","17":"shipping-taxable","18":"purchasable","19":"product-type-simple"},"jetpack_sharing_enabled":true,"_links":{"self":[{"href":"https:\/\/shop.bestudio.ee\/lv\/wp-json\/wp\/v2\/product\/9568","targetHints":{"allow":["GET"]}}],"collection":[{"href":"https:\/\/shop.bestudio.ee\/lv\/wp-json\/wp\/v2\/product"}],"about":[{"href":"https:\/\/shop.bestudio.ee\/lv\/wp-json\/wp\/v2\/types\/product"}],"wp:featuredmedia":[{"embeddable":true,"href":"https:\/\/shop.bestudio.ee\/lv\/wp-json\/wp\/v2\/media\/9569"}],"wp:attachment":[{"href":"https:\/\/shop.bestudio.ee\/lv\/wp-json\/wp\/v2\/media?parent=9568"}],"wp:term":[{"taxonomy":"product_brand","embeddable":true,"href":"https:\/\/shop.bestudio.ee\/lv\/wp-json\/wp\/v2\/product_brand?post=9568"},{"taxonomy":"product_cat","embeddable":true,"href":"https:\/\/shop.bestudio.ee\/lv\/wp-json\/wp\/v2\/product_cat?post=9568"},{"taxonomy":"product_tag","embeddable":true,"href":"https:\/\/shop.bestudio.ee\/lv\/wp-json\/wp\/v2\/product_tag?post=9568"}],"curies":[{"name":"wp","href":"https:\/\/api.w.org\/{rel}","templated":true}]}}