{"id":9571,"date":"2023-05-26T12:09:26","date_gmt":"2023-05-26T12:09:26","guid":{"rendered":"https:\/\/shop.bestudio.ee\/?post_type=product&#038;p=9571"},"modified":"2023-11-01T17:03:00","modified_gmt":"2023-11-01T17:03:00","slug":"aceton-500ml","status":"publish","type":"product","link":"https:\/\/shop.bestudio.ee\/lv\/products\/aceton-500ml\/","title":{"rendered":"Acetons, 500 ml"},"content":{"rendered":"<p>Acetons 500 ml<\/p>\n<ul>\n<li>T\u012brs kosm\u0113tiskais acetons,<\/li>\n<li>Nepiecie\u0161ams hibr\u012bda manik\u012bra no\u0146em\u0161anai,<\/li>\n<li>Augst\u0101k\u0101 kvalit\u0101te,<\/li>\n<li>500 ml ietilp\u012bba.<\/li>\n<\/ul>\n<p>&nbsp;<\/p>","protected":false},"excerpt":{"rendered":"<p>Acetons 500ml T\u012brs kosm\u0113tiskais acetons, Nepiecie\u0161ams hibr\u012bdmanik\u012bra no\u0146em\u0161anai, Augst\u0101k\u0101 kvalit\u0101te, 500 ml ietilp\u012bba. &nbsp;<\/p>","protected":false},"featured_media":9572,"template":"","meta":[],"product_brand":[],"product_cat":[116,134,227],"product_tag":[176,175],"class_list":{"0":"post-9571","1":"product","2":"type-product","3":"status-publish","4":"has-post-thumbnail","6":"product_cat-makear","7":"product_cat-professional-liquids","8":"product_cat-liquids-and-prep","9":"product_tag-aceton","10":"product_tag-atsetoon","12":"first","13":"instock","14":"taxable","15":"shipping-taxable","16":"purchasable","17":"product-type-simple"},"jetpack_sharing_enabled":true,"_links":{"self":[{"href":"https:\/\/shop.bestudio.ee\/lv\/wp-json\/wp\/v2\/product\/9571","targetHints":{"allow":["GET"]}}],"collection":[{"href":"https:\/\/shop.bestudio.ee\/lv\/wp-json\/wp\/v2\/product"}],"about":[{"href":"https:\/\/shop.bestudio.ee\/lv\/wp-json\/wp\/v2\/types\/product"}],"wp:featuredmedia":[{"embeddable":true,"href":"https:\/\/shop.bestudio.ee\/lv\/wp-json\/wp\/v2\/media\/9572"}],"wp:attachment":[{"href":"https:\/\/shop.bestudio.ee\/lv\/wp-json\/wp\/v2\/media?parent=9571"}],"wp:term":[{"taxonomy":"product_brand","embeddable":true,"href":"https:\/\/shop.bestudio.ee\/lv\/wp-json\/wp\/v2\/product_brand?post=9571"},{"taxonomy":"product_cat","embeddable":true,"href":"https:\/\/shop.bestudio.ee\/lv\/wp-json\/wp\/v2\/product_cat?post=9571"},{"taxonomy":"product_tag","embeddable":true,"href":"https:\/\/shop.bestudio.ee\/lv\/wp-json\/wp\/v2\/product_tag?post=9571"}],"curies":[{"name":"wp","href":"https:\/\/api.w.org\/{rel}","templated":true}]}}