{"id":9576,"date":"2023-05-26T12:20:31","date_gmt":"2023-05-26T12:20:31","guid":{"rendered":"https:\/\/shop.bestudio.ee\/?post_type=product&#038;p=9576"},"modified":"2026-01-19T20:21:57","modified_gmt":"2026-01-19T18:21:57","slug":"cleaner-500ml","status":"publish","type":"product","link":"https:\/\/shop.bestudio.ee\/lv\/products\/cleaner-500ml\/","title":{"rendered":"T\u012br\u012b\u0161anas l\u012bdzeklis, 500ml"},"content":{"rendered":"<p>Apkop\u0113ja<\/p>\n<p>Profesion\u0101ls \u0161\u0137idrums t\u012br\u012b\u0161anai un attauko\u0161anai Efekt\u012bvi no\u0146em visus taukus no nagu vai uzga\u013ca pl\u0101ksnes<\/p>\n<p>Tilpums: 500ml<\/p>","protected":false},"excerpt":{"rendered":"<p>MAKEAR\u2122 ir z\u012bmols, kas past\u0101v\u012bgi p\u0101rsteidz savus klientus un l\u012bdz ar to ir k\u013cuvis par inov\u0101ciju l\u012bderi.<br \/>\nMAKEAR\u2122 g\u0113la lakas ir izgatavotas no lab\u0101kaj\u0101m sast\u0101vda\u013c\u0101m, lai apmierin\u0101tu m\u016bsu klientu v\u0113lmes, pat tos, kuri ir patie\u0161\u0101m pras\u012bgi.<br \/>\nDzi\u013c\u0161 kr\u0101su pies\u0101tin\u0101jums, pla\u0161a kr\u0101su gamma un iztur\u012bba ir padar\u012bjusi MAKEAR par l\u012bderi nagu industrij\u0101.<\/p>\n<hr \/>\n<p>T\u012br\u012b\u0161anas l\u012bdzeklis paredz\u0113ts profesion\u0101lai lieto\u0161anai.<\/p>","protected":false},"featured_media":9577,"template":"","meta":[],"product_brand":[],"product_cat":[116,134,227],"product_tag":[174,173],"class_list":{"0":"post-9576","1":"product","2":"type-product","3":"status-publish","4":"has-post-thumbnail","6":"product_cat-makear","7":"product_cat-professional-liquids","8":"product_cat-liquids-and-prep","9":"product_tag-cleaner","10":"product_tag-koristaja","12":"first","13":"instock","14":"taxable","15":"shipping-taxable","16":"purchasable","17":"product-type-simple"},"jetpack_sharing_enabled":true,"_links":{"self":[{"href":"https:\/\/shop.bestudio.ee\/lv\/wp-json\/wp\/v2\/product\/9576","targetHints":{"allow":["GET"]}}],"collection":[{"href":"https:\/\/shop.bestudio.ee\/lv\/wp-json\/wp\/v2\/product"}],"about":[{"href":"https:\/\/shop.bestudio.ee\/lv\/wp-json\/wp\/v2\/types\/product"}],"wp:featuredmedia":[{"embeddable":true,"href":"https:\/\/shop.bestudio.ee\/lv\/wp-json\/wp\/v2\/media\/9577"}],"wp:attachment":[{"href":"https:\/\/shop.bestudio.ee\/lv\/wp-json\/wp\/v2\/media?parent=9576"}],"wp:term":[{"taxonomy":"product_brand","embeddable":true,"href":"https:\/\/shop.bestudio.ee\/lv\/wp-json\/wp\/v2\/product_brand?post=9576"},{"taxonomy":"product_cat","embeddable":true,"href":"https:\/\/shop.bestudio.ee\/lv\/wp-json\/wp\/v2\/product_cat?post=9576"},{"taxonomy":"product_tag","embeddable":true,"href":"https:\/\/shop.bestudio.ee\/lv\/wp-json\/wp\/v2\/product_tag?post=9576"}],"curies":[{"name":"wp","href":"https:\/\/api.w.org\/{rel}","templated":true}]}}