{"id":9602,"date":"2023-05-26T13:01:45","date_gmt":"2023-05-26T13:01:45","guid":{"rendered":"https:\/\/shop.bestudio.ee\/?post_type=product&#038;p=9602"},"modified":"2024-02-08T15:28:24","modified_gmt":"2024-02-08T15:28:24","slug":"makeart-gold-5ml","status":"publish","type":"product","link":"https:\/\/shop.bestudio.ee\/lv\/products\/makeart-gold-5ml\/","title":{"rendered":"Makeart Gold, 5ml"},"content":{"rendered":"<p>5 ml,<\/p>\n<ul>\n<li>Super pigment\u0113ts,<\/li>\n<li>Nav dispersijas sl\u0101\u0146a, nav nepiecie\u0161ams noslauc\u012bt ar t\u012br\u012b\u0161anas l\u012bdzekli,<\/li>\n<li>Piez\u012bme: produktu pigment\u0101cijas d\u0113\u013c nevar izmantot struktur\u0101l\u0101m un reljef\u0101m dekor\u0101cij\u0101m,<\/li>\n<li>Tilpums: 5 ml,<\/li>\n<li>Mar\u0137\u0113jums: Makeart Gold.<\/li>\n<\/ul>\n<p>LED lampa min. 48\u00a0W \u2013 1 min. UV 36W lampa \u2013 2min.<\/p>","protected":false},"excerpt":{"rendered":"<p><strong>Makeart<\/strong><\/p>\n<p>Jaun\u0101 Makeart l\u012bnija ir lieliski piem\u0113rota \u012bpa\u0161i pl\u0101niem ornamentiem, \u0123eometrijai, viena g\u0101jiena \u0113nojumam (balts b\u0113rnu d\u0113lam).<\/p>\n<div>\u00a0nepiecie\u0161ams tikai viens sl\u0101nis).<\/div>\n<div><strong>Makeart Makear ir paredz\u0113ts tikai profesion\u0101lai lieto\u0161anai.<\/strong><\/div>","protected":false},"featured_media":9603,"template":"","meta":[],"product_brand":[],"product_cat":[116,135,229],"product_tag":[171,172],"class_list":{"0":"post-9602","1":"product","2":"type-product","3":"status-publish","4":"has-post-thumbnail","6":"product_cat-makear","7":"product_cat-makeart","8":"product_cat-nail-art","9":"product_tag-kuunte-geelikunst","10":"product_tag-nail-gel-art","12":"first","13":"outofstock","14":"taxable","15":"shipping-taxable","16":"purchasable","17":"product-type-simple"},"jetpack_sharing_enabled":true,"_links":{"self":[{"href":"https:\/\/shop.bestudio.ee\/lv\/wp-json\/wp\/v2\/product\/9602","targetHints":{"allow":["GET"]}}],"collection":[{"href":"https:\/\/shop.bestudio.ee\/lv\/wp-json\/wp\/v2\/product"}],"about":[{"href":"https:\/\/shop.bestudio.ee\/lv\/wp-json\/wp\/v2\/types\/product"}],"wp:featuredmedia":[{"embeddable":true,"href":"https:\/\/shop.bestudio.ee\/lv\/wp-json\/wp\/v2\/media\/9603"}],"wp:attachment":[{"href":"https:\/\/shop.bestudio.ee\/lv\/wp-json\/wp\/v2\/media?parent=9602"}],"wp:term":[{"taxonomy":"product_brand","embeddable":true,"href":"https:\/\/shop.bestudio.ee\/lv\/wp-json\/wp\/v2\/product_brand?post=9602"},{"taxonomy":"product_cat","embeddable":true,"href":"https:\/\/shop.bestudio.ee\/lv\/wp-json\/wp\/v2\/product_cat?post=9602"},{"taxonomy":"product_tag","embeddable":true,"href":"https:\/\/shop.bestudio.ee\/lv\/wp-json\/wp\/v2\/product_tag?post=9602"}],"curies":[{"name":"wp","href":"https:\/\/api.w.org\/{rel}","templated":true}]}}