{"id":9650,"date":"2023-05-27T19:08:28","date_gmt":"2023-05-27T19:08:28","guid":{"rendered":"https:\/\/shop.bestudio.ee\/?post_type=product&#038;p=9650"},"modified":"2026-01-19T20:16:15","modified_gmt":"2026-01-19T18:16:15","slug":"925-fire-rita-8ml","status":"publish","type":"product","link":"https:\/\/shop.bestudio.ee\/lv\/products\/925-fire-rita-8ml\/","title":{"rendered":"925 Fire Rita, 8ml"},"content":{"rendered":"<ul>\n<li>Paredz\u0113ts profesion\u0101lai lieto\u0161anai,<\/li>\n<li>Sp\u0113c\u012bga pigment\u0101cija, kr\u0113m\u012bga, vid\u0113ji bieza konsistence padara produktu pat\u012bkamu un \u0113rtu darbam,<\/li>\n<li>Augsts sp\u012bdums,<\/li>\n<li>Gela notur\u012bba \u2013 vair\u0101ku ned\u0113\u013cu efekts,<\/li>\n<li>Kr\u0101sas neatst\u0101j sv\u012btras,<\/li>\n<li>Perfektas kont\u016bras ota,<\/li>\n<li>Re\u0101l\u0101 kr\u0101sa uz v\u0101ci\u0146a \u013cauj redz\u0113t kr\u0101su,<\/li>\n<li>Grezna pudele var veiksm\u012bgi dekor\u0113t daudzas dz\u012bvojam\u0101s istabas,<\/li>\n<li>Laka ir iepakota kartona kast\u0113, kas nodro\u0161ina dro\u0161\u012bbu transport\u0113\u0161anas laik\u0101, un taj\u0101 pa\u0161\u0101 laik\u0101 ir piln\u012bb\u0101 biolo\u0123iski no\u0101rd\u0101ma*,<\/li>\n<li>Tilpums: 8 ml,<\/li>\n<li>Mar\u0137\u0113jums: 915-926.<\/li>\n<\/ul>\n<p>Lampa LED min. 48\u00a0W \u2013 1 min. Lampa UV 36W \u2013 2min.<\/p>","protected":false},"excerpt":{"rendered":"<div><strong>925 Uguns Rita<\/strong><\/div>\n<p>The\u00a0<strong>M\u0112NESTAIS DISKO<\/strong>\u00a0s\u0113rija ir neparasta kolekcija, kuru iedvesmoju\u0161i popul\u0101ru dz\u0113rienu nosaukumi un unik\u0101l\u0101 80. un 90. gadu atmosf\u0113ra. M\u016bsu kolekcija \u013cauj ieg\u016bt WOW EFEKTU! Lakas iek\u0161pus\u0113 ievietoj\u0101m miljoniem burvju da\u013ci\u0146u, gaismas avota ietekm\u0113 t\u0101s mirdz ar p\u0101rsteidzo\u0161u mirdzumu.<\/p>","protected":false},"featured_media":9651,"template":"","meta":[],"product_brand":[],"product_cat":[116,131,132,218,243],"product_tag":[165,166],"class_list":{"0":"post-9650","1":"product","2":"type-product","3":"status-publish","4":"has-post-thumbnail","6":"product_cat-makear","7":"product_cat-gel-polishes-makear","8":"product_cat-moonlight-disco","9":"product_cat-nail-gel-polishes","10":"product_cat-flashlight-collection","11":"product_tag-peegeldav-geellakk","12":"product_tag-reflective-gel-polish","14":"first","15":"instock","16":"taxable","17":"shipping-taxable","18":"purchasable","19":"product-type-simple"},"jetpack_sharing_enabled":true,"_links":{"self":[{"href":"https:\/\/shop.bestudio.ee\/lv\/wp-json\/wp\/v2\/product\/9650","targetHints":{"allow":["GET"]}}],"collection":[{"href":"https:\/\/shop.bestudio.ee\/lv\/wp-json\/wp\/v2\/product"}],"about":[{"href":"https:\/\/shop.bestudio.ee\/lv\/wp-json\/wp\/v2\/types\/product"}],"wp:featuredmedia":[{"embeddable":true,"href":"https:\/\/shop.bestudio.ee\/lv\/wp-json\/wp\/v2\/media\/9651"}],"wp:attachment":[{"href":"https:\/\/shop.bestudio.ee\/lv\/wp-json\/wp\/v2\/media?parent=9650"}],"wp:term":[{"taxonomy":"product_brand","embeddable":true,"href":"https:\/\/shop.bestudio.ee\/lv\/wp-json\/wp\/v2\/product_brand?post=9650"},{"taxonomy":"product_cat","embeddable":true,"href":"https:\/\/shop.bestudio.ee\/lv\/wp-json\/wp\/v2\/product_cat?post=9650"},{"taxonomy":"product_tag","embeddable":true,"href":"https:\/\/shop.bestudio.ee\/lv\/wp-json\/wp\/v2\/product_tag?post=9650"}],"curies":[{"name":"wp","href":"https:\/\/api.w.org\/{rel}","templated":true}]}}