{"id":9656,"date":"2023-05-27T22:17:33","date_gmt":"2023-05-27T19:17:33","guid":{"rendered":"https:\/\/shop.bestudio.ee\/?post_type=product&#038;p=9656"},"modified":"2026-02-04T19:21:08","modified_gmt":"2026-02-04T17:21:08","slug":"french-pink-nude-rubber-base-nrb02-8ml","status":"publish","type":"product","link":"https:\/\/shop.bestudio.ee\/lv\/products\/french-pink-nude-rubber-base-nrb02-8ml\/","title":{"rendered":"French Pink \u2013 Nude Rubber Base NRB02, 8ml"},"content":{"rendered":"<p>Plik\u0101s gumijas pamatnes galven\u0101s priek\u0161roc\u012bbas:<\/p>\n<p>&nbsp;<\/p>\n<ul>\n<li>Tas pa\u0101trina darbu \u2013 viens produkts aizvieto divus iepriek\u0161 lietotos!<\/li>\n<li>8 kr\u0101sas, kuras var viegli pieska\u0146ot jebkuram \u0101das tonim.<\/li>\n<li>Tas ir elast\u012bgs \u2013 darbojas ar nagu, kas padara to iztur\u012bgu pret \u0161\u0137el\u0161anos vai boj\u0101jumiem.<\/li>\n<li>Pateicoties t\u0101s biezajai konsistencei, tas lieliski izl\u012bdzina nel\u012bdzenas vai boj\u0101tas nagu pl\u0101ksnes.<\/li>\n<li>Perfektas kont\u016bras birst\u012bte nodro\u0161ina vieglu produkta uzkl\u0101\u0161anu pat problem\u0101tisk\u0101s viet\u0101s, piem\u0113ram, zon\u0101 ap nagu k\u0101tu.<\/li>\n<li>P\u0113c saciet\u0113\u0161anas lamp\u0101 tai nav nepiecie\u0161ama v\u012bl\u0113\u0161ana.<\/li>\n<li>Lieliski piem\u0113rots k\u0101 pamats fran\u010du stilam.<\/li>\n<\/ul>\n<p>&nbsp;<\/p>\n<ul>\n<li>Mar\u0137\u0113jums: NRB02<\/li>\n<li>Kr\u0101sa: pienaini roz\u0101<\/li>\n<li>Konsistence: Bieza<\/li>\n<li>Tilpums: 8 ml<\/li>\n<\/ul>","protected":false},"excerpt":{"rendered":"<h2 class=\"h3\">Fran\u010du roz\u0101 \u2013 gumijas b\u0101zes pliks<\/h2>\n<p>Univers\u0101las un taj\u0101 pa\u0161\u0101 laik\u0101 iek\u0101rojam\u0101k\u0101s kr\u0101sas, kas j\u0101atrod katr\u0101 nagu salon\u0101?<\/p>\n<p>Tie ir NUDE to\u0146i!<\/p>\n<p>Fran\u010du manik\u012bra b\u0101ze, smalks stils birojam, traks stils ar kaila naga efektu? To visu varat izdar\u012bt ar m\u016bsu gumijas pamatn\u0113m.<\/p>\n<p>Nude Rubber Base ir gumijas pamat\u0146u kolekcija 8 p\u0101rsteidzo\u0161\u0101s kr\u0101s\u0101s, kas pieska\u0146osies jebkuram \u0101das tonim. Nomainiet b\u0101zes un hibr\u012bda laku ar vienu produktu, kas atbilst lab\u0101ko stilistu cer\u012bb\u0101m.<\/p>\n<p>\u0160is ir oblig\u0101ts produkts j\u016bsu kl\u012bnik\u0101!<\/p>\n<p><strong>MAKEAR\u2122<\/strong>\u00a0ir z\u012bmols, kas past\u0101v\u012bgi p\u0101rsteidz savus klientus, padarot to par l\u012bderi inov\u0101ciju jom\u0101.<\/p>\n<p>UV Polish GEL by\u00a0<strong>MAKEAR\u2122<\/strong>\u00a0ir izgatavoti no augst\u0101k\u0101s kvalit\u0101tes komponentiem, lai apmierin\u0101tu vispras\u012bg\u0101ko klientu cer\u012bbas.<\/p>\n<p>Dzi\u013c\u0161 kr\u0101su pies\u0101tin\u0101jums, pla\u0161as un daudzveid\u012bgas kr\u0101sas un iztur\u012bba padar\u012bja Makear par l\u012bderi starp eso\u0161ajiem z\u012bmoliem.<\/p>","protected":false},"featured_media":9657,"template":"","meta":[],"product_brand":[],"product_cat":[116,219,117,128,231,220],"product_tag":[158,159],"class_list":{"0":"post-9656","1":"product","2":"type-product","3":"status-publish","4":"has-post-thumbnail","6":"product_cat-makear","7":"product_cat-base-and-top-coat","8":"product_cat-base","9":"product_cat-rubber-base-nude","10":"product_cat-rubber-base-coat","11":"product_cat-colourful-base-coat","12":"product_tag-kummist-alus","13":"product_tag-rubber-base","15":"first","16":"outofstock","17":"taxable","18":"shipping-taxable","19":"purchasable","20":"product-type-simple"},"jetpack_sharing_enabled":true,"_links":{"self":[{"href":"https:\/\/shop.bestudio.ee\/lv\/wp-json\/wp\/v2\/product\/9656","targetHints":{"allow":["GET"]}}],"collection":[{"href":"https:\/\/shop.bestudio.ee\/lv\/wp-json\/wp\/v2\/product"}],"about":[{"href":"https:\/\/shop.bestudio.ee\/lv\/wp-json\/wp\/v2\/types\/product"}],"wp:featuredmedia":[{"embeddable":true,"href":"https:\/\/shop.bestudio.ee\/lv\/wp-json\/wp\/v2\/media\/9657"}],"wp:attachment":[{"href":"https:\/\/shop.bestudio.ee\/lv\/wp-json\/wp\/v2\/media?parent=9656"}],"wp:term":[{"taxonomy":"product_brand","embeddable":true,"href":"https:\/\/shop.bestudio.ee\/lv\/wp-json\/wp\/v2\/product_brand?post=9656"},{"taxonomy":"product_cat","embeddable":true,"href":"https:\/\/shop.bestudio.ee\/lv\/wp-json\/wp\/v2\/product_cat?post=9656"},{"taxonomy":"product_tag","embeddable":true,"href":"https:\/\/shop.bestudio.ee\/lv\/wp-json\/wp\/v2\/product_tag?post=9656"}],"curies":[{"name":"wp","href":"https:\/\/api.w.org\/{rel}","templated":true}]}}