{"id":9663,"date":"2023-05-27T21:49:25","date_gmt":"2023-05-27T21:49:25","guid":{"rendered":"https:\/\/shop.bestudio.ee\/?post_type=product&#038;p=9663"},"modified":"2026-01-19T20:12:27","modified_gmt":"2026-01-19T18:12:27","slug":"peach-color-rubber-base-crb06-8ml","status":"publish","type":"product","link":"https:\/\/shop.bestudio.ee\/lv\/products\/peach-color-rubber-base-crb06-8ml\/","title":{"rendered":"Persiku \u2013 kr\u0101saina gumijas b\u0101ze CRB06, 8ml"},"content":{"rendered":"<p><strong>Raksturlielumi<\/strong>:<\/p>\n<ul>\n<li>Pa\u0161l\u012bme\u0146o\u0161an\u0101s,<\/li>\n<li>Gr\u016bti,<\/li>\n<li>Necaurredzam\u012bba: 100%,<\/li>\n<li>Saciet\u0113\u0161anas laiks UV \/ Dual-led 30 sekundes,<\/li>\n<li>Konsistence: bieza,<\/li>\n<li>Lieliski piem\u0113rots pl\u0101na r\u0101mja veido\u0161anai un pagarin\u0101\u0161anai,<\/li>\n<li>Iztur\u012bgs un iztur\u012bgs pret boj\u0101jumiem,<\/li>\n<li>Tilpums: 8 ml,<\/li>\n<li>Z\u012bmols: CRB01-CRB16,<\/li>\n<li>Pateicoties biezajai konsistencei, tas lieliski izl\u012bdzina nel\u012bdzenu vai boj\u0101tu nagu pl\u0101ksni,<\/li>\n<li>Skaistas paste\u013ckr\u0101sas,<\/li>\n<li>Dabisko nagu stiprin\u0101\u0161ana.<\/li>\n<\/ul>\n<p><strong>Produkts ir savietojams ar visiem manik\u012bra produktiem. LED lampas min. 48\u00a0W \u2013 1 min. 36W UV lampa \u2013 2min. <\/strong><\/p>","protected":false},"excerpt":{"rendered":"<p><strong>Persiku CRB06 <\/strong><\/p>\n<p><strong>Inov\u0101cija ir kl\u0101t \u2013 Prece 2in1 KR\u0100SAINA GUMIJAS B\u0100ZE! <\/strong><\/p>\n<p>Vienk\u0101r\u0161a izpilde, iztur\u012bba, ide\u0101ls p\u0101rkl\u0101jums un paste\u013ckr\u0101sas \u2013 ko v\u0113l vair\u0101k var v\u0113l\u0113ties! \u0160ovasar m\u016bsu COLOR RUBBER BASE b\u016bs liel\u0101kais h\u012bts nagu stiliz\u0101cij\u0101. Galven\u0101s KR\u0100SAIN\u0100S GUMIJAS B\u0100ZES priek\u0161roc\u012bbas?<\/p>\n<p><strong>Tas pa\u0101trina j\u016bsu darbu \u2013 viens produkts aizst\u0101j divus iepriek\u0161\u0113jos! <\/strong><\/p>\n<p><strong>Makear b\u016bvg\u0113ls ir paredz\u0113ts profesion\u0101lai lieto\u0161anai. <\/strong><\/p>","protected":false},"featured_media":9664,"template":"","meta":[],"product_brand":[],"product_cat":[116,219,117,129,231,220],"product_tag":[158,159],"class_list":{"0":"post-9663","1":"product","2":"type-product","3":"status-publish","4":"has-post-thumbnail","6":"product_cat-makear","7":"product_cat-base-and-top-coat","8":"product_cat-base","9":"product_cat-rubber-base-colour","10":"product_cat-rubber-base-coat","11":"product_cat-colourful-base-coat","12":"product_tag-kummist-alus","13":"product_tag-rubber-base","15":"first","16":"instock","17":"taxable","18":"shipping-taxable","19":"purchasable","20":"product-type-simple"},"jetpack_sharing_enabled":true,"_links":{"self":[{"href":"https:\/\/shop.bestudio.ee\/lv\/wp-json\/wp\/v2\/product\/9663","targetHints":{"allow":["GET"]}}],"collection":[{"href":"https:\/\/shop.bestudio.ee\/lv\/wp-json\/wp\/v2\/product"}],"about":[{"href":"https:\/\/shop.bestudio.ee\/lv\/wp-json\/wp\/v2\/types\/product"}],"wp:featuredmedia":[{"embeddable":true,"href":"https:\/\/shop.bestudio.ee\/lv\/wp-json\/wp\/v2\/media\/9664"}],"wp:attachment":[{"href":"https:\/\/shop.bestudio.ee\/lv\/wp-json\/wp\/v2\/media?parent=9663"}],"wp:term":[{"taxonomy":"product_brand","embeddable":true,"href":"https:\/\/shop.bestudio.ee\/lv\/wp-json\/wp\/v2\/product_brand?post=9663"},{"taxonomy":"product_cat","embeddable":true,"href":"https:\/\/shop.bestudio.ee\/lv\/wp-json\/wp\/v2\/product_cat?post=9663"},{"taxonomy":"product_tag","embeddable":true,"href":"https:\/\/shop.bestudio.ee\/lv\/wp-json\/wp\/v2\/product_tag?post=9663"}],"curies":[{"name":"wp","href":"https:\/\/api.w.org\/{rel}","templated":true}]}}