{"id":9668,"date":"2023-05-27T21:53:42","date_gmt":"2023-05-27T21:53:42","guid":{"rendered":"https:\/\/shop.bestudio.ee\/?post_type=product&#038;p=9668"},"modified":"2025-12-01T00:35:49","modified_gmt":"2025-11-30T22:35:49","slug":"rubber-base-clear-8ml","status":"publish","type":"product","link":"https:\/\/shop.bestudio.ee\/lv\/products\/rubber-base-clear-8ml\/","title":{"rendered":"Gumijas b\u0101ze, caursp\u012bd\u012bga, 8 ml"},"content":{"rendered":"<ul>\n<li>\u012apa\u0161\u012bbas: lieliski piem\u0113rots darbam ar m\u012bkstu un pl\u0101nu nagu pl\u0101ksni, tai ir maksim\u0101li palielin\u0101ta sa\u0137ere ar nagu pl\u0101ksni,<\/li>\n<li>Kr\u0101sa: bezkr\u0101sains, caursp\u012bd\u012bgs,<\/li>\n<li>Bl\u012bv\u0101ka nek\u0101 Fibre Base, kas \u013cauj gludi str\u0101d\u0101t un izl\u012bdzin\u0101t nagu pl\u0101ksnes nel\u012bdzenumus.<\/li>\n<li>Perfektas kont\u016bras birst\u012bte nodro\u0161ina vieglu produkta uzkl\u0101\u0161anu pat problem\u0101tisk\u0101s viet\u0101s, piem\u0113ram, zon\u0101 ap nagu k\u0101tu,<\/li>\n<li>P\u0113c saciet\u0113\u0161anas lamp\u0101 nav nepiecie\u0161ama v\u012bl\u0113\u0161ana.,<\/li>\n<li>Konsistence: bieza,<\/li>\n<li><strong>K\u0101 izmantot: <\/strong>kr\u0101sojiet pl\u0101nu k\u0101rtu zem hibr\u012bda, ier\u012bv\u0113jiet pl\u0101ksn\u0113 ar otu zem g\u0113la masas un 60 sekundes nocietiniet LED \/ dubult\u0101 lamp\u0101,<\/li>\n<li>Elast\u012bg\u0101ks par Fibre Base, pateicoties kam tas lab\u0101k darbojas ar m\u012bkstu un pl\u0101nu nagu pl\u0101ksni,<\/li>\n<li>Pirms cita produkta uzkl\u0101\u0161anas nav nepiecie\u0161ama mazg\u0101\u0161ana,<\/li>\n<li>Tilpums: 8 ml,<\/li>\n<li>Mar\u0137\u0113jums: gumijas pamatne.<\/li>\n<\/ul>\n<p>LED lampa min. 48\u00a0W \u2013 1 min. 36W UV lampa \u2013 2min.<\/p>","protected":false},"excerpt":{"rendered":"<p><strong>Gumijas pamatne Skaidra <\/strong><\/p>\n<p>Elast\u012bga b\u0101ze, bieza konsistence un perfekta sa\u0137ere ar nagu pl\u0101ksni. T\u0101 ir hibr\u012bdlaku b\u0101ze, kurai rakstur\u012bga elast\u012bba \u2013 b\u0101ze darbojas kop\u0101 ar nagu pl\u0101ksni, t\u0101d\u0113j\u0101di absorb\u0113jot triecienus, nov\u0113r\u0161ot plais\u0101\u0161anu un \u0161\u0137el\u0161anos. Bl\u012bv\u0101 konsistence \u013cauj mier\u012bgi un r\u016bp\u012bgi str\u0101d\u0101t, un biez\u0101ks b\u0101zes sl\u0101nis izl\u012bdzina nagu pl\u0101ksnes nel\u012bdzenumus un ieplakas. Katrai sievietei ir zin\u0101ma saj\u016bta, kad sp\u0113c\u012bg\u0101ka trieciena vai naga saspie\u0161anas laik\u0101 hibr\u012bdmanik\u012brs iz\u0161\u013cakst\u0101s vai sapl\u012bst. K\u0101 izvair\u012bties no \u0161\u012bs probl\u0113mas? Rubber Base Clear ir risin\u0101jums.<\/p>\n<p><strong>Rubber Base Clear by Makear ir paredz\u0113ta profesion\u0101lai lieto\u0161anai. <\/strong><\/p>","protected":false},"featured_media":9669,"template":"","meta":[],"product_brand":[],"product_cat":[116,219,228,117,136,231],"product_tag":[158,159],"class_list":{"0":"post-9668","1":"product","2":"type-product","3":"status-publish","4":"has-post-thumbnail","6":"product_cat-makear","7":"product_cat-base-and-top-coat","8":"product_cat-clear-base-and-top-coat","9":"product_cat-base","10":"product_cat-base-clear","11":"product_cat-rubber-base-coat","12":"product_tag-kummist-alus","13":"product_tag-rubber-base","15":"first","16":"instock","17":"taxable","18":"shipping-taxable","19":"purchasable","20":"product-type-simple"},"jetpack_sharing_enabled":true,"_links":{"self":[{"href":"https:\/\/shop.bestudio.ee\/lv\/wp-json\/wp\/v2\/product\/9668","targetHints":{"allow":["GET"]}}],"collection":[{"href":"https:\/\/shop.bestudio.ee\/lv\/wp-json\/wp\/v2\/product"}],"about":[{"href":"https:\/\/shop.bestudio.ee\/lv\/wp-json\/wp\/v2\/types\/product"}],"wp:featuredmedia":[{"embeddable":true,"href":"https:\/\/shop.bestudio.ee\/lv\/wp-json\/wp\/v2\/media\/9669"}],"wp:attachment":[{"href":"https:\/\/shop.bestudio.ee\/lv\/wp-json\/wp\/v2\/media?parent=9668"}],"wp:term":[{"taxonomy":"product_brand","embeddable":true,"href":"https:\/\/shop.bestudio.ee\/lv\/wp-json\/wp\/v2\/product_brand?post=9668"},{"taxonomy":"product_cat","embeddable":true,"href":"https:\/\/shop.bestudio.ee\/lv\/wp-json\/wp\/v2\/product_cat?post=9668"},{"taxonomy":"product_tag","embeddable":true,"href":"https:\/\/shop.bestudio.ee\/lv\/wp-json\/wp\/v2\/product_tag?post=9668"}],"curies":[{"name":"wp","href":"https:\/\/api.w.org\/{rel}","templated":true}]}}