{"id":9670,"date":"2023-05-27T21:59:19","date_gmt":"2023-05-27T21:59:19","guid":{"rendered":"https:\/\/shop.bestudio.ee\/?post_type=product&#038;p=9670"},"modified":"2026-01-19T20:54:18","modified_gmt":"2026-01-19T18:54:18","slug":"top-no-wipe-hard-glass-15ml","status":"publish","type":"product","link":"https:\/\/shop.bestudio.ee\/lv\/products\/top-no-wipe-hard-glass-15ml\/","title":{"rendered":"Top No Wipe \u2013 HARD GLASS, 15ml"},"content":{"rendered":"<ul>\n<li>\u012apa\u0161\u012bbas: to var izmantot t\u0101pat k\u0101 b\u0101zes p\u0101rkl\u0101jumu,<\/li>\n<li>\u00a0Tam ir neticami iztur\u012bba pret boj\u0101jumiem,<\/li>\n<li>Nejut\u012bgs pret spriedzi,<\/li>\n<li>Efekt\u012bv\u0101ks,<\/li>\n<li>Satrieco\u0161s sp\u012bdums,<\/li>\n<li>Tas nerada sv\u012btras un neizmaina nagu pl\u0101ksni,<\/li>\n<li>Lieto\u0161ana: uzkl\u0101jiet pl\u0101nu k\u0101rti\u0146u virsmai ar maig\u0101m otas kust\u012bb\u0101m. Saciet\u0113jiet to LED\/DUAL LED lamp\u0101 60\u00a0sek.,<\/li>\n<li>Tilpums: 15 ml,<\/li>\n<li>Iepakojums: TNW cietais stikls.<\/li>\n<\/ul>\n<p>LED lampa min. 48\u00a0W \u2013 1 min. 36W UV lampa \u2013 2min.<\/p>","protected":false},"excerpt":{"rendered":"<p><strong>Top No Wipe \u2013 cietais stikls 15 ml <\/strong><\/p>\n<p>Top No Wipe \u2013 Hard GlassTop, kam ir cieta stikla iez\u012bmes un tas pasarg\u0101 manik\u012bru no boj\u0101jumiem, k\u0101 ar\u012b padara manik\u012bru sp\u012bd\u012bg\u0101ku un ilg\u0101k iztur\u012bg\u0101ku! Tas ir \u013coti iztur\u012bgs un iztur\u012bgs pret boj\u0101jumiem. Tas rada uz nagiem mirdzo\u0161u \u016bdens sl\u0101ni. Aug\u0161\u0113j\u0101 un-blue nerada zilu mirdzumu uz tum\u0161\u0101m kr\u0101s\u0101m. Lai noberztu plankumu, agr\u0101k vajadz\u0113tu lietot t\u012br\u012b\u0161anas l\u012bdzekli.<\/p>\n<p><strong>Top No Wipe \u2013 Hard Glass by Makear ir paredz\u0113ts profesion\u0101lai lieto\u0161anai. <\/strong><\/p>","protected":false},"featured_media":9671,"template":"","meta":[],"product_brand":[],"product_cat":[116,219,228,118],"product_tag":[163,162],"class_list":{"0":"post-9670","1":"product","2":"type-product","3":"status-publish","4":"has-post-thumbnail","6":"product_cat-makear","7":"product_cat-base-and-top-coat","8":"product_cat-clear-base-and-top-coat","9":"product_cat-top-cover","10":"product_tag-pealislakk","11":"product_tag-top-coat","13":"first","14":"instock","15":"taxable","16":"shipping-taxable","17":"purchasable","18":"product-type-simple"},"jetpack_sharing_enabled":true,"_links":{"self":[{"href":"https:\/\/shop.bestudio.ee\/lv\/wp-json\/wp\/v2\/product\/9670","targetHints":{"allow":["GET"]}}],"collection":[{"href":"https:\/\/shop.bestudio.ee\/lv\/wp-json\/wp\/v2\/product"}],"about":[{"href":"https:\/\/shop.bestudio.ee\/lv\/wp-json\/wp\/v2\/types\/product"}],"wp:featuredmedia":[{"embeddable":true,"href":"https:\/\/shop.bestudio.ee\/lv\/wp-json\/wp\/v2\/media\/9671"}],"wp:attachment":[{"href":"https:\/\/shop.bestudio.ee\/lv\/wp-json\/wp\/v2\/media?parent=9670"}],"wp:term":[{"taxonomy":"product_brand","embeddable":true,"href":"https:\/\/shop.bestudio.ee\/lv\/wp-json\/wp\/v2\/product_brand?post=9670"},{"taxonomy":"product_cat","embeddable":true,"href":"https:\/\/shop.bestudio.ee\/lv\/wp-json\/wp\/v2\/product_cat?post=9670"},{"taxonomy":"product_tag","embeddable":true,"href":"https:\/\/shop.bestudio.ee\/lv\/wp-json\/wp\/v2\/product_tag?post=9670"}],"curies":[{"name":"wp","href":"https:\/\/api.w.org\/{rel}","templated":true}]}}