{"id":9677,"date":"2023-05-28T01:12:45","date_gmt":"2023-05-27T22:12:45","guid":{"rendered":"https:\/\/shop.bestudio.ee\/?post_type=product&#038;p=9677"},"modified":"2026-01-09T12:59:12","modified_gmt":"2026-01-09T10:59:12","slug":"top-no-wipe-15ml","status":"publish","type":"product","link":"https:\/\/shop.bestudio.ee\/lv\/products\/top-no-wipe-15ml\/","title":{"rendered":"Top No Wipe, 15ml"},"content":{"rendered":"<ul>\n<li>Flexible Top, ko izmanto k\u0101 virsk\u0101rtu, bez dispersijas sl\u0101\u0146a, nodro\u0161ina perfektu sp\u012bdumu un iztur\u012bbu,<\/li>\n<li>Tas pasarg\u0101 kr\u0101sas no dzelt\u0113\u0161anas un neizmaina kr\u0101sas \u2013 meln\u0101 kr\u0101sa p\u0113c p\u0101rkl\u0101juma nemain\u0101s uz tum\u0161i zilu,<\/li>\n<li>Tas ir produkts, kas paredz\u0113ts, lai ier\u012bv\u0113tu jebkuru hroma putek\u0161\u0146u vai spogu\u013ca efektu,<\/li>\n<li>Konsistence - \u0161\u0137idra \/ pa\u0161izl\u012bdzino\u0161a,<\/li>\n<li><strong>Lieto\u0161anas metode:<\/strong> Uzkl\u0101jiet vid\u0113jo produkta daudzumu ar maig\u0101m kust\u012bb\u0101m gandr\u012bz gais\u0101 uz nagu pl\u0101ksnes, saciet\u0113jiet min. 60\u00a0sek. w lampie led \/ dualed. M\u0113s iesak\u0101m nogaid\u012bt apm\u0113ram 15-20 sekundes p\u0113c iz\u0146em\u0161anas no lampas, l\u012bdz Tops atdziest, p\u0113c \u0161\u012b laika varat uzkl\u0101t ol\u012bvu un baud\u012bt maksim\u0101li notur\u012bgu manik\u012bra efektu,<\/li>\n<li>Tilpums: 15 ml,<\/li>\n<li>Mar\u0137\u0113jums: TNW.<\/li>\n<\/ul>\n<p>LED lampa min. 48\u00a0W \u2013 1 min. UV 36W lampa \u2013 2min.<\/p>","protected":false},"excerpt":{"rendered":"<p><strong>Aug\u0161pus\u0113 nav noslauc\u012bt<\/strong><\/p>\n<p>Vai v\u0113laties uz saviem nagiem visiztur\u012bg\u0101ko un skaist\u0101ko mirdzumu? M\u0113s pied\u0101v\u0101jam Top No Wipe\u00a0\u2014 m\u016bsu bestselleru, kas sasniedza \u201cTop\u201d topus.<\/p>\n<p><strong>Makear hibr\u012bda nagu lakas ir paredz\u0113tas profesion\u0101lai lieto\u0161anai.<\/strong><\/p>","protected":false},"featured_media":9678,"template":"","meta":[],"product_brand":[],"product_cat":[116,219,228,118],"product_tag":[163,162],"class_list":{"0":"post-9677","1":"product","2":"type-product","3":"status-publish","4":"has-post-thumbnail","6":"product_cat-makear","7":"product_cat-base-and-top-coat","8":"product_cat-clear-base-and-top-coat","9":"product_cat-top-cover","10":"product_tag-pealislakk","11":"product_tag-top-coat","13":"first","14":"outofstock","15":"taxable","16":"shipping-taxable","17":"purchasable","18":"product-type-simple"},"jetpack_sharing_enabled":true,"_links":{"self":[{"href":"https:\/\/shop.bestudio.ee\/lv\/wp-json\/wp\/v2\/product\/9677","targetHints":{"allow":["GET"]}}],"collection":[{"href":"https:\/\/shop.bestudio.ee\/lv\/wp-json\/wp\/v2\/product"}],"about":[{"href":"https:\/\/shop.bestudio.ee\/lv\/wp-json\/wp\/v2\/types\/product"}],"wp:featuredmedia":[{"embeddable":true,"href":"https:\/\/shop.bestudio.ee\/lv\/wp-json\/wp\/v2\/media\/9678"}],"wp:attachment":[{"href":"https:\/\/shop.bestudio.ee\/lv\/wp-json\/wp\/v2\/media?parent=9677"}],"wp:term":[{"taxonomy":"product_brand","embeddable":true,"href":"https:\/\/shop.bestudio.ee\/lv\/wp-json\/wp\/v2\/product_brand?post=9677"},{"taxonomy":"product_cat","embeddable":true,"href":"https:\/\/shop.bestudio.ee\/lv\/wp-json\/wp\/v2\/product_cat?post=9677"},{"taxonomy":"product_tag","embeddable":true,"href":"https:\/\/shop.bestudio.ee\/lv\/wp-json\/wp\/v2\/product_tag?post=9677"}],"curies":[{"name":"wp","href":"https:\/\/api.w.org\/{rel}","templated":true}]}}