{"id":9679,"date":"2023-05-27T22:18:31","date_gmt":"2023-05-27T22:18:31","guid":{"rendered":"https:\/\/shop.bestudio.ee\/?post_type=product&#038;p=9679"},"modified":"2025-05-21T17:49:19","modified_gmt":"2025-05-21T14:49:19","slug":"top-no-wipe-velvet-matte-8ml","status":"publish","type":"product","link":"https:\/\/shop.bestudio.ee\/lv\/products\/top-no-wipe-velvet-matte-8ml\/","title":{"rendered":"Top No Wipe \u2013 VELVET MATTE, 8ml"},"content":{"rendered":"<p>Iesp\u0113jas: <strong>to var izmantot t\u0101pat k\u0101 b\u0101zes p\u0101rkl\u0101jumu.<\/strong><\/p>\n<ul>\n<li>Tas pie\u0161\u0137ir mat\u0113ta vel\u016bra efektu,<\/li>\n<li>Tas nerada sv\u012btras un neizmaina nagu pl\u0101ksni,<\/li>\n<li>T\u0101 ir ide\u0101la b\u0101ze nagu akvare\u013cu dekor\u0113\u0161anai,<\/li>\n<li>Konsistence: vid\u0113ji bieza \/ pa\u0161izl\u012bdzino\u0161a,<\/li>\n<li>Tilpums: 8ml,<\/li>\n<li>Iepakojums: TM samta mat\u0113tsLED.<\/li>\n<\/ul>\n<p>Lieto\u0161ana: uzkl\u0101jiet pl\u0101nu k\u0101rti\u0146u virsmai ar maig\u0101m otas kust\u012bb\u0101m. Saciet\u0113jiet to LED\/DUAL LED lamp\u0101 60\u00a0s.<\/p>\n<p>Lampa min 48W \u2013 1min\/UV lampa 36W \u2013 2min\u00b7<\/p>","protected":false},"excerpt":{"rendered":"<p><strong>Tops bez Wipe Velvet Matte\u00a0<\/strong><\/p>\n<p>Iespaid\u012bga mat\u0113ta-vel\u016bra apdare. Mat\u0113tais efekts saglab\u0101jas ilg\u0101k. \u0160is tops izce\u013c nagu stiliz\u0101ciju, pie\u0161\u0137irot tam elegantu dimensiju.<\/p>\n<p><strong>Top No Wipe \u2013 Velvet Matte by Makear ir paredz\u0113ts profesion\u0101lai lieto\u0161anai.<\/strong><\/p>","protected":false},"featured_media":9680,"template":"","meta":[],"product_brand":[],"product_cat":[116,219,118,221],"product_tag":[163,162],"class_list":{"0":"post-9679","1":"product","2":"type-product","3":"status-publish","4":"has-post-thumbnail","6":"product_cat-makear","7":"product_cat-base-and-top-coat","8":"product_cat-top-cover","9":"product_cat-top-coat-with-effect","10":"product_tag-pealislakk","11":"product_tag-top-coat","13":"first","14":"outofstock","15":"taxable","16":"shipping-taxable","17":"purchasable","18":"product-type-simple"},"jetpack_sharing_enabled":true,"_links":{"self":[{"href":"https:\/\/shop.bestudio.ee\/lv\/wp-json\/wp\/v2\/product\/9679","targetHints":{"allow":["GET"]}}],"collection":[{"href":"https:\/\/shop.bestudio.ee\/lv\/wp-json\/wp\/v2\/product"}],"about":[{"href":"https:\/\/shop.bestudio.ee\/lv\/wp-json\/wp\/v2\/types\/product"}],"wp:featuredmedia":[{"embeddable":true,"href":"https:\/\/shop.bestudio.ee\/lv\/wp-json\/wp\/v2\/media\/9680"}],"wp:attachment":[{"href":"https:\/\/shop.bestudio.ee\/lv\/wp-json\/wp\/v2\/media?parent=9679"}],"wp:term":[{"taxonomy":"product_brand","embeddable":true,"href":"https:\/\/shop.bestudio.ee\/lv\/wp-json\/wp\/v2\/product_brand?post=9679"},{"taxonomy":"product_cat","embeddable":true,"href":"https:\/\/shop.bestudio.ee\/lv\/wp-json\/wp\/v2\/product_cat?post=9679"},{"taxonomy":"product_tag","embeddable":true,"href":"https:\/\/shop.bestudio.ee\/lv\/wp-json\/wp\/v2\/product_tag?post=9679"}],"curies":[{"name":"wp","href":"https:\/\/api.w.org\/{rel}","templated":true}]}}