{"id":9717,"date":"2023-07-20T21:46:57","date_gmt":"2023-07-20T18:46:57","guid":{"rendered":"https:\/\/shop.bestudio.ee\/?post_type=product&#038;p=9717"},"modified":"2026-01-19T20:52:26","modified_gmt":"2026-01-19T18:52:26","slug":"793-lakier-hybrydowy-ti-amo-8ml","status":"publish","type":"product","link":"https:\/\/shop.bestudio.ee\/lv\/products\/793-lakier-hybrydowy-ti-amo-8ml\/","title":{"rendered":"793 Lakier hybrydowy \u201cTi Amo\u201d, 8ml"},"content":{"rendered":"<ul>\n<li>Tikai profesion\u0101lai lieto\u0161anai<\/li>\n<li>T\u0101 k\u0101 tas ir \u013coti pigment\u0113ts, k\u0101 ar\u012b vid\u0113ji bieza konsistence, tas padara produkta lieto\u0161anu \u013coti pat\u012bkamu un vienk\u0101r\u0161u<\/li>\n<li>Pilns sp\u012bdums<\/li>\n<li>Iztur\u012bba - vair\u0101kas ned\u0113\u013cas<\/li>\n<li>Perfektas formas ota<\/li>\n<li>\u012asta kr\u0101sa uz v\u0101ci\u0146a un grezna pudele padara produktu unik\u0101lu\u00b7<\/li>\n<li>G\u0113la laka tiek ievietota kartona kast\u0113, kas nodro\u0161ina transport\u0113\u0161anas dro\u0161\u012bbu.<\/li>\n<li>Turkl\u0101t kaste ir biolo\u0123iski no\u0101rd\u0101ma<\/li>\n<li>Tilpums: 8ml<\/li>\n<li>Docketing: 501-1000Led<\/li>\n<li>Lampa min 48W \u2013 1min. UV lampa 36W \u2013 2min.<\/li>\n<\/ul>","protected":false},"excerpt":{"rendered":"<p>Red Love Limited\u00a0\u2014 sakiet \u201cI love you \u2013 kocham Ci\u0119\u201d ar ierobe\u017eotu \u017eelejas laku kolekciju, ko ra\u017eo MAKEAR \u2013 RED LOVE LIMITED.<\/p>","protected":false},"featured_media":9718,"template":"","meta":[],"product_brand":[],"product_cat":[116,131,137,218,263],"product_tag":[152,153],"class_list":{"0":"post-9717","1":"product","2":"type-product","3":"status-publish","4":"has-post-thumbnail","6":"product_cat-makear","7":"product_cat-gel-polishes-makear","8":"product_cat-red-love-limited","9":"product_cat-nail-gel-polishes","10":"product_cat-colours-nail-gel-polishes","11":"product_tag-geellakk","12":"product_tag-gel-polish","14":"first","15":"instock","16":"taxable","17":"shipping-taxable","18":"purchasable","19":"product-type-simple"},"jetpack_sharing_enabled":true,"_links":{"self":[{"href":"https:\/\/shop.bestudio.ee\/lv\/wp-json\/wp\/v2\/product\/9717","targetHints":{"allow":["GET"]}}],"collection":[{"href":"https:\/\/shop.bestudio.ee\/lv\/wp-json\/wp\/v2\/product"}],"about":[{"href":"https:\/\/shop.bestudio.ee\/lv\/wp-json\/wp\/v2\/types\/product"}],"wp:featuredmedia":[{"embeddable":true,"href":"https:\/\/shop.bestudio.ee\/lv\/wp-json\/wp\/v2\/media\/9718"}],"wp:attachment":[{"href":"https:\/\/shop.bestudio.ee\/lv\/wp-json\/wp\/v2\/media?parent=9717"}],"wp:term":[{"taxonomy":"product_brand","embeddable":true,"href":"https:\/\/shop.bestudio.ee\/lv\/wp-json\/wp\/v2\/product_brand?post=9717"},{"taxonomy":"product_cat","embeddable":true,"href":"https:\/\/shop.bestudio.ee\/lv\/wp-json\/wp\/v2\/product_cat?post=9717"},{"taxonomy":"product_tag","embeddable":true,"href":"https:\/\/shop.bestudio.ee\/lv\/wp-json\/wp\/v2\/product_tag?post=9717"}],"curies":[{"name":"wp","href":"https:\/\/api.w.org\/{rel}","templated":true}]}}