{"id":9721,"date":"2023-07-20T19:01:18","date_gmt":"2023-07-20T19:01:18","guid":{"rendered":"https:\/\/shop.bestudio.ee\/?post_type=product&#038;p=9721"},"modified":"2026-01-19T20:48:43","modified_gmt":"2026-01-19T18:48:43","slug":"top-dots-black-no-wipe-8ml","status":"publish","type":"product","link":"https:\/\/shop.bestudio.ee\/lv\/products\/top-dots-black-no-wipe-8ml\/","title":{"rendered":"Aug\u0161\u0113jie punkti\u0146i melni (bez salvetes), 8ml"},"content":{"rendered":"<p><strong>Raksturlielumi<\/strong>:<\/p>\n<ul>\n<li>Kr\u0101sa: caursp\u012bd\u012bga<\/li>\n<li>Pa\u0161l\u012bme\u0146o\u0161an\u0101s,<\/li>\n<li>Gr\u016bti,<\/li>\n<li>Lieliski noder \u010d\u016bskas \u0101das dekor\u0113\u0161anai, \u0113no\u0161anai,<\/li>\n<li>Necaurredzam\u012bba: caursp\u012bd\u012bga,<\/li>\n<li>Saciet\u0113\u0161anas laiks UV \/ Dual-led 30 sekundes,<\/li>\n<li>Konsistence: vid\u0113ji bieza \/ pa\u0161izl\u012bdzino\u0161a,<\/li>\n<li>Lieliski piem\u0113rots pl\u0101na r\u0101mja veido\u0161anai un pagarin\u0101\u0161anai,<\/li>\n<li>Iztur\u012bgs un iztur\u012bgs pret boj\u0101jumiem,<\/li>\n<li>Tilpums: 8 ml,<\/li>\n<li>Z\u012bmols: TBD<\/li>\n<\/ul>\n<p><strong>K\u0101 izmantot: <\/strong><\/p>\n<ul>Uzkl\u0101jiet vid\u0113jo sl\u0101ni ar maig\u0101m kust\u012bb\u0101m, saciet\u0113jiet vismaz 60 sekundes LED \/ dubult\u0101 lamp\u0101. M\u0113s nepieskaramies nagam uzreiz p\u0113c tam, kad tas ir iz\u0146emts no lampas. M\u0113s iesak\u0101m pagaid\u012bt apm\u0113ram 15-20 sekundes, l\u012bdz aug\u0161da\u013ca atdziest, lai izvair\u012btos no aptraip\u012b\u0161anas,<\/p>\n<li><strong>Pateicoties vid\u0113ji biezai\/pa\u0161izl\u012bdzino\u0161ajai konsistencei, lieliski izl\u012bdzina nel\u012bdzenu vai boj\u0101tu nagu pl\u0101ksni. <\/strong><\/li>\n<li><strong>Dabisko nagu stiprin\u0101\u0161ana <\/strong><\/li>\n<\/ul>\n<ul>\n<li><strong>Produkts ir savietojams ar visiem manik\u012bra produktiem. LED lampas min. 48\u00a0W \u2013 1 min. 36W UV lampa \u2013 2min. <\/strong><\/li>\n<\/ul>","protected":false},"excerpt":{"rendered":"<p><strong>AUG\u0160\u0112JIE PUNKTI MELNI<\/strong><\/p>\n<p><strong>TOPS ar neregul\u0101riem plankumiem, k\u0101 dalm\u0101cietis, iestr\u0101d\u0101ts caursp\u012bd\u012bg\u0101 topi\u0146\u0101, kas pie\u0161\u0137irs ori\u0123in\u0101lu efektu uz nagiem. <\/strong><\/p>\n<p>Izpildes vieglums, perfekta iztur\u012bba. Ko v\u0113l var v\u0113l\u0113ties!<\/p>","protected":false},"featured_media":9722,"template":"","meta":[],"product_brand":[],"product_cat":[116,131,219,118,221],"product_tag":[163,162],"class_list":{"0":"post-9721","1":"product","2":"type-product","3":"status-publish","4":"has-post-thumbnail","6":"product_cat-makear","7":"product_cat-gel-polishes-makear","8":"product_cat-base-and-top-coat","9":"product_cat-top-cover","10":"product_cat-top-coat-with-effect","11":"product_tag-pealislakk","12":"product_tag-top-coat","14":"first","15":"instock","16":"taxable","17":"shipping-taxable","18":"purchasable","19":"product-type-simple"},"jetpack_sharing_enabled":true,"_links":{"self":[{"href":"https:\/\/shop.bestudio.ee\/lv\/wp-json\/wp\/v2\/product\/9721","targetHints":{"allow":["GET"]}}],"collection":[{"href":"https:\/\/shop.bestudio.ee\/lv\/wp-json\/wp\/v2\/product"}],"about":[{"href":"https:\/\/shop.bestudio.ee\/lv\/wp-json\/wp\/v2\/types\/product"}],"wp:featuredmedia":[{"embeddable":true,"href":"https:\/\/shop.bestudio.ee\/lv\/wp-json\/wp\/v2\/media\/9722"}],"wp:attachment":[{"href":"https:\/\/shop.bestudio.ee\/lv\/wp-json\/wp\/v2\/media?parent=9721"}],"wp:term":[{"taxonomy":"product_brand","embeddable":true,"href":"https:\/\/shop.bestudio.ee\/lv\/wp-json\/wp\/v2\/product_brand?post=9721"},{"taxonomy":"product_cat","embeddable":true,"href":"https:\/\/shop.bestudio.ee\/lv\/wp-json\/wp\/v2\/product_cat?post=9721"},{"taxonomy":"product_tag","embeddable":true,"href":"https:\/\/shop.bestudio.ee\/lv\/wp-json\/wp\/v2\/product_tag?post=9721"}],"curies":[{"name":"wp","href":"https:\/\/api.w.org\/{rel}","templated":true}]}}