{"id":9727,"date":"2023-07-20T19:14:06","date_gmt":"2023-07-20T19:14:06","guid":{"rendered":"https:\/\/shop.bestudio.ee\/?post_type=product&#038;p=9727"},"modified":"2025-12-01T00:34:28","modified_gmt":"2025-11-30T22:34:28","slug":"clear-fiber-base-8ml","status":"publish","type":"product","link":"https:\/\/shop.bestudio.ee\/lv\/products\/clear-fiber-base-8ml\/","title":{"rendered":"Clear Fiber Base, 8ml"},"content":{"rendered":"<p><strong>K\u0101 izmantot: <\/strong>kr\u0101sojiet pl\u0101nu k\u0101rtu zem hibr\u012bda, ier\u012bv\u0113jiet pl\u0101ksn\u0113 ar otu zem g\u0113la masas un 60 sekundes nocietiniet LED \/ dubult\u0101 lamp\u0101,<\/p>\n<ul>\n<li>Tam ir stikla \u0161\u0137iedras (poliestera stikla) \u0161\u0137iedras, pateicoties kur\u0101m, neskatoties uz minim\u0101lo dabisk\u0101 naga izl\u012bdzin\u0101\u0161anu, tas nostiprina t\u0101 strukt\u016bru,<\/li>\n<li>Perfektas kont\u016bras birst\u012bte nodro\u0161ina vieglu produkta uzkl\u0101\u0161anu pat problem\u0101tisk\u0101s viet\u0101s, piem\u0113ram, zon\u0101 ap nagu k\u0101tu,<\/li>\n<li>Tilpums: 8 ml,<\/li>\n<li>Mar\u0137\u0113jums: Fiber Base.<\/li>\n<\/ul>\n<p>LED lampas min. 48\u00a0W \u2013 1 min. 36W UV lampa \u2013 2min.<\/p>","protected":false},"excerpt":{"rendered":"<p><strong>Caursp\u012bd\u012bga \u0161\u0137iedru b\u0101ze <\/strong><\/p>\n<p>Kad dab\u012bg\u0101 nagu pl\u0101ksne ir v\u0101ja un ir j\u0101nostiprina un j\u0101padara ciet\u0101ka, ir tikai viens risin\u0101jums! K\u0101 izvair\u012bties no \u0161\u012bs probl\u0113mas? Clear Fiber Base ir risin\u0101jums.<\/p>\n<ul>\n<li>Perfektas kont\u016bras birst\u012bte nodro\u0161ina vieglu produkta uzkl\u0101\u0161anu pat problem\u0101tisk\u0101s viet\u0101s, piem\u0113ram, zon\u0101 ap nagu k\u0101tu,<\/li>\n<li>Kr\u0101sa: bezkr\u0101sains, caursp\u012bd\u012bgs<\/li>\n<li>Konsistence: Vid\u0113ji bieza<\/li>\n<li>Stingr\u0101ka nek\u0101 gumijas b\u0101ze, elast\u012bg\u0101ka par b\u0101zes p\u0101rkl\u0101jumu<\/li>\n<li>Biez\u0101ka nek\u0101 elast\u012bg\u0101 b\u0101ze, \u0161\u0137idr\u0101ka nek\u0101 gumijas b\u0101ze,<\/li>\n<li>P\u0113c saciet\u0113\u0161anas lamp\u0101 nav nepiecie\u0161ama v\u012bl\u0113\u0161ana,<\/li>\n<li>Konsistence: Bieza.<\/li>\n<\/ul>","protected":false},"featured_media":9728,"template":"","meta":[],"product_brand":[],"product_cat":[116,131,219,233,228,117,136],"product_tag":[168,167],"class_list":{"0":"post-9727","1":"product","2":"type-product","3":"status-publish","4":"has-post-thumbnail","6":"product_cat-makear","7":"product_cat-gel-polishes-makear","8":"product_cat-base-and-top-coat","9":"product_cat-fibre-base-coat","10":"product_cat-clear-base-and-top-coat","11":"product_cat-base","12":"product_cat-base-clear","13":"product_tag-fiber-base","14":"product_tag-kuidgeeli-alus","16":"first","17":"instock","18":"taxable","19":"shipping-taxable","20":"purchasable","21":"product-type-simple"},"jetpack_sharing_enabled":true,"_links":{"self":[{"href":"https:\/\/shop.bestudio.ee\/lv\/wp-json\/wp\/v2\/product\/9727","targetHints":{"allow":["GET"]}}],"collection":[{"href":"https:\/\/shop.bestudio.ee\/lv\/wp-json\/wp\/v2\/product"}],"about":[{"href":"https:\/\/shop.bestudio.ee\/lv\/wp-json\/wp\/v2\/types\/product"}],"wp:featuredmedia":[{"embeddable":true,"href":"https:\/\/shop.bestudio.ee\/lv\/wp-json\/wp\/v2\/media\/9728"}],"wp:attachment":[{"href":"https:\/\/shop.bestudio.ee\/lv\/wp-json\/wp\/v2\/media?parent=9727"}],"wp:term":[{"taxonomy":"product_brand","embeddable":true,"href":"https:\/\/shop.bestudio.ee\/lv\/wp-json\/wp\/v2\/product_brand?post=9727"},{"taxonomy":"product_cat","embeddable":true,"href":"https:\/\/shop.bestudio.ee\/lv\/wp-json\/wp\/v2\/product_cat?post=9727"},{"taxonomy":"product_tag","embeddable":true,"href":"https:\/\/shop.bestudio.ee\/lv\/wp-json\/wp\/v2\/product_tag?post=9727"}],"curies":[{"name":"wp","href":"https:\/\/api.w.org\/{rel}","templated":true}]}}