{"id":9730,"date":"2023-07-20T19:27:41","date_gmt":"2023-07-20T19:27:41","guid":{"rendered":"https:\/\/shop.bestudio.ee\/?post_type=product&#038;p=9730"},"modified":"2026-01-19T20:42:09","modified_gmt":"2026-01-19T18:42:09","slug":"gg02-marshmallow-gelgo-15ml","status":"publish","type":"product","link":"https:\/\/shop.bestudio.ee\/lv\/products\/gg02-marshmallow-gelgo-15ml\/","title":{"rendered":"GG02 Marshmallow \u2013 Gel&amp;Go, 15ml"},"content":{"rendered":"<p><strong>Raksturlielumi <\/strong><\/p>\n<ul>:<\/p>\n<li>Vid\u0113ji bieza konsistence,<\/li>\n<li>Pa\u0161l\u012bme\u0146o\u0161an\u0101s,<\/li>\n<li>Gr\u016bti,<\/li>\n<li>bez smar\u017eas,<\/li>\n<li>100% p\u0101rkl\u0101jums, m\u012bksts fails,<\/li>\n<li>Iztur\u012bgs un iztur\u012bgs pret boj\u0101jumiem,<\/li>\n<li>Tilpums: 15 ml,<\/li>\n<li>Mar\u0137\u0113jums: Gel&amp;Go<\/li>\n<\/ul>\n<p><strong>Paredz\u0113ts priek\u0161: <\/strong><\/p>\n<ul>\n<li>Pa\u0146\u0113mieni bez z\u0101\u0123\u0113\u0161anas,<\/li>\n<li>Nagu pieaudz\u0113\u0161ana uz veidnes,<\/li>\n<li>Papildin\u0101jumi,<\/li>\n<li>Dabisko nagu stiprin\u0101\u0161ana<\/li>\n<\/ul>\n<p><strong>Lieto\u0161anas nor\u0101d\u012bjumi: <\/strong><\/p>\n<ul>\n<li>1 \u2013 Sagatavojiet nagu k\u0101 parasti<\/li>\n<li>2 \u2013 Uzkl\u0101jiet b\u0101zi vai izveidojiet \u017eeleju<\/li>\n<li>3 \u2013 Uzkl\u0101jiet \u017eeleju un ieg\u016bstiet v\u0113lamo formu<\/li>\n<li>4 \u2013 Uzkl\u0101jiet hibr\u012bda nagu laku<\/li>\n<li>5. Uzkl\u0101jiet aug\u0161\u0113jo da\u013cu hibr\u012bdlak\u0101m<\/li>\n<\/ul>\n<ul>\n<li><strong>Produkts ir savietojams ar visiem manik\u012bra produktiem. LED lampas min. 48\u00a0W \u2013 1 min. 36W UV lampa \u2013 2min. <\/strong><\/li>\n<\/ul>","protected":false},"excerpt":{"rendered":"<p><strong>Gel&amp;Go <\/strong><\/p>\n<p>Ir g\u0113ls, kas paredz\u0113ts \u0101tram salona darbam. Ide\u0101li piem\u0113rots darbam ar tehniku bez v\u012bl\u0113\u0161anas, nagu pagarin\u0101\u0161anai uz formas, atjauno\u0161anai un dabisko nagu nostiprin\u0101\u0161anai. Tas ir ciets un t\u0101p\u0113c iztur\u012bgs un iztur\u012bgs pret boj\u0101jumiem vai \u0101r\u0113jiem faktoriem. T\u0101 vid\u0113ji biez\u0101 konsistence un pa\u0161izl\u012bdzin\u0101\u0161an\u0101s \u013cauj viegli izklied\u0113t produktu, neiz\u0161\u013cakstoties p\u0101ri kutikul\u0101m, kas pa\u0101trina darba tempu.<\/p>\n<p>Gel&amp;Go ir produkts, pateicoties kuram var viegli ieg\u016bt v\u0113lamo nagu formu, svar\u012bgi, tas \u013cauj pievilkt tuneli, kas neizple\u0161as. Tas ir 100% necaursp\u012bd\u012bgs, kas padara to lieliski piem\u0113rotu k\u0101 pamatu fran\u010du manik\u012bram vai \u013cauj atst\u0101t nagu p\u0101rkl\u0101tu ar \u017eeleju, bez nepiecie\u0161am\u012bbas uzkl\u0101t hibr\u012bda laku.<\/p>\n<p>Pateicoties t\u0101 daudzfunkcionalit\u0101tei, to var izmantot gan profesion\u0101los skaistumkop\u0161anas salonos, gan ies\u0101c\u0113jiem, kuri tikai s\u0101k str\u0101d\u0101t ar g\u0113liem.<\/p>","protected":false},"featured_media":9731,"template":"","meta":[],"product_brand":[],"product_cat":[116,119,121,222,223],"product_tag":[164,149,151,150],"class_list":{"0":"post-9730","1":"product","2":"type-product","3":"status-publish","4":"has-post-thumbnail","6":"product_cat-makear","7":"product_cat-gel","8":"product_cat-gelgo","9":"product_cat-sculpting-gel-acrygel","10":"product_cat-gel-and-go","11":"product_tag-ehitugeel","12":"product_tag-gel","13":"product_tag-gel-nails","14":"product_tag-kuuntegeel","16":"first","17":"instock","18":"taxable","19":"shipping-taxable","20":"purchasable","21":"product-type-simple"},"jetpack_sharing_enabled":true,"_links":{"self":[{"href":"https:\/\/shop.bestudio.ee\/lv\/wp-json\/wp\/v2\/product\/9730","targetHints":{"allow":["GET"]}}],"collection":[{"href":"https:\/\/shop.bestudio.ee\/lv\/wp-json\/wp\/v2\/product"}],"about":[{"href":"https:\/\/shop.bestudio.ee\/lv\/wp-json\/wp\/v2\/types\/product"}],"wp:featuredmedia":[{"embeddable":true,"href":"https:\/\/shop.bestudio.ee\/lv\/wp-json\/wp\/v2\/media\/9731"}],"wp:attachment":[{"href":"https:\/\/shop.bestudio.ee\/lv\/wp-json\/wp\/v2\/media?parent=9730"}],"wp:term":[{"taxonomy":"product_brand","embeddable":true,"href":"https:\/\/shop.bestudio.ee\/lv\/wp-json\/wp\/v2\/product_brand?post=9730"},{"taxonomy":"product_cat","embeddable":true,"href":"https:\/\/shop.bestudio.ee\/lv\/wp-json\/wp\/v2\/product_cat?post=9730"},{"taxonomy":"product_tag","embeddable":true,"href":"https:\/\/shop.bestudio.ee\/lv\/wp-json\/wp\/v2\/product_tag?post=9730"}],"curies":[{"name":"wp","href":"https:\/\/api.w.org\/{rel}","templated":true}]}}