{"id":9752,"date":"2023-07-22T19:26:00","date_gmt":"2023-07-22T19:26:00","guid":{"rendered":"https:\/\/shop.bestudio.ee\/?post_type=product&#038;p=9752"},"modified":"2025-09-03T23:49:18","modified_gmt":"2025-09-03T20:49:18","slug":"501-uv-gel-polish-makear-8ml","status":"publish","type":"product","link":"https:\/\/shop.bestudio.ee\/lv\/products\/501-uv-gel-polish-makear-8ml\/","title":{"rendered":"501 UV g\u0113la lakas l\u012bdzeklis, 8ml"},"content":{"rendered":"<ul>\n<li>Paredz\u0113ts profesion\u0101lai lieto\u0161anai,<\/li>\n<li>Sp\u0113c\u012bga pigment\u0101cija, kr\u0113ms, vid\u0113ji bieza konsistence padara produktu pat\u012bkamu un \u0113rtu darbam,<\/li>\n<li>Augsts sp\u012bdums,<\/li>\n<li>G\u0113la notur\u012bba \u2013 vair\u0101ku ned\u0113\u013cu efekts,<\/li>\n<li>Kr\u0101sas neatst\u0101j sv\u012btras,<\/li>\n<li>3\u00a0produkts bez formaldeh\u012bda, toluola un DBP,<\/li>\n<li>Perfektas formas ota,<\/li>\n<li>Re\u0101l\u0101 kr\u0101sa uz v\u0101ci\u0146a un grezn\u0101 pudele padara produktu unik\u0101lu,<\/li>\n<li>Laka ir iepakota kartona kast\u0113, kas nodro\u0161ina dro\u0161\u012bbu transport\u0113\u0161anas laik\u0101, un taj\u0101 pa\u0161\u0101 laik\u0101 ir piln\u012bb\u0101 biolo\u0123iski no\u0101rd\u0101ma*,<\/li>\n<li>Tilpums: 8 ml,<\/li>\n<\/ul>\n<p>LED lampa min. 48\u00a0W \u2013 1 min. 36W UV lampa \u2013 2min.<\/p>\n<p>&nbsp;<\/p>\n<p><strong>Makear hibr\u012bda nagu lakas ir paredz\u0113tas profesion\u0101liem<\/strong> <strong>izmantot.<\/strong><\/p>\n<p>SAST\u0100VDA\u013bAS: AKRIL\u0100TU KOPOLIMERS, HEMA, TRIMETILBENZOILDIFENILFOSF\u012aNA OKS\u012aDS, HIDROKSIKLOHEKSILA FENILKETONS, SIL\u012aCIJA, +\/-: CI 45410, CI 15850, CI 191,7470, CI 191,7470 7499, CI 77891, CI 77288.<\/p>","protected":false},"excerpt":{"rendered":"<p><strong>Makear \u2122 UV \/ LED hibr\u012bda nagu laka <\/strong><\/p>\n<p><strong>Regul\u0101ra s\u0113rija <\/strong><\/p>\n<p>\u013baujiet sevi aizraut patiesam sievi\u0161\u0137\u012bgu, p\u016bderainu un smalku kr\u0101su eksplozijai no Makear. M\u016bsu pavasara-vasaras kolekcij\u0101 j\u016bs atrad\u012bsiet apburo\u0161us skaistus paste\u013cto\u0146us, k\u0101 ar\u012b sul\u012bgas kr\u0101sas, kas \u013caus jums izveidot p\u0101rsteidzo\u0161u stiliz\u0101ciju.<\/p>","protected":false},"featured_media":9753,"template":"","meta":[],"product_brand":[],"product_cat":[116,131,142,218,263],"product_tag":[152,153],"class_list":{"0":"post-9752","1":"product","2":"type-product","3":"status-publish","4":"has-post-thumbnail","6":"product_cat-makear","7":"product_cat-gel-polishes-makear","8":"product_cat-colours","9":"product_cat-nail-gel-polishes","10":"product_cat-colours-nail-gel-polishes","11":"product_tag-geellakk","12":"product_tag-gel-polish","14":"first","15":"instock","16":"taxable","17":"shipping-taxable","18":"purchasable","19":"product-type-simple"},"jetpack_sharing_enabled":true,"_links":{"self":[{"href":"https:\/\/shop.bestudio.ee\/lv\/wp-json\/wp\/v2\/product\/9752","targetHints":{"allow":["GET"]}}],"collection":[{"href":"https:\/\/shop.bestudio.ee\/lv\/wp-json\/wp\/v2\/product"}],"about":[{"href":"https:\/\/shop.bestudio.ee\/lv\/wp-json\/wp\/v2\/types\/product"}],"wp:featuredmedia":[{"embeddable":true,"href":"https:\/\/shop.bestudio.ee\/lv\/wp-json\/wp\/v2\/media\/9753"}],"wp:attachment":[{"href":"https:\/\/shop.bestudio.ee\/lv\/wp-json\/wp\/v2\/media?parent=9752"}],"wp:term":[{"taxonomy":"product_brand","embeddable":true,"href":"https:\/\/shop.bestudio.ee\/lv\/wp-json\/wp\/v2\/product_brand?post=9752"},{"taxonomy":"product_cat","embeddable":true,"href":"https:\/\/shop.bestudio.ee\/lv\/wp-json\/wp\/v2\/product_cat?post=9752"},{"taxonomy":"product_tag","embeddable":true,"href":"https:\/\/shop.bestudio.ee\/lv\/wp-json\/wp\/v2\/product_tag?post=9752"}],"curies":[{"name":"wp","href":"https:\/\/api.w.org\/{rel}","templated":true}]}}