{"id":9776,"date":"2023-07-22T19:56:32","date_gmt":"2023-07-22T19:56:32","guid":{"rendered":"https:\/\/shop.bestudio.ee\/?post_type=product&#038;p=9776"},"modified":"2025-09-03T23:48:53","modified_gmt":"2025-09-03T20:48:53","slug":"n19-uv-gel-polish-makear-8ml","status":"publish","type":"product","link":"https:\/\/shop.bestudio.ee\/lv\/products\/n19-uv-gel-polish-makear-8ml\/","title":{"rendered":"N19 UV g\u0113la lakas l\u012bdzeklis, 8ml"},"content":{"rendered":"<ul>\n<li>Paredz\u0113ts profesion\u0101lai lieto\u0161anai,<\/li>\n<li>Sp\u0113c\u012bga pigment\u0101cija, kr\u0113m\u012bga, vid\u0113ji bieza konsistence padara produktu pat\u012bkamu un \u0113rtu darbam,<\/li>\n<li>Augsts sp\u012bdums,<\/li>\n<li>Gela notur\u012bba \u2013 vair\u0101ku ned\u0113\u013cu efekts,<\/li>\n<li>Kr\u0101sas neatst\u0101j sv\u012btras,<\/li>\n<li>3\u00a0produkts bez formaldeh\u012bda, toluola un DBP,<\/li>\n<li>Perfektas kont\u016bras ota,<\/li>\n<li>Re\u0101l\u0101 kr\u0101sa uz v\u0101ci\u0146a un grezn\u0101 pudele padara produktu unik\u0101lu,<\/li>\n<li>Laka ir iepakota kartona kast\u0113, kas nodro\u0161ina dro\u0161\u012bbu transport\u0113\u0161anas laik\u0101, un taj\u0101 pa\u0161\u0101 laik\u0101 ir piln\u012bb\u0101 biolo\u0123iski no\u0101rd\u0101ma*,<\/li>\n<li>Tilpums: 8 ml,<\/li>\n<li>Mar\u0137\u0113jums: N02-N30.<\/li>\n<\/ul>\n<p>LED lampas min. 48\u00a0W \u2013 1 min. 36W UV lampa \u2013 2min.<\/p>\n<p>* ieteicams izmantot baltu gruntskr\u0101su.<\/p>\n<p>&nbsp;<\/p>\n<p><strong>Makear hibr\u012bda nagu lakas ir paredz\u0113tas profesion\u0101lai lieto\u0161anai.<\/strong><\/p>\n<p>SAST\u0100VDA\u013bAS: AKRIL\u0100TU KOPOLIMERS, HEMA, TRIMETILBENZOILDIFENILFOSF\u012aNA OKS\u012aDS, HIDROKSIKLOHEKSILA FENILKETONS, SIL\u012aCIJA, +\/-: CI 45410, CI 15850, CI 191,7470, CI 191,7470 7499, CI 77891, CI 77288.<\/p>","protected":false},"excerpt":{"rendered":"<p><strong>Makear \u2122 UV \/ LED hibr\u012bda nagu laka <\/strong><\/p>\n<div><\/div>\n<div>\n<p><strong>NEONA KOLEKCIJA <\/strong><\/p>\n<p>Ener\u0123iska, pies\u0101tin\u0101ta hibr\u012bda nagu laka, kas valdzina ar savu pigment\u0101ciju, kurai nav nepiecie\u0161ams balts hibr\u012bda grunt\u0113jums. Visas varav\u012bksnes kr\u0101sas neona izdevum\u0101.<\/p>\n<\/div>","protected":false},"featured_media":9777,"template":"","meta":[],"product_brand":[],"product_cat":[116,131,138,218,266],"product_tag":[152,153],"class_list":{"0":"post-9776","1":"product","2":"type-product","3":"status-publish","4":"has-post-thumbnail","6":"product_cat-makear","7":"product_cat-gel-polishes-makear","8":"product_cat-neon-collection","9":"product_cat-nail-gel-polishes","10":"product_cat-summer-neons","11":"product_tag-geellakk","12":"product_tag-gel-polish","14":"first","15":"instock","16":"taxable","17":"shipping-taxable","18":"purchasable","19":"product-type-simple"},"jetpack_sharing_enabled":true,"_links":{"self":[{"href":"https:\/\/shop.bestudio.ee\/lv\/wp-json\/wp\/v2\/product\/9776","targetHints":{"allow":["GET"]}}],"collection":[{"href":"https:\/\/shop.bestudio.ee\/lv\/wp-json\/wp\/v2\/product"}],"about":[{"href":"https:\/\/shop.bestudio.ee\/lv\/wp-json\/wp\/v2\/types\/product"}],"wp:featuredmedia":[{"embeddable":true,"href":"https:\/\/shop.bestudio.ee\/lv\/wp-json\/wp\/v2\/media\/9777"}],"wp:attachment":[{"href":"https:\/\/shop.bestudio.ee\/lv\/wp-json\/wp\/v2\/media?parent=9776"}],"wp:term":[{"taxonomy":"product_brand","embeddable":true,"href":"https:\/\/shop.bestudio.ee\/lv\/wp-json\/wp\/v2\/product_brand?post=9776"},{"taxonomy":"product_cat","embeddable":true,"href":"https:\/\/shop.bestudio.ee\/lv\/wp-json\/wp\/v2\/product_cat?post=9776"},{"taxonomy":"product_tag","embeddable":true,"href":"https:\/\/shop.bestudio.ee\/lv\/wp-json\/wp\/v2\/product_tag?post=9776"}],"curies":[{"name":"wp","href":"https:\/\/api.w.org\/{rel}","templated":true}]}}