{"id":9780,"date":"2023-07-22T23:05:28","date_gmt":"2023-07-22T20:05:28","guid":{"rendered":"https:\/\/shop.bestudio.ee\/?post_type=product&#038;p=9780"},"modified":"2025-12-01T00:32:55","modified_gmt":"2025-11-30T22:32:55","slug":"crb17-matrix-green-juicy-rubber-base-8ml","status":"publish","type":"product","link":"https:\/\/shop.bestudio.ee\/lv\/products\/crb17-matrix-green-juicy-rubber-base-8ml\/","title":{"rendered":"CRB17 Matrix Green \u2013 Juicy Rubber Base, 8ml"},"content":{"rendered":"<p><strong>Galven\u0101s sul\u012bg\u0101s gumijas pamatnes priek\u0161roc\u012bbas:<\/strong><\/p>\n<ul>\n<li>Tas pa\u0101trina darbu \u2013 viens produkts aizvieto divus iepriek\u0161 lietotos!<\/li>\n<li>6 kr\u0101sas, kas uzsv\u0113rs tavu iedegumu un sniegs pa\u0161apzi\u0146u.<\/li>\n<li>Tas ir elast\u012bgs \u2013 darbojas ar nagu, kas padara to iztur\u012bgu pret \u0161\u0137el\u0161anos vai boj\u0101jumiem.<\/li>\n<li>Pateicoties t\u0101s biezajai konsistencei, t\u0101 lieliski izl\u012bdzina nel\u012bdzenu vai boj\u0101tu nagu pl\u0101ksni.<\/li>\n<li>Perfektas kont\u016bras birst\u012bte nodro\u0161ina vieglu produkta uzkl\u0101\u0161anu pat problem\u0101tisk\u0101s viet\u0101s, piem\u0113ram, zon\u0101 ap nagu k\u0101tu.<\/li>\n<li>P\u0113c saciet\u0113\u0161anas lamp\u0101 tai nav nepiecie\u0161ama v\u012bl\u0113\u0161ana.<\/li>\n<li>Mar\u0137\u0113jums: CRB13-CRB18<\/li>\n<li>Kr\u0101sa: Neona<\/li>\n<li>Konsistence: Bieza<\/li>\n<li>Tilpums: 8ml<\/li>\n<\/ul>\n<p>LED lampa min. 48\u00a0W \u2013 1 min. UV 36W lampa \u2013 2min.<\/p>","protected":false},"excerpt":{"rendered":"<p><strong>Sul\u012bga gumijas b\u0101ze<\/strong><\/p>\n<p><strong>... un j\u016bsu nagi k\u013c\u016bs sul\u012bgi!<\/strong><\/p>\n<p>Gumijas pamat\u0146u kolekcija 6 dz\u012bvespriec\u012bgos to\u0146os, kas ienes\u012bs j\u016bs vasar\u012bg\u0101 gaisotn\u0113!<br \/>\nVasara ir laiks, kad v\u0113lies par\u0101d\u012bties un b\u016bt paman\u0101mam, t\u0101p\u0113c izv\u0113lies sul\u012bgu gumijas pamatni, izv\u0113lies treknu kr\u0101su un izbaudi laikapst\u0101k\u013cus!<br \/>\nIzteiksm\u012bgas kr\u0101sas lieliski uzsv\u0113rs tavu iedegumu un pie\u0161\u0137irs starojo\u0161u noska\u0146u, kas b\u016bs k\u0101 v\u0113r\u0161a acs<\/p>","protected":false},"featured_media":9781,"template":"","meta":[],"product_brand":[],"product_cat":[116,219,117,139,231,220],"product_tag":[158,159],"class_list":{"0":"post-9780","1":"product","2":"type-product","3":"status-publish","4":"has-post-thumbnail","6":"product_cat-makear","7":"product_cat-base-and-top-coat","8":"product_cat-base","9":"product_cat-juicy-rubber-base","10":"product_cat-rubber-base-coat","11":"product_cat-colourful-base-coat","12":"product_tag-kummist-alus","13":"product_tag-rubber-base","15":"first","16":"instock","17":"taxable","18":"shipping-taxable","19":"purchasable","20":"product-type-simple"},"jetpack_sharing_enabled":true,"_links":{"self":[{"href":"https:\/\/shop.bestudio.ee\/lv\/wp-json\/wp\/v2\/product\/9780","targetHints":{"allow":["GET"]}}],"collection":[{"href":"https:\/\/shop.bestudio.ee\/lv\/wp-json\/wp\/v2\/product"}],"about":[{"href":"https:\/\/shop.bestudio.ee\/lv\/wp-json\/wp\/v2\/types\/product"}],"wp:featuredmedia":[{"embeddable":true,"href":"https:\/\/shop.bestudio.ee\/lv\/wp-json\/wp\/v2\/media\/9781"}],"wp:attachment":[{"href":"https:\/\/shop.bestudio.ee\/lv\/wp-json\/wp\/v2\/media?parent=9780"}],"wp:term":[{"taxonomy":"product_brand","embeddable":true,"href":"https:\/\/shop.bestudio.ee\/lv\/wp-json\/wp\/v2\/product_brand?post=9780"},{"taxonomy":"product_cat","embeddable":true,"href":"https:\/\/shop.bestudio.ee\/lv\/wp-json\/wp\/v2\/product_cat?post=9780"},{"taxonomy":"product_tag","embeddable":true,"href":"https:\/\/shop.bestudio.ee\/lv\/wp-json\/wp\/v2\/product_tag?post=9780"}],"curies":[{"name":"wp","href":"https:\/\/api.w.org\/{rel}","templated":true}]}}