{"id":9794,"date":"2023-07-22T23:27:36","date_gmt":"2023-07-22T20:27:36","guid":{"rendered":"https:\/\/shop.bestudio.ee\/?post_type=product&#038;p=9794"},"modified":"2025-12-01T00:32:45","modified_gmt":"2025-11-30T22:32:45","slug":"srb01-lyra-sparkling-rubber-base-8ml","status":"publish","type":"product","link":"https:\/\/shop.bestudio.ee\/lv\/products\/srb01-lyra-sparkling-rubber-base-8ml\/","title":{"rendered":"SRB01 Lyra \u2013 dzirksto\u0161\u0101 gumijas b\u0101ze, 8ml"},"content":{"rendered":"<p><strong>Sparkling gumijas pamatnes galven\u0101s \u012bpa\u0161\u012bbas:<\/strong><\/p>\n<ul>\n<li>Tas pa\u0101trina darbu \u2013 viens produkts aizvieto divus iepriek\u0161 lietotos!<\/li>\n<li>6 kr\u0101sas, kas pie\u0161\u0137ir p\u0101rsteidzo\u0161u sp\u012bdumu.<\/li>\n<li>Tas ir elast\u012bgs \u2013 darbojas ar nagu, kas padara to iztur\u012bgu pret \u0161\u0137el\u0161anos vai boj\u0101jumiem.<\/li>\n<li>Pateicoties t\u0101s biezajai konsistencei, t\u0101 lieliski izl\u012bdzina nel\u012bdzenu vai boj\u0101tu nagu pl\u0101ksni.<\/li>\n<li>Perfektas kont\u016bras oti\u0146a nodro\u0161ina vieglu produkta uzkl\u0101\u0161anu pat problem\u0101tisk\u0101s viet\u0101s, piem\u0113ram, zon\u0101 ap nagu pl\u0101ksni;<\/li>\n<li>P\u0113c saciet\u0113\u0161anas lamp\u0101 tai nav nepiecie\u0161ama v\u012bl\u0113\u0161ana.<\/li>\n<\/ul>\n<p>&nbsp;<\/p>\n<p>&nbsp;<\/p>\n<ul>\n<li>Mar\u0137\u0113jums: SRB01 \u2013 SRB06<\/li>\n<li>Kr\u0101sa: Glitter<\/li>\n<li>Konsistence: Bieza<\/li>\n<li>Tilpums: 8ml<\/li>\n<li>Stipri sk\u0101bs produkts<\/li>\n<li>LED lampa min. 48\u00a0W \u2013 1 min. UV 36W lampa \u2013 2min.<\/li>\n<\/ul>","protected":false},"excerpt":{"rendered":"<p><strong>Dzirksto\u0161a gumijas pamatne<\/strong> \u2013 Gumijas pamatne ar izgrieztas hologr\u0101fisk\u0101s folijas gabali\u0146iem<\/p>\n<p>Jums nav j\u0101sniedzas l\u012bdz debes\u012bm, lai pieskartos zvaigzn\u0113m... Vienk\u0101r\u0161i pa\u0146emiet dzirksto\u0161o gumijas pamatni!<\/p>\n<p>P\u0101rejiet uz MAKEAR galaktiku, kuras mirdzums garant\u0113s jums iespaid\u012bgu manik\u012bru.<br \/>\nSparkling Rubber Base kolekcija sast\u0101v no 6 kr\u0101su gumijas pamatn\u0113m, kas bag\u0101tin\u0101tas ar grieztas hologr\u0101fisk\u0101s folijas da\u013ci\u0146\u0101m, pateicoties kur\u0101m kopums ieg\u016bst kosmisku raksturu un mirdzumu.<\/p>\n<p>Nemekl\u0113jiet zvaigznes debes\u012bs. Izv\u0113lieties dzirksto\u0161o gumijas b\u0101zi un k\u013c\u016bstiet par spo\u017e\u0101ko svilpi zvaigzn\u0101j\u0101!<\/p>","protected":false},"featured_media":9795,"template":"","meta":[],"product_brand":[],"product_cat":[116,219,117,140,231,220],"product_tag":[158,159],"class_list":{"0":"post-9794","1":"product","2":"type-product","3":"status-publish","4":"has-post-thumbnail","6":"product_cat-makear","7":"product_cat-base-and-top-coat","8":"product_cat-base","9":"product_cat-sparkling-rubber-base","10":"product_cat-rubber-base-coat","11":"product_cat-colourful-base-coat","12":"product_tag-kummist-alus","13":"product_tag-rubber-base","15":"first","16":"instock","17":"taxable","18":"shipping-taxable","19":"purchasable","20":"product-type-simple"},"jetpack_sharing_enabled":true,"_links":{"self":[{"href":"https:\/\/shop.bestudio.ee\/lv\/wp-json\/wp\/v2\/product\/9794","targetHints":{"allow":["GET"]}}],"collection":[{"href":"https:\/\/shop.bestudio.ee\/lv\/wp-json\/wp\/v2\/product"}],"about":[{"href":"https:\/\/shop.bestudio.ee\/lv\/wp-json\/wp\/v2\/types\/product"}],"wp:featuredmedia":[{"embeddable":true,"href":"https:\/\/shop.bestudio.ee\/lv\/wp-json\/wp\/v2\/media\/9795"}],"wp:attachment":[{"href":"https:\/\/shop.bestudio.ee\/lv\/wp-json\/wp\/v2\/media?parent=9794"}],"wp:term":[{"taxonomy":"product_brand","embeddable":true,"href":"https:\/\/shop.bestudio.ee\/lv\/wp-json\/wp\/v2\/product_brand?post=9794"},{"taxonomy":"product_cat","embeddable":true,"href":"https:\/\/shop.bestudio.ee\/lv\/wp-json\/wp\/v2\/product_cat?post=9794"},{"taxonomy":"product_tag","embeddable":true,"href":"https:\/\/shop.bestudio.ee\/lv\/wp-json\/wp\/v2\/product_tag?post=9794"}],"curies":[{"name":"wp","href":"https:\/\/api.w.org\/{rel}","templated":true}]}}