{"id":9820,"date":"2023-07-22T21:02:13","date_gmt":"2023-07-22T21:02:13","guid":{"rendered":"https:\/\/shop.bestudio.ee\/?post_type=product&#038;p=9820"},"modified":"2025-12-01T00:33:18","modified_gmt":"2025-11-30T22:33:18","slug":"top-no-wipe-gold-8ml","status":"publish","type":"product","link":"https:\/\/shop.bestudio.ee\/lv\/products\/top-no-wipe-gold-8ml\/","title":{"rendered":"Tops No Wipe Gold, 8ml"},"content":{"rendered":"<ul>\n<li>\u012apa\u0161\u012bbas: Virspuse bez dispersijas sl\u0101\u0146a,<\/li>\n<li>Konsistence: vid\u0113ji bieza \/ pa\u0161izl\u012bdzino\u0161a,<\/li>\n<li><strong>K\u0101 izmantot: <\/strong>Uzkl\u0101jiet vid\u0113jo sl\u0101ni ar maig\u0101m kust\u012bb\u0101m, cietiniet vismaz 60 sekundes LED \/ dubult\u0101 lamp\u0101, nepieskarieties uzreiz p\u0113c iz\u0146em\u0161anas no lampas, pagaidiet 15-20 sekundes, l\u012bdz tas atdziest, neiesak\u0101m uzkl\u0101t ol\u012bvu uz tikko saciet\u0113ju\u0161u virsu,<\/li>\n<li>Tilpums: 8 ml,<\/li>\n<li>Mar\u0137\u0113jums: TNW (sudrabs, zelts).<\/li>\n<\/ul>\n<p>LED lampa min. 48\u00a0W \u2013 1 min. 36W UV lampa \u2013 2min.<\/p>","protected":false},"excerpt":{"rendered":"<p><strong>Tops No Wipe Gold <\/strong><\/p>\n<p>Tops bez dispersijas sl\u0101\u0146a, kas satur p\u0101rgrieztas p\u0101rneses folijas da\u013ci\u0146as, pateicoties kur\u0101m tas pie\u0161\u0137irs katram stilam unik\u0101lu izskatu.<\/p>","protected":false},"featured_media":9821,"template":"","meta":[],"product_brand":[],"product_cat":[116,219,118,221],"product_tag":[163,162],"class_list":{"0":"post-9820","1":"product","2":"type-product","3":"status-publish","4":"has-post-thumbnail","6":"product_cat-makear","7":"product_cat-base-and-top-coat","8":"product_cat-top-cover","9":"product_cat-top-coat-with-effect","10":"product_tag-pealislakk","11":"product_tag-top-coat","13":"first","14":"instock","15":"taxable","16":"shipping-taxable","17":"purchasable","18":"product-type-simple"},"jetpack_sharing_enabled":true,"_links":{"self":[{"href":"https:\/\/shop.bestudio.ee\/lv\/wp-json\/wp\/v2\/product\/9820","targetHints":{"allow":["GET"]}}],"collection":[{"href":"https:\/\/shop.bestudio.ee\/lv\/wp-json\/wp\/v2\/product"}],"about":[{"href":"https:\/\/shop.bestudio.ee\/lv\/wp-json\/wp\/v2\/types\/product"}],"wp:featuredmedia":[{"embeddable":true,"href":"https:\/\/shop.bestudio.ee\/lv\/wp-json\/wp\/v2\/media\/9821"}],"wp:attachment":[{"href":"https:\/\/shop.bestudio.ee\/lv\/wp-json\/wp\/v2\/media?parent=9820"}],"wp:term":[{"taxonomy":"product_brand","embeddable":true,"href":"https:\/\/shop.bestudio.ee\/lv\/wp-json\/wp\/v2\/product_brand?post=9820"},{"taxonomy":"product_cat","embeddable":true,"href":"https:\/\/shop.bestudio.ee\/lv\/wp-json\/wp\/v2\/product_cat?post=9820"},{"taxonomy":"product_tag","embeddable":true,"href":"https:\/\/shop.bestudio.ee\/lv\/wp-json\/wp\/v2\/product_tag?post=9820"}],"curies":[{"name":"wp","href":"https:\/\/api.w.org\/{rel}","templated":true}]}}