{"id":9846,"date":"2023-09-12T13:36:23","date_gmt":"2023-09-12T13:36:23","guid":{"rendered":"https:\/\/shop.bestudio.ee\/?post_type=product&#038;p=9846"},"modified":"2025-02-13T23:37:11","modified_gmt":"2025-02-13T21:37:11","slug":"top-cherry-no-wipe-8ml","status":"publish","type":"product","link":"https:\/\/shop.bestudio.ee\/lv\/products\/top-cherry-no-wipe-8ml\/","title":{"rendered":"Top Cherry (bez salvetes), 8ml"},"content":{"rendered":"<p>Aug\u0161pus\u0113 nav salvetes, kas satur p\u0101rne\u0161anas folijas plankumus ar hameleona efektu.<\/p>\n<p>K\u0101 izmantot:<\/p>\n<ul>\n<li>Uzkl\u0101jiet Top sl\u0101ni ar maig\u0101m kust\u012bb\u0101m.<\/li>\n<li>Saciet\u0113jiet to Led\/Dual Led lamp\u0101 60\u00a0s.<\/li>\n<li>P\u0113c rokas iz\u0146em\u0161anas no lampas nepieskarieties nagiem.<\/li>\n<\/ul>\n<p>Iesak\u0101m pagaid\u012bt 20-30s, l\u012bdz atdziest \u2013 ja nev\u0113laties, lai nagi k\u013c\u016btu mat\u0113ti.<\/p>","protected":false},"excerpt":{"rendered":"<p><strong>AUG\u0160AIS \u0136IRSIS (bez noslauc\u012b\u0161anas)<\/strong><\/p>\n<p>\u2013 tas ir tops bez dispersijas sl\u0101\u0146a (bez salvetes), kas satur p\u0101rne\u0161anas folijas plankumus ar Hameleona efektu. Rezult\u0101t\u0101 katrai stiliz\u0101cijai ir lielisks izskats.<\/p>\n<p>Domin\u0113jo\u0161\u0101 kr\u0101sa: roz\u0101<\/p>\n<p>Iesp\u0113jas:<\/p>\n<ul>\n<li>Kr\u0101sa: folija, roz\u0101 nokr\u0101sas,<\/li>\n<li>Pa\u0161l\u012bme\u0146o\u0161an\u0101s,<\/li>\n<li>Virsmas sl\u0101nis uz kr\u0101sainas g\u0113la lakas vai g\u0113la\/akrila,<\/li>\n<li>Saciet\u0113\u0161anas laiks: 60\u00a0s UV\/divvadu lamp\u0101,<\/li>\n<li>Konsistence: vid\u0113ji bieza, pa\u0161izl\u012bdzino\u0161a,<\/li>\n<li>Iztur\u012bgs pret boj\u0101jumiem,<\/li>\n<li>Tilpums: 8ml.<\/li>\n<\/ul>","protected":false},"featured_media":9847,"template":"","meta":[],"product_brand":[],"product_cat":[116,131,219,118,221],"product_tag":[163,162],"class_list":{"0":"post-9846","1":"product","2":"type-product","3":"status-publish","4":"has-post-thumbnail","6":"product_cat-makear","7":"product_cat-gel-polishes-makear","8":"product_cat-base-and-top-coat","9":"product_cat-top-cover","10":"product_cat-top-coat-with-effect","11":"product_tag-pealislakk","12":"product_tag-top-coat","14":"first","15":"instock","16":"taxable","17":"shipping-taxable","18":"purchasable","19":"product-type-simple"},"jetpack_sharing_enabled":true,"_links":{"self":[{"href":"https:\/\/shop.bestudio.ee\/lv\/wp-json\/wp\/v2\/product\/9846","targetHints":{"allow":["GET"]}}],"collection":[{"href":"https:\/\/shop.bestudio.ee\/lv\/wp-json\/wp\/v2\/product"}],"about":[{"href":"https:\/\/shop.bestudio.ee\/lv\/wp-json\/wp\/v2\/types\/product"}],"wp:featuredmedia":[{"embeddable":true,"href":"https:\/\/shop.bestudio.ee\/lv\/wp-json\/wp\/v2\/media\/9847"}],"wp:attachment":[{"href":"https:\/\/shop.bestudio.ee\/lv\/wp-json\/wp\/v2\/media?parent=9846"}],"wp:term":[{"taxonomy":"product_brand","embeddable":true,"href":"https:\/\/shop.bestudio.ee\/lv\/wp-json\/wp\/v2\/product_brand?post=9846"},{"taxonomy":"product_cat","embeddable":true,"href":"https:\/\/shop.bestudio.ee\/lv\/wp-json\/wp\/v2\/product_cat?post=9846"},{"taxonomy":"product_tag","embeddable":true,"href":"https:\/\/shop.bestudio.ee\/lv\/wp-json\/wp\/v2\/product_tag?post=9846"}],"curies":[{"name":"wp","href":"https:\/\/api.w.org\/{rel}","templated":true}]}}