{"id":9853,"date":"2023-09-26T16:33:45","date_gmt":"2023-09-26T16:33:45","guid":{"rendered":"https:\/\/shop.bestudio.ee\/?post_type=product&#038;p=9853"},"modified":"2025-12-01T00:31:29","modified_gmt":"2025-11-30T22:31:29","slug":"sfx-liquid-effect-dust-bp06-5ml","status":"publish","type":"product","link":"https:\/\/shop.bestudio.ee\/lv\/products\/sfx-liquid-effect-dust-bp06-5ml\/","title":{"rendered":"SFX Liquid Effect putek\u013ci BP06, 5ml"},"content":{"rendered":"<p>5 ml,<\/p>\n<p>K\u0101 to lietot:<\/p>\n<ol>\n<li>Uzkl\u0101jiet Top No Wipe uz izv\u0113l\u0113t\u0101s kr\u0101sas. P\u0113c tam 30sec cietin\u0101t (iesak\u0101m ier\u012bv\u0113t silt\u0101 virspus\u0113)<\/li>\n<li>Uzkl\u0101jiet SFX ar aplikatoru no pudeles.<\/li>\n<li>Noberz\u0113jiet putek\u013cus, izmantojot pirkstu vai nagu putek\u013cu aplikatoru.<\/li>\n<li>Uzkl\u0101jiet Top un saciet\u0113jiet to.<\/li>\n<\/ol>\n<p>&nbsp;<\/p>\n<p>Sast\u0101vs: HEKSAFLUOROPOP\u0112NA TRIMERS, SIL\u012aCIJA, CI 77891<\/p>","protected":false},"excerpt":{"rendered":"<p><strong>SFX LIQUID MAKEAR<\/strong><br \/>\nSpilgta prizma<\/p>\n<p>Izm\u0113\u0123iniet jauno manik\u012bra revol\u016bciju! M\u016bsu jaunais inovat\u012bvs produkts \u2013 SFX Liquid (\u012bpa\u0161i \u0161\u0137idrie putek\u013ci), kas pie\u0161\u0137ir jums zaigojo\u0161u virsmas efektu uz j\u016bsu nagiem.<\/p>\n<p>SFX Liquid ir \u0101rk\u0101rt\u012bgi inovat\u012bvs produkts, kas piln\u012bb\u0101 main\u0101s, str\u0101d\u0101jot ar plankumiem. Sal\u012bdzinot ar tradicion\u0101lajiem putek\u013ciem, tie nesasm\u0113r\u0113jas un nav izkais\u012bti. Rezult\u0101t\u0101 produkta uzkl\u0101\u0161ana ir vienk\u0101r\u0161a un skaidra. J\u016bs varat br\u012bvi pavad\u012bt laiku, k\u0101 ar\u012b tas sniedz jums \u013coti pat\u012bkamu pieredzi.<br \/>\nViena no galvenaj\u0101m SFX \u0161\u0137idruma priek\u0161roc\u012bb\u0101m ir t\u0101 neticam\u0101 efektivit\u0101te. Pateicoties t\u0101 gludajai konsistencei, j\u016bs varat prec\u012bzi uzkl\u0101t produktu, lai to net\u0113r\u0113tu. Katra SFX Liquid pudele sniedz jums vair\u0101k iesp\u0113ju nek\u0101 tradicion\u0101lie putek\u013ci.<\/p>\n<p>Bright Prism kolekcija sast\u0101v no 6 unik\u0101liem to\u0146iem, kas p\u0101rv\u0113r\u0161as da\u017e\u0101d\u0101s kr\u0101s\u0101s. Tie pie\u0161\u0137ir j\u016bsu manik\u012bram satrieco\u0161u sp\u012bdumu. Tie izskat\u0101s p\u0101rsteidzo\u0161i spilgt\u0101s kr\u0101s\u0101s, jo rada \u012bpa\u0161us kontrastus un zibens efektus. Sagatavojieties revol\u016bcijai manik\u012br\u0101 ar SFX Liquid!<\/p>\n<p>Izp\u0113tiet neierobe\u017eotu rado\u0161umu un \u013caujiet nagiem ieg\u016bt unik\u0101lu zaigojo\u0161u kr\u0101su efektu.<\/p>\n<ul>\n<li>Tas neatst\u0101j putek\u013cus<\/li>\n<li>Tas ir efekt\u012bv\u0101ks par vid\u0113jiem putek\u013ciem.<\/li>\n<li>Tas taupa j\u016bsu laiku<\/li>\n<li>Tas sniedz jums iespaid\u012bgu zaigojo\u0161u efektu.<\/li>\n<\/ul>","protected":false},"featured_media":9854,"template":"","meta":[],"product_brand":[],"product_cat":[116,135,229],"product_tag":[160,217,216,161],"class_list":{"0":"post-9853","1":"product","2":"type-product","3":"status-publish","4":"has-post-thumbnail","6":"product_cat-makear","7":"product_cat-makeart","8":"product_cat-nail-art","9":"product_tag-hoorudes","10":"product_tag-kuunte-kunsti","11":"product_tag-nail-art","12":"product_tag-nail-dust","14":"first","15":"instock","16":"taxable","17":"shipping-taxable","18":"purchasable","19":"product-type-simple"},"jetpack_sharing_enabled":true,"_links":{"self":[{"href":"https:\/\/shop.bestudio.ee\/lv\/wp-json\/wp\/v2\/product\/9853","targetHints":{"allow":["GET"]}}],"collection":[{"href":"https:\/\/shop.bestudio.ee\/lv\/wp-json\/wp\/v2\/product"}],"about":[{"href":"https:\/\/shop.bestudio.ee\/lv\/wp-json\/wp\/v2\/types\/product"}],"wp:featuredmedia":[{"embeddable":true,"href":"https:\/\/shop.bestudio.ee\/lv\/wp-json\/wp\/v2\/media\/9854"}],"wp:attachment":[{"href":"https:\/\/shop.bestudio.ee\/lv\/wp-json\/wp\/v2\/media?parent=9853"}],"wp:term":[{"taxonomy":"product_brand","embeddable":true,"href":"https:\/\/shop.bestudio.ee\/lv\/wp-json\/wp\/v2\/product_brand?post=9853"},{"taxonomy":"product_cat","embeddable":true,"href":"https:\/\/shop.bestudio.ee\/lv\/wp-json\/wp\/v2\/product_cat?post=9853"},{"taxonomy":"product_tag","embeddable":true,"href":"https:\/\/shop.bestudio.ee\/lv\/wp-json\/wp\/v2\/product_tag?post=9853"}],"curies":[{"name":"wp","href":"https:\/\/api.w.org\/{rel}","templated":true}]}}