{"id":9877,"date":"2023-09-26T20:11:14","date_gmt":"2023-09-26T17:11:14","guid":{"rendered":"https:\/\/shop.bestudio.ee\/?post_type=product&#038;p=9877"},"modified":"2026-01-19T20:11:39","modified_gmt":"2026-01-19T18:11:39","slug":"nrb01-white-nude-rubber-base-8ml","status":"publish","type":"product","link":"https:\/\/shop.bestudio.ee\/lv\/products\/nrb01-white-nude-rubber-base-8ml\/","title":{"rendered":"NRB01 White \u2013 Nude Rubber Base, 8ml"},"content":{"rendered":"<div>\n<ul>\n<li>Mar\u0137\u0113jums: NRB01<\/li>\n<li>Kr\u0101sa: piena balta<\/li>\n<li>Konsistence: Bieza<\/li>\n<li>Tilpums: 8 ml<\/li>\n<\/ul>\n<div><\/div>\n<\/div>\n<div><\/div>\n<div><\/div>\n<div><\/div>\n<div>LED lampa min. 48\u00a0W \u2013 1 min. UV 36W lampa \u2013 2min.<\/div>","protected":false},"excerpt":{"rendered":"<h2 class=\"h3\">Balta - Nude Gumijas b\u0101ze<\/h2>\n<p>Univers\u0101las un taj\u0101 pa\u0161\u0101 laik\u0101 iek\u0101rojam\u0101k\u0101s kr\u0101sas, kas j\u0101atrod katr\u0101 nagu salon\u0101?<br \/>\nTie ir NUDE to\u0146i!<\/p>\n<div><\/div>\n<div>Fran\u010du manik\u012bra b\u0101ze, smalks stils birojam, traks stils ar kaila naga efektu? To visu varat izdar\u012bt ar m\u016bsu gumijas pamatn\u0113m.<\/div>\n<div><\/div>\n<div>Nude Rubber Base ir gumijas pamat\u0146u kolekcija 8 p\u0101rsteidzo\u0161\u0101s kr\u0101s\u0101s, kas pieska\u0146osies jebkuram \u0101das tonim. Nomainiet b\u0101zes un hibr\u012bda laku ar vienu produktu, kas atbilst lab\u0101ko stilistu cer\u012bb\u0101m.<\/div>\n<div><\/div>\n<div>\u0160is ir oblig\u0101ts produkts j\u016bsu kl\u012bnik\u0101!<\/div>\n<div><\/div>\n<div>Plik\u0101s gumijas pamatnes galven\u0101s priek\u0161roc\u012bbas:<\/div>\n<div><\/div>\n<div>\n<ul>\n<li>Tas pa\u0101trina darbu \u2013 viens produkts aizvieto divus iepriek\u0161 lietotos!<\/li>\n<li>8 kr\u0101sas, kuras var viegli pieska\u0146ot jebkuram \u0101das tonim.<\/li>\n<li>Tas ir elast\u012bgs \u2013 darbojas ar nagu, kas padara to iztur\u012bgu pret \u0161\u0137el\u0161anos vai boj\u0101jumiem.<\/li>\n<li>Pateicoties t\u0101s biezajai konsistencei, tas lieliski izl\u012bdzina nel\u012bdzenas vai boj\u0101tas nagu pl\u0101ksnes.<\/li>\n<li>Perfektas kont\u016bras birst\u012bte nodro\u0161ina vieglu produkta uzkl\u0101\u0161anu pat problem\u0101tisk\u0101s viet\u0101s, piem\u0113ram, zon\u0101 ap nagu k\u0101tu.<\/li>\n<li>P\u0113c saciet\u0113\u0161anas lamp\u0101 tai nav nepiecie\u0161ama v\u012bl\u0113\u0161ana.<\/li>\n<li>Lieliski piem\u0113rots k\u0101 pamats fran\u010du stilam.<\/li>\n<\/ul>\n<\/div>","protected":false},"featured_media":9878,"template":"","meta":[],"product_brand":[],"product_cat":[116,131,219,117,128,231,220],"product_tag":[158,159],"class_list":{"0":"post-9877","1":"product","2":"type-product","3":"status-publish","4":"has-post-thumbnail","6":"product_cat-makear","7":"product_cat-gel-polishes-makear","8":"product_cat-base-and-top-coat","9":"product_cat-base","10":"product_cat-rubber-base-nude","11":"product_cat-rubber-base-coat","12":"product_cat-colourful-base-coat","13":"product_tag-kummist-alus","14":"product_tag-rubber-base","16":"first","17":"instock","18":"taxable","19":"shipping-taxable","20":"purchasable","21":"product-type-simple"},"jetpack_sharing_enabled":true,"_links":{"self":[{"href":"https:\/\/shop.bestudio.ee\/lv\/wp-json\/wp\/v2\/product\/9877","targetHints":{"allow":["GET"]}}],"collection":[{"href":"https:\/\/shop.bestudio.ee\/lv\/wp-json\/wp\/v2\/product"}],"about":[{"href":"https:\/\/shop.bestudio.ee\/lv\/wp-json\/wp\/v2\/types\/product"}],"wp:featuredmedia":[{"embeddable":true,"href":"https:\/\/shop.bestudio.ee\/lv\/wp-json\/wp\/v2\/media\/9878"}],"wp:attachment":[{"href":"https:\/\/shop.bestudio.ee\/lv\/wp-json\/wp\/v2\/media?parent=9877"}],"wp:term":[{"taxonomy":"product_brand","embeddable":true,"href":"https:\/\/shop.bestudio.ee\/lv\/wp-json\/wp\/v2\/product_brand?post=9877"},{"taxonomy":"product_cat","embeddable":true,"href":"https:\/\/shop.bestudio.ee\/lv\/wp-json\/wp\/v2\/product_cat?post=9877"},{"taxonomy":"product_tag","embeddable":true,"href":"https:\/\/shop.bestudio.ee\/lv\/wp-json\/wp\/v2\/product_tag?post=9877"}],"curies":[{"name":"wp","href":"https:\/\/api.w.org\/{rel}","templated":true}]}}