{"id":9883,"date":"2023-09-26T20:24:40","date_gmt":"2023-09-26T17:24:40","guid":{"rendered":"https:\/\/shop.bestudio.ee\/?post_type=product&#038;p=9883"},"modified":"2025-12-01T00:28:34","modified_gmt":"2025-11-30T22:28:34","slug":"builder-base-pink-8ml","status":"publish","type":"product","link":"https:\/\/shop.bestudio.ee\/lv\/products\/builder-base-pink-8ml\/","title":{"rendered":"Builder Base Pink, 8ml"},"content":{"rendered":"<p><strong>K\u0101 izmantot: <\/strong>rekomend\u0113jam lietot uz iepriek\u0161 r\u016bd\u012btas klasisk\u0101s b\u0101zes \u201cBase\u201d. M\u0113s ciet\u0113jam vismaz 60 sekundes led\/dubult\u0101 lamp\u0101. Pirms kr\u0101sas uzkl\u0101\u0161anas to nav nepiecie\u0161ams noslauc\u012bt.<\/p>\n<ul>\n<li>Tilpums: 8 ml,<\/li>\n<li>Mar\u0137\u0113jums: BB roz\u0101.<\/li>\n<\/ul>\n<p>LED lampa min. 48\u00a0W \u2013 1 min. 36W UV lampa \u2013 2min.<\/p>\n<p>&nbsp;<\/p>\n<p>SAST\u0100VDA\u013bAS: AKRIL\u0100TU KOPOLIMERS, HEMA, IZOBORNILA METARIL\u0100TS, HIDROKSIKLOHEKSILA FENILKETONS, TRIMETILBENZOILA DIFENILFOSF\u012aNA OKS\u012aDS, +\/-: CI 45410, CI 45410, CI 15410, CI 1581,774,74CI0 510, CI\u00a077499, CI\u00a077891, CI\u00a077288.<\/p>","protected":false},"excerpt":{"rendered":"<p><strong>Builder Base Roz\u0101 <\/strong><\/p>\n<p>T\u0101 ir \u013coti iztur\u012bga b\u0101ze ar maigu roz\u0101 nokr\u0101su. \u0160\u012b produkta ide\u0101l\u0101 konsistence \u013caus viegli izveidot perfektu nagu izliekumu.<\/p>\n<ul>\n<li>Kr\u0101sa: da\u013c\u0113ji caursp\u012bd\u012bga, silti roz\u0101,<\/li>\n<li>P\u0101rkl\u0101jums: 40%,<\/li>\n<li>Ar \u0161o produktu j\u016bs varat viegli pabeigt \u017eelejas atjauno\u0161anos,<\/li>\n<li>\u012apa\u0161\u012bbas: cieta, \u0113kas pamatne,<\/li>\n<li>Lieliski piem\u0113rots dabisk\u0101s nagu pl\u0101ksnes saciet\u0113\u0161anai un loka veido\u0161anai, kas aizsarg\u0101 pret meh\u0101niskiem boj\u0101jumiem,<\/li>\n<li>Konsistence: vid\u0113ji bieza \/ pa\u0161izl\u012bdzino\u0161a.<\/li>\n<\/ul>","protected":false},"featured_media":9884,"template":"","meta":[],"product_brand":[],"product_cat":[116,219,117,130,232,220],"product_tag":[157,156],"class_list":{"0":"post-9883","1":"product","2":"type-product","3":"status-publish","4":"has-post-thumbnail","6":"product_cat-makear","7":"product_cat-base-and-top-coat","8":"product_cat-base","9":"product_cat-builder-base-nude","10":"product_cat-builder-base-coat","11":"product_cat-colourful-base-coat","12":"product_tag-bulder-base","13":"product_tag-ehitusbaas","15":"first","16":"instock","17":"taxable","18":"shipping-taxable","19":"purchasable","20":"product-type-simple"},"jetpack_sharing_enabled":true,"_links":{"self":[{"href":"https:\/\/shop.bestudio.ee\/lv\/wp-json\/wp\/v2\/product\/9883","targetHints":{"allow":["GET"]}}],"collection":[{"href":"https:\/\/shop.bestudio.ee\/lv\/wp-json\/wp\/v2\/product"}],"about":[{"href":"https:\/\/shop.bestudio.ee\/lv\/wp-json\/wp\/v2\/types\/product"}],"wp:featuredmedia":[{"embeddable":true,"href":"https:\/\/shop.bestudio.ee\/lv\/wp-json\/wp\/v2\/media\/9884"}],"wp:attachment":[{"href":"https:\/\/shop.bestudio.ee\/lv\/wp-json\/wp\/v2\/media?parent=9883"}],"wp:term":[{"taxonomy":"product_brand","embeddable":true,"href":"https:\/\/shop.bestudio.ee\/lv\/wp-json\/wp\/v2\/product_brand?post=9883"},{"taxonomy":"product_cat","embeddable":true,"href":"https:\/\/shop.bestudio.ee\/lv\/wp-json\/wp\/v2\/product_cat?post=9883"},{"taxonomy":"product_tag","embeddable":true,"href":"https:\/\/shop.bestudio.ee\/lv\/wp-json\/wp\/v2\/product_tag?post=9883"}],"curies":[{"name":"wp","href":"https:\/\/api.w.org\/{rel}","templated":true}]}}