{"id":9903,"date":"2023-09-26T17:57:37","date_gmt":"2023-09-26T17:57:37","guid":{"rendered":"https:\/\/shop.bestudio.ee\/?post_type=product&#038;p=9903"},"modified":"2025-12-01T00:29:09","modified_gmt":"2025-11-30T22:29:09","slug":"c23-cat-eye-23-8ml","status":"publish","type":"product","link":"https:\/\/shop.bestudio.ee\/lv\/products\/c23-cat-eye-23-8ml\/","title":{"rendered":"G\u0113la laka C23 Cat Eye 23, 8ml"},"content":{"rendered":"<p><strong>PIEZ\u012aME:<\/strong>\u00a0pirms uzkl\u0101\u0161anas labi sakratiet pudeli (da\u013ci\u0146as nos\u0113\u017eas apak\u0161\u0101),<\/p>\n<ul>\n<li>Tilpums: 8 ml,<\/li>\n<li>Mar\u0137\u0113jums: C20-C26.<\/li>\n<\/ul>\n<p>LED lampa min. 48\u00a0W \u2013 1 min. 36W UV lampa \u2013 2min.<\/p>\n<p>&nbsp;<\/p>\n<p>SAST\u0100VDA\u013bAS: AKRIL\u0100TU KOPOLIMERS, HEMA, TRIMETILBENZOILDIFENILFOSF\u012aNA OKS\u012aDS, HIDROKSIKLOHEKSILA FENILKETONS, Sil\u012bcija dioks\u012bds, MICA, +\/-: CI 45410, CI 15810, CI 15810, 40,71, 71, 71 CI CI\u00a077499, CI\u00a077891, CI\u00a077288.<\/p>","protected":false},"excerpt":{"rendered":"<p><strong>Ka\u0137a acs 23<\/strong><\/p>\n<p><strong>Makear \u2122 UV \/ LED hibr\u012bda laka<\/strong><\/p>\n<p><strong>Ka\u0137u acu s\u0113rija<\/strong><\/p>\n<p>Visvair\u0101k p\u0101rdoto laku kolekcija ar ka\u0137a acs efektu. Magn\u0113tisk\u0101s lakas septi\u0146\u0101s skaist\u0101s kr\u0101s\u0101s iepriecin\u0101s j\u016bs jau no pirm\u0101s lieto\u0161anas reizes.<\/p>\n<ul>\n<li>Paredz\u0113ts profesion\u0101lai lieto\u0161anai,<\/li>\n<li>Augsts sp\u012bdums,<\/li>\n<li>Gela notur\u012bba \u2013 vair\u0101ku ned\u0113\u013cu efekts,<\/li>\n<li>3\u00a0produkts bez formaldeh\u012bda, toluola un DBP,<\/li>\n<li>Perfektas kont\u016bras ota,<\/li>\n<li>Re\u0101l\u0101 kr\u0101sa uz v\u0101ci\u0146a un grezn\u0101 pudele padara produktu unik\u0101lu,<\/li>\n<li>Laka ir iepakota kartona kast\u0113, kas nodro\u0161ina dro\u0161\u012bbu transport\u0113\u0161anas laik\u0101, un taj\u0101 pa\u0161\u0101 laik\u0101 ir piln\u012bb\u0101 biolo\u0123iski no\u0101rd\u0101ma*,<\/li>\n<li>Magn\u0113tisk\u0101 hibr\u012bda laka ar ka\u0137a acs efektu,<\/li>\n<li>Efekts tiek ieg\u016bts ar \u012bpa\u0161u magn\u0113tu.<\/li>\n<\/ul>","protected":false},"featured_media":9904,"template":"","meta":[],"product_brand":[],"product_cat":[116,131,141,218,242],"product_tag":[154,152,153,155],"class_list":{"0":"post-9903","1":"product","2":"type-product","3":"status-publish","4":"has-post-thumbnail","6":"product_cat-makear","7":"product_cat-gel-polishes-makear","8":"product_cat-cat-eye-series","9":"product_cat-nail-gel-polishes","10":"product_cat-cat-eye-collection","11":"product_tag-cat-eye","12":"product_tag-geellakk","13":"product_tag-gel-polish","14":"product_tag-kassi-silm","16":"first","17":"instock","18":"taxable","19":"shipping-taxable","20":"purchasable","21":"product-type-simple"},"jetpack_sharing_enabled":true,"_links":{"self":[{"href":"https:\/\/shop.bestudio.ee\/lv\/wp-json\/wp\/v2\/product\/9903","targetHints":{"allow":["GET"]}}],"collection":[{"href":"https:\/\/shop.bestudio.ee\/lv\/wp-json\/wp\/v2\/product"}],"about":[{"href":"https:\/\/shop.bestudio.ee\/lv\/wp-json\/wp\/v2\/types\/product"}],"wp:featuredmedia":[{"embeddable":true,"href":"https:\/\/shop.bestudio.ee\/lv\/wp-json\/wp\/v2\/media\/9904"}],"wp:attachment":[{"href":"https:\/\/shop.bestudio.ee\/lv\/wp-json\/wp\/v2\/media?parent=9903"}],"wp:term":[{"taxonomy":"product_brand","embeddable":true,"href":"https:\/\/shop.bestudio.ee\/lv\/wp-json\/wp\/v2\/product_brand?post=9903"},{"taxonomy":"product_cat","embeddable":true,"href":"https:\/\/shop.bestudio.ee\/lv\/wp-json\/wp\/v2\/product_cat?post=9903"},{"taxonomy":"product_tag","embeddable":true,"href":"https:\/\/shop.bestudio.ee\/lv\/wp-json\/wp\/v2\/product_tag?post=9903"}],"curies":[{"name":"wp","href":"https:\/\/api.w.org\/{rel}","templated":true}]}}